{"id":1434,"date":"2020-10-25T22:04:45","date_gmt":"2020-10-25T21:04:45","guid":{"rendered":"https:\/\/marieaufinger543685671.wpcomstaging.com\/?page_id=1434"},"modified":"2025-10-07T08:54:17","modified_gmt":"2025-10-07T06:54:17","slug":"radio-igel","status":"publish","type":"page","link":"https:\/\/www.szdf.at\/msdf\/radio-igel\/","title":{"rendered":"MEDIENWERKSTATT"},"content":{"rendered":"\t\t<div data-elementor-type=\"wp-page\" data-elementor-id=\"1434\" class=\"elementor elementor-1434\" data-elementor-post-type=\"page\">\n\t\t\t\t\t\t<section class=\"elementor-section elementor-top-section elementor-element elementor-element-8802f10 elementor-section-height-full elementor-section-boxed elementor-section-height-default elementor-section-items-middle\" data-id=\"8802f10\" data-element_type=\"section\" data-e-type=\"section\" data-settings=\"{&quot;background_background&quot;:&quot;slideshow&quot;,&quot;background_slideshow_gallery&quot;:[{&quot;id&quot;:1409,&quot;url&quot;:&quot;https:\\\/\\\/www.szdf.at\\\/msdf\\\/wp-content\\\/uploads\\\/2020\\\/10\\\/Radioigel_TalentDays2020.jpg&quot;}],&quot;background_slideshow_loop&quot;:&quot;yes&quot;,&quot;background_slideshow_slide_duration&quot;:5000,&quot;background_slideshow_slide_transition&quot;:&quot;fade&quot;,&quot;background_slideshow_transition_duration&quot;:500}\">\n\t\t\t\t\t\t\t<div class=\"elementor-background-overlay\"><\/div>\n\t\t\t\t\t\t\t<div class=\"elementor-container elementor-column-gap-default\">\n\t\t\t\t\t<div class=\"elementor-column elementor-col-100 elementor-top-column elementor-element elementor-element-cb0f5d1\" data-id=\"cb0f5d1\" data-element_type=\"column\" data-e-type=\"column\">\n\t\t\t<div class=\"elementor-widget-wrap elementor-element-populated\">\n\t\t\t\t\t\t<div class=\"elementor-element elementor-element-c782455 elementor-widget elementor-widget-heading\" data-id=\"c782455\" data-element_type=\"widget\" data-e-type=\"widget\" data-widget_type=\"heading.default\">\n\t\t\t\t<div class=\"elementor-widget-container\">\n\t\t\t\t\t<h1 class=\"elementor-heading-title elementor-size-default\">Medienwerkstatt<\/h1>\t\t\t\t<\/div>\n\t\t\t\t<\/div>\n\t\t\t\t<div class=\"elementor-element elementor-element-8f32d1c elementor-widget-divider--view-line elementor-widget elementor-widget-divider\" data-id=\"8f32d1c\" data-element_type=\"widget\" data-e-type=\"widget\" data-widget_type=\"divider.default\">\n\t\t\t\t<div class=\"elementor-widget-container\">\n\t\t\t\t\t\t\t<div class=\"elementor-divider\">\n\t\t\t<span class=\"elementor-divider-separator\">\n\t\t\t\t\t\t<\/span>\n\t\t<\/div>\n\t\t\t\t\t\t<\/div>\n\t\t\t\t<\/div>\n\t\t\t\t<div class=\"elementor-element elementor-element-3dbed72 elementor-view-default elementor-widget elementor-widget-icon\" data-id=\"3dbed72\" data-element_type=\"widget\" data-e-type=\"widget\" data-widget_type=\"icon.default\">\n\t\t\t\t<div class=\"elementor-widget-container\">\n\t\t\t\t\t\t\t<div class=\"elementor-icon-wrapper\">\n\t\t\t<a class=\"elementor-icon elementor-animation-sink\" href=\"#Start\">\n\t\t\t<i aria-hidden=\"true\" class=\"far fa-arrow-alt-circle-down\"><\/i>\t\t\t<\/a>\n\t\t<\/div>\n\t\t\t\t\t\t<\/div>\n\t\t\t\t<\/div>\n\t\t\t\t\t<\/div>\n\t\t<\/div>\n\t\t\t\t\t<\/div>\n\t\t<\/section>\n\t\t\t\t<section class=\"elementor-section elementor-top-section elementor-element elementor-element-d4c0608 elementor-section-boxed elementor-section-height-default elementor-section-height-default\" data-id=\"d4c0608\" data-element_type=\"section\" data-e-type=\"section\" data-settings=\"{&quot;background_background&quot;:&quot;classic&quot;}\">\n\t\t\t\t\t\t<div class=\"elementor-container elementor-column-gap-default\">\n\t\t\t\t\t<div class=\"elementor-column elementor-col-100 elementor-top-column elementor-element elementor-element-ff98e83\" data-id=\"ff98e83\" data-element_type=\"column\" data-e-type=\"column\">\n\t\t\t<div class=\"elementor-widget-wrap elementor-element-populated\">\n\t\t\t\t\t\t<div class=\"elementor-element elementor-element-e38236b elementor-widget elementor-widget-heading\" data-id=\"e38236b\" data-element_type=\"widget\" data-e-type=\"widget\" data-widget_type=\"heading.default\">\n\t\t\t\t<div class=\"elementor-widget-container\">\n\t\t\t\t\t<h2 class=\"elementor-heading-title elementor-size-default\">Die Medienwerkstatt als Lernform<\/h2>\t\t\t\t<\/div>\n\t\t\t\t<\/div>\n\t\t\t\t<div class=\"elementor-element elementor-element-fdf8e57 elementor-widget-divider--view-line elementor-widget elementor-widget-divider\" data-id=\"fdf8e57\" data-element_type=\"widget\" data-e-type=\"widget\" data-widget_type=\"divider.default\">\n\t\t\t\t<div class=\"elementor-widget-container\">\n\t\t\t\t\t\t\t<div class=\"elementor-divider\">\n\t\t\t<span class=\"elementor-divider-separator\">\n\t\t\t\t\t\t<\/span>\n\t\t<\/div>\n\t\t\t\t\t\t<\/div>\n\t\t\t\t<\/div>\n\t\t\t\t<div class=\"elementor-element elementor-element-bc30284 elementor-widget elementor-widget-menu-anchor\" data-id=\"bc30284\" data-element_type=\"widget\" data-e-type=\"widget\" data-widget_type=\"menu-anchor.default\">\n\t\t\t\t<div class=\"elementor-widget-container\">\n\t\t\t\t\t\t\t<div class=\"elementor-menu-anchor\" id=\"Start\"><\/div>\n\t\t\t\t\t\t<\/div>\n\t\t\t\t<\/div>\n\t\t\t\t<div class=\"elementor-element elementor-element-0c2a8d5 elementor-widget elementor-widget-text-editor\" data-id=\"0c2a8d5\" data-element_type=\"widget\" data-e-type=\"widget\" data-widget_type=\"text-editor.default\">\n\t\t\t\t<div class=\"elementor-widget-container\">\n\t\t\t\t\t\t\t\t\t<p style=\"text-align: justify;\">In der <strong>Medienwerkstatt<\/strong> verbindest du Kreativit\u00e4t mit Technik und erh\u00e4ltst einen Einblick in Fotografie, Videografie und Grafikdesign. Du lernst die Grundlagen von Kameratechnik, Belichtung und Tonaufnahme kennen und entwickelst gleichzeitig kreative F\u00e4higkeiten, um visuelle Geschichten zu gestalten. Erg\u00e4nzend erh\u00e4ltst du ein Verst\u00e4ndnis f\u00fcr Grafikdesign-Prinzipien sowie die M\u00f6glichkeit, deine Pr\u00e4sentationsf\u00e4higkeit zu verbessern. In praxisnahen Projekten erlenst du, wie du ein eigenes Portfolio aufbaust, das dir bei Bewerbungen oder f\u00fcr weiterf\u00fchrende Schulen von Vorteil ist. Dar\u00fcber hinaus st\u00e4rkst du wichtige Soft Skills wie Teamarbeit, Kommunikation und Projektmanagement.<\/p>\t\t\t\t\t\t\t\t<\/div>\n\t\t\t\t<\/div>\n\t\t\t\t<div class=\"elementor-element elementor-element-ecc7413 elementor-widget elementor-widget-spacer\" data-id=\"ecc7413\" data-element_type=\"widget\" data-e-type=\"widget\" data-widget_type=\"spacer.default\">\n\t\t\t\t<div class=\"elementor-widget-container\">\n\t\t\t\t\t\t\t<div class=\"elementor-spacer\">\n\t\t\t<div class=\"elementor-spacer-inner\"><\/div>\n\t\t<\/div>\n\t\t\t\t\t\t<\/div>\n\t\t\t\t<\/div>\n\t\t\t\t<div class=\"elementor-element elementor-element-3cf95cd elementor-widget-divider--view-line elementor-widget elementor-widget-divider\" data-id=\"3cf95cd\" data-element_type=\"widget\" data-e-type=\"widget\" data-widget_type=\"divider.default\">\n\t\t\t\t<div class=\"elementor-widget-container\">\n\t\t\t\t\t\t\t<div class=\"elementor-divider\">\n\t\t\t<span class=\"elementor-divider-separator\">\n\t\t\t\t\t\t<\/span>\n\t\t<\/div>\n\t\t\t\t\t\t<\/div>\n\t\t\t\t<\/div>\n\t\t\t\t<div class=\"elementor-element elementor-element-96cb653 elementor-widget elementor-widget-heading\" data-id=\"96cb653\" data-element_type=\"widget\" data-e-type=\"widget\" data-widget_type=\"heading.default\">\n\t\t\t\t<div class=\"elementor-widget-container\">\n\t\t\t\t\t<h2 class=\"elementor-heading-title elementor-size-default\">Beitr\u00e4ge - Radio Igel<\/h2>\t\t\t\t<\/div>\n\t\t\t\t<\/div>\n\t\t\t\t<div class=\"elementor-element elementor-element-78d5642 elementor-widget elementor-widget-text-editor\" data-id=\"78d5642\" data-element_type=\"widget\" data-e-type=\"widget\" data-widget_type=\"text-editor.default\">\n\t\t\t\t<div class=\"elementor-widget-container\">\n\t\t\t\t\t\t\t\t\t<p style=\"text-align: center;\">Bevor wir die Medienwerkstatt er\u00f6ffneten war unser Radio Igel im Fokus.<\/p>\t\t\t\t\t\t\t\t<\/div>\n\t\t\t\t<\/div>\n\t\t\t\t<div class=\"elementor-element elementor-element-0cd781c elementor-widget-divider--view-line elementor-widget elementor-widget-divider\" data-id=\"0cd781c\" data-element_type=\"widget\" data-e-type=\"widget\" data-widget_type=\"divider.default\">\n\t\t\t\t<div class=\"elementor-widget-container\">\n\t\t\t\t\t\t\t<div class=\"elementor-divider\">\n\t\t\t<span class=\"elementor-divider-separator\">\n\t\t\t\t\t\t<\/span>\n\t\t<\/div>\n\t\t\t\t\t\t<\/div>\n\t\t\t\t<\/div>\n\t\t\t\t<div class=\"elementor-element elementor-element-a6c27e7 elementor-widget elementor-widget-spacer\" data-id=\"a6c27e7\" data-element_type=\"widget\" data-e-type=\"widget\" data-widget_type=\"spacer.default\">\n\t\t\t\t<div class=\"elementor-widget-container\">\n\t\t\t\t\t\t\t<div class=\"elementor-spacer\">\n\t\t\t<div class=\"elementor-spacer-inner\"><\/div>\n\t\t<\/div>\n\t\t\t\t\t\t<\/div>\n\t\t\t\t<\/div>\n\t\t\t\t<div class=\"elementor-element elementor-element-5dc7da6 elementor-widget__width-inherit elementor-widget elementor-widget-image\" data-id=\"5dc7da6\" data-element_type=\"widget\" data-e-type=\"widget\" data-settings=\"{&quot;_animation&quot;:&quot;none&quot;}\" data-widget_type=\"image.default\">\n\t\t\t\t<div class=\"elementor-widget-container\">\n\t\t\t\t\t\t\t\t\t\t\t\t\t\t\t<img fetchpriority=\"high\" decoding=\"async\" width=\"768\" height=\"576\" src=\"https:\/\/www.szdf.at\/msdf\/wp-content\/uploads\/2021\/10\/Radio-Igel-TalentDays-768x576.jpg\" class=\"attachment-medium_large size-medium_large wp-image-2265\" alt=\"\" srcset=\"https:\/\/www.szdf.at\/msdf\/wp-content\/uploads\/2021\/10\/Radio-Igel-TalentDays-768x576.jpg 768w, https:\/\/www.szdf.at\/msdf\/wp-content\/uploads\/2021\/10\/Radio-Igel-TalentDays-300x225.jpg 300w, https:\/\/www.szdf.at\/msdf\/wp-content\/uploads\/2021\/10\/Radio-Igel-TalentDays-1024x768.jpg 1024w, https:\/\/www.szdf.at\/msdf\/wp-content\/uploads\/2021\/10\/Radio-Igel-TalentDays-24x18.jpg 24w, https:\/\/www.szdf.at\/msdf\/wp-content\/uploads\/2021\/10\/Radio-Igel-TalentDays-36x27.jpg 36w, https:\/\/www.szdf.at\/msdf\/wp-content\/uploads\/2021\/10\/Radio-Igel-TalentDays-48x36.jpg 48w, https:\/\/www.szdf.at\/msdf\/wp-content\/uploads\/2021\/10\/Radio-Igel-TalentDays.jpg 1500w\" sizes=\"(max-width: 768px) 100vw, 768px\" \/>\t\t\t\t\t\t\t\t\t\t\t\t\t\t\t<\/div>\n\t\t\t\t<\/div>\n\t\t\t\t<div class=\"elementor-element elementor-element-c1cb072 elementor-widget elementor-widget-text-editor\" data-id=\"c1cb072\" data-element_type=\"widget\" data-e-type=\"widget\" data-widget_type=\"text-editor.default\">\n\t\t\t\t<div class=\"elementor-widget-container\">\n\t\t\t\t\t\t\t\t\t<p>Jeder Mensch hat Talente \u2013 Talent Days 2021<\/p>\t\t\t\t\t\t\t\t<\/div>\n\t\t\t\t<\/div>\n\t\t\t\t<div class=\"elementor-element elementor-element-e1ca3e1 elementor-widget elementor-widget-text-editor\" data-id=\"e1ca3e1\" data-element_type=\"widget\" data-e-type=\"widget\" data-widget_type=\"text-editor.default\">\n\t\t\t\t<div class=\"elementor-widget-container\">\n\t\t\t\t\t\t\t\t\t<p><strong>Talent Days 2021 \u2013 Begabungen und Talente f\u00f6rdern!<\/strong><\/p><p>Schule kann auch anders sein! Fern ab von Schulb\u00fcchern, Schularbeiten und Rotstiften fanden in der Sportmittelschule Deutschfeistritz nun zum zweiten Mal die Talent Days statt. In diesen drei Tagen wurde der Stundenplan komplett aufgel\u00f6st und die die Sch\u00fcler:innen konnten sich innerhalb ihrer gew\u00e4hlten Schwerpunkte: Sport \u2013 Kunst \u2013 Sprache in unterschiedliche Workshops einschreiben und ihren Begabungen in Kleingruppen nachgehen. Die \u00dcberlegung hinter diesen Projekttagen ist folgende: Lernen findet nicht nur im Klassenzimmer, getaktet nach Stundenplan statt. Oft braucht es mehr: Jedes Kind hat sein individuelles Lerntempo und ebenso individuelle Talente und Interessen. Dem Raum zu geben, er\u00f6ffnet oft neue Perspektiven, wie man bei uns die letzten Tage beobachten konnte.<\/p>\t\t\t\t\t\t\t\t<\/div>\n\t\t\t\t<\/div>\n\t\t\t\t<div class=\"elementor-element elementor-element-472a640 elementor-widget elementor-widget-spacer\" data-id=\"472a640\" data-element_type=\"widget\" data-e-type=\"widget\" data-widget_type=\"spacer.default\">\n\t\t\t\t<div class=\"elementor-widget-container\">\n\t\t\t\t\t\t\t<div class=\"elementor-spacer\">\n\t\t\t<div class=\"elementor-spacer-inner\"><\/div>\n\t\t<\/div>\n\t\t\t\t\t\t<\/div>\n\t\t\t\t<\/div>\n\t\t\t\t<div class=\"elementor-element elementor-element-04bd087 elementor-align-center elementor-widget elementor-widget-button\" data-id=\"04bd087\" data-element_type=\"widget\" data-e-type=\"widget\" data-widget_type=\"button.default\">\n\t\t\t\t<div class=\"elementor-widget-container\">\n\t\t\t\t\t\t\t\t\t<div class=\"elementor-button-wrapper\">\n\t\t\t\t\t<a class=\"elementor-button elementor-button-link elementor-size-lg elementor-animation-bob\" href=\"https:\/\/radioigel.at\/talente\/\">\n\t\t\t\t\t\t<span class=\"elementor-button-content-wrapper\">\n\t\t\t\t\t\t\t\t\t<span class=\"elementor-button-text\">Beitrag anh\u00f6ren<\/span>\n\t\t\t\t\t<\/span>\n\t\t\t\t\t<\/a>\n\t\t\t\t<\/div>\n\t\t\t\t\t\t\t\t<\/div>\n\t\t\t\t<\/div>\n\t\t\t\t<div class=\"elementor-element elementor-element-f22d49f elementor-widget elementor-widget-spacer\" data-id=\"f22d49f\" data-element_type=\"widget\" data-e-type=\"widget\" data-widget_type=\"spacer.default\">\n\t\t\t\t<div class=\"elementor-widget-container\">\n\t\t\t\t\t\t\t<div class=\"elementor-spacer\">\n\t\t\t<div class=\"elementor-spacer-inner\"><\/div>\n\t\t<\/div>\n\t\t\t\t\t\t<\/div>\n\t\t\t\t<\/div>\n\t\t\t\t<div class=\"elementor-element elementor-element-73ae7eb elementor-widget__width-inherit elementor-widget elementor-widget-image\" data-id=\"73ae7eb\" data-element_type=\"widget\" data-e-type=\"widget\" data-settings=\"{&quot;_animation&quot;:&quot;none&quot;}\" data-widget_type=\"image.default\">\n\t\t\t\t<div class=\"elementor-widget-container\">\n\t\t\t\t\t\t\t\t\t\t\t\t\t\t\t<img decoding=\"async\" width=\"768\" height=\"576\" src=\"https:\/\/www.szdf.at\/msdf\/wp-content\/uploads\/2020\/10\/Radioigel_TalentDays2020-768x576.jpg\" class=\"attachment-medium_large size-medium_large wp-image-1409\" alt=\"\" srcset=\"https:\/\/www.szdf.at\/msdf\/wp-content\/uploads\/2020\/10\/Radioigel_TalentDays2020-768x576.jpg 768w, https:\/\/www.szdf.at\/msdf\/wp-content\/uploads\/2020\/10\/Radioigel_TalentDays2020-300x225.jpg 300w, https:\/\/www.szdf.at\/msdf\/wp-content\/uploads\/2020\/10\/Radioigel_TalentDays2020-1024x768.jpg 1024w, https:\/\/www.szdf.at\/msdf\/wp-content\/uploads\/2020\/10\/Radioigel_TalentDays2020-24x18.jpg 24w, https:\/\/www.szdf.at\/msdf\/wp-content\/uploads\/2020\/10\/Radioigel_TalentDays2020-36x27.jpg 36w, https:\/\/www.szdf.at\/msdf\/wp-content\/uploads\/2020\/10\/Radioigel_TalentDays2020-48x36.jpg 48w, https:\/\/www.szdf.at\/msdf\/wp-content\/uploads\/2020\/10\/Radioigel_TalentDays2020.jpg 1280w\" sizes=\"(max-width: 768px) 100vw, 768px\" \/>\t\t\t\t\t\t\t\t\t\t\t\t\t\t\t<\/div>\n\t\t\t\t<\/div>\n\t\t\t\t<div class=\"elementor-element elementor-element-fe59b3a elementor-widget elementor-widget-text-editor\" data-id=\"fe59b3a\" data-element_type=\"widget\" data-e-type=\"widget\" data-widget_type=\"text-editor.default\">\n\t\t\t\t<div class=\"elementor-widget-container\">\n\t\t\t\t\t\t\t\t\t<p>Talent Days 2020<\/p>\t\t\t\t\t\t\t\t<\/div>\n\t\t\t\t<\/div>\n\t\t\t\t<div class=\"elementor-element elementor-element-8fb0200 elementor-widget elementor-widget-text-editor\" data-id=\"8fb0200\" data-element_type=\"widget\" data-e-type=\"widget\" data-widget_type=\"text-editor.default\">\n\t\t\t\t<div class=\"elementor-widget-container\">\n\t\t\t\t\t\t\t\t\t<p>Die Sch\u00fclerInnen der <b>ersten und zweiten Klassen<\/b> konnten in zwei Workshops ihren Begabungen nachgehen. Der Stundenplan wurde aufgel\u00f6st und entsprechend den Schwerpunkten konnten mehrere Workshops gew\u00e4hlt werden. <b><br>Amelie aus der ersten Klasse f\u00fchrt durch die Schule.<\/b><br>In den&nbsp;<b>Sprachklassen<\/b> wurde \u00fcber \u201e<i>English Breakfast<\/i>\u201c gesprochen und dieses auch verkostet. Italienisch war nat\u00fcrlich auch ein Highlight! <i>Parlavamo anche italiano<\/i>!<br>In den&nbsp;<b>Sportklassen<\/b> wurde unter anderem das neue Schwimmbad besucht, Volleyball gespielt und vieles mehr an Bewegung ausprobiert.<br>Di<b>e&nbsp;Kunstklassen<\/b>&nbsp;haben sich im Kleistern und Collagieren von V\u00f6geln, im Filzen von bunten Herbstbl\u00e4ttern, im Herstellen von tollen Fimofiguren und Schmuckperlen wie auch im Musizieren ge\u00fcbt.\n<\/p>\t\t\t\t\t\t\t\t<\/div>\n\t\t\t\t<\/div>\n\t\t\t\t<div class=\"elementor-element elementor-element-3edb2b8 elementor-widget elementor-widget-spacer\" data-id=\"3edb2b8\" data-element_type=\"widget\" data-e-type=\"widget\" data-widget_type=\"spacer.default\">\n\t\t\t\t<div class=\"elementor-widget-container\">\n\t\t\t\t\t\t\t<div class=\"elementor-spacer\">\n\t\t\t<div class=\"elementor-spacer-inner\"><\/div>\n\t\t<\/div>\n\t\t\t\t\t\t<\/div>\n\t\t\t\t<\/div>\n\t\t\t\t<div class=\"elementor-element elementor-element-6830be5 elementor-align-center elementor-widget elementor-widget-button\" data-id=\"6830be5\" data-element_type=\"widget\" data-e-type=\"widget\" data-widget_type=\"button.default\">\n\t\t\t\t<div class=\"elementor-widget-container\">\n\t\t\t\t\t\t\t\t\t<div class=\"elementor-button-wrapper\">\n\t\t\t\t\t<a class=\"elementor-button elementor-button-link elementor-size-lg elementor-animation-bob\" href=\"https:\/\/radioigel.at\/talent-days-2020\/\">\n\t\t\t\t\t\t<span class=\"elementor-button-content-wrapper\">\n\t\t\t\t\t\t\t\t\t<span class=\"elementor-button-text\">Beitrag anh\u00f6ren<\/span>\n\t\t\t\t\t<\/span>\n\t\t\t\t\t<\/a>\n\t\t\t\t<\/div>\n\t\t\t\t\t\t\t\t<\/div>\n\t\t\t\t<\/div>\n\t\t\t\t<div class=\"elementor-element elementor-element-75e3c4a elementor-widget elementor-widget-spacer\" data-id=\"75e3c4a\" data-element_type=\"widget\" data-e-type=\"widget\" data-widget_type=\"spacer.default\">\n\t\t\t\t<div class=\"elementor-widget-container\">\n\t\t\t\t\t\t\t<div class=\"elementor-spacer\">\n\t\t\t<div class=\"elementor-spacer-inner\"><\/div>\n\t\t<\/div>\n\t\t\t\t\t\t<\/div>\n\t\t\t\t<\/div>\n\t\t\t\t\t<\/div>\n\t\t<\/div>\n\t\t\t\t\t<\/div>\n\t\t<\/section>\n\t\t\t\t<\/div>\n\t\t","protected":false},"excerpt":{"rendered":"<p>Medienwerkstatt Die Medienwerkstatt als Lernform In der Medienwerkstatt verbindest du Kreativit\u00e4t mit Technik und erh\u00e4ltst einen Einblick in Fotografie, Videografie und Grafikdesign. Du lernst die Grundlagen von Kameratechnik, Belichtung und Tonaufnahme kennen und entwickelst gleichzeitig kreative F\u00e4higkeiten, um visuelle Geschichten zu gestalten. Erg\u00e4nzend erh\u00e4ltst du ein Verst\u00e4ndnis f\u00fcr Grafikdesign-Prinzipien sowie die M\u00f6glichkeit, deine Pr\u00e4sentationsf\u00e4higkeit zu [&hellip;]<\/p>\n","protected":false},"author":158725272,"featured_media":0,"parent":0,"menu_order":0,"comment_status":"closed","ping_status":"closed","template":"","meta":{"site-sidebar-layout":"no-sidebar","site-content-layout":"page-builder","ast-site-content-layout":"full-width-container","site-content-style":"unboxed","site-sidebar-style":"unboxed","ast-global-header-display":"","ast-banner-title-visibility":"","ast-main-header-display":"","ast-hfb-above-header-display":"","ast-hfb-below-header-display":"","ast-hfb-mobile-header-display":"","site-post-title":"disabled","ast-breadcrumbs-content":"","ast-featured-img":"disabled","footer-sml-layout":"","ast-disable-related-posts":"","theme-transparent-header-meta":"default","adv-header-id-meta":"","stick-header-meta":"","header-above-stick-meta":"","header-main-stick-meta":"","header-below-stick-meta":"","astra-migrate-meta-layouts":"set","ast-page-background-enabled":"default","ast-page-background-meta":{"desktop":{"background-color":"","background-image":"","background-repeat":"repeat","background-position":"center center","background-size":"auto","background-attachment":"scroll","background-type":"","background-media":"","overlay-type":"","overlay-color":"","overlay-opacity":"","overlay-gradient":""},"tablet":{"background-color":"","background-image":"","background-repeat":"repeat","background-position":"center center","background-size":"auto","background-attachment":"scroll","background-type":"","background-media":"","overlay-type":"","overlay-color":"","overlay-opacity":"","overlay-gradient":""},"mobile":{"background-color":"","background-image":"","background-repeat":"repeat","background-position":"center center","background-size":"auto","background-attachment":"scroll","background-type":"","background-media":"","overlay-type":"","overlay-color":"","overlay-opacity":"","overlay-gradient":""}},"ast-content-background-meta":{"desktop":{"background-color":"var(--ast-global-color-5)","background-image":"","background-repeat":"repeat","background-position":"center center","background-size":"auto","background-attachment":"scroll","background-type":"","background-media":"","overlay-type":"","overlay-color":"","overlay-opacity":"","overlay-gradient":""},"tablet":{"background-color":"var(--ast-global-color-5)","background-image":"","background-repeat":"repeat","background-position":"center center","background-size":"auto","background-attachment":"scroll","background-type":"","background-media":"","overlay-type":"","overlay-color":"","overlay-opacity":"","overlay-gradient":""},"mobile":{"background-color":"var(--ast-global-color-5)","background-image":"","background-repeat":"repeat","background-position":"center center","background-size":"auto","background-attachment":"scroll","background-type":"","background-media":"","overlay-type":"","overlay-color":"","overlay-opacity":"","overlay-gradient":""}},"footnotes":""},"class_list":["post-1434","page","type-page","status-publish","hentry"],"_links":{"self":[{"href":"https:\/\/www.szdf.at\/msdf\/wp-json\/wp\/v2\/pages\/1434","targetHints":{"allow":["GET"]}}],"collection":[{"href":"https:\/\/www.szdf.at\/msdf\/wp-json\/wp\/v2\/pages"}],"about":[{"href":"https:\/\/www.szdf.at\/msdf\/wp-json\/wp\/v2\/types\/page"}],"author":[{"embeddable":true,"href":"https:\/\/www.szdf.at\/msdf\/wp-json\/wp\/v2\/users\/158725272"}],"replies":[{"embeddable":true,"href":"https:\/\/www.szdf.at\/msdf\/wp-json\/wp\/v2\/comments?post=1434"}],"version-history":[{"count":46,"href":"https:\/\/www.szdf.at\/msdf\/wp-json\/wp\/v2\/pages\/1434\/revisions"}],"predecessor-version":[{"id":4993,"href":"https:\/\/www.szdf.at\/msdf\/wp-json\/wp\/v2\/pages\/1434\/revisions\/4993"}],"wp:attachment":[{"href":"https:\/\/www.szdf.at\/msdf\/wp-json\/wp\/v2\/media?parent=1434"}],"curies":[{"name":"wp","href":"https:\/\/api.w.org\/{rel}","templated":true}]}}