{"id":1627,"date":"2020-12-24T14:47:35","date_gmt":"2020-12-24T13:47:35","guid":{"rendered":"https:\/\/marieaufinger543685671.wpcomstaging.com\/?page_id=1627"},"modified":"2026-01-21T08:56:56","modified_gmt":"2026-01-21T07:56:56","slug":"sport","status":"publish","type":"page","link":"https:\/\/www.szdf.at\/msdf\/sport\/","title":{"rendered":"SPORT"},"content":{"rendered":"\t\t<div data-elementor-type=\"wp-page\" data-elementor-id=\"1627\" class=\"elementor elementor-1627\" data-elementor-post-type=\"page\">\n\t\t\t\t\t\t<section class=\"elementor-section elementor-top-section elementor-element elementor-element-7d234f9 elementor-section-height-full elementor-section-boxed elementor-section-height-default elementor-section-items-middle\" data-id=\"7d234f9\" data-element_type=\"section\" data-e-type=\"section\" data-settings=\"{&quot;background_background&quot;:&quot;slideshow&quot;,&quot;background_slideshow_gallery&quot;:[{&quot;id&quot;:689,&quot;url&quot;:&quot;https:\\\/\\\/www.szdf.at\\\/msdf\\\/wp-content\\\/uploads\\\/2020\\\/02\\\/AB3I5856.jpg&quot;},{&quot;id&quot;:629,&quot;url&quot;:&quot;https:\\\/\\\/www.szdf.at\\\/msdf\\\/wp-content\\\/uploads\\\/2020\\\/02\\\/AB3I7330.jpg&quot;},{&quot;id&quot;:699,&quot;url&quot;:&quot;https:\\\/\\\/www.szdf.at\\\/msdf\\\/wp-content\\\/uploads\\\/2020\\\/02\\\/AB3I7170.jpg&quot;},{&quot;id&quot;:700,&quot;url&quot;:&quot;https:\\\/\\\/www.szdf.at\\\/msdf\\\/wp-content\\\/uploads\\\/2020\\\/02\\\/AB3I7361.jpg&quot;},{&quot;id&quot;:642,&quot;url&quot;:&quot;https:\\\/\\\/www.szdf.at\\\/msdf\\\/wp-content\\\/uploads\\\/2020\\\/02\\\/AB3I9805.jpg&quot;},{&quot;id&quot;:524,&quot;url&quot;:&quot;https:\\\/\\\/www.szdf.at\\\/msdf\\\/wp-content\\\/uploads\\\/2020\\\/02\\\/AB3I0036.jpg&quot;}],&quot;background_slideshow_transition_duration&quot;:700,&quot;background_slideshow_loop&quot;:&quot;yes&quot;,&quot;background_slideshow_slide_duration&quot;:5000,&quot;background_slideshow_slide_transition&quot;:&quot;fade&quot;}\">\n\t\t\t\t\t\t\t<div class=\"elementor-background-overlay\"><\/div>\n\t\t\t\t\t\t\t<div class=\"elementor-container elementor-column-gap-default\">\n\t\t\t\t\t<div class=\"elementor-column elementor-col-33 elementor-top-column elementor-element elementor-element-ce6145e\" data-id=\"ce6145e\" data-element_type=\"column\" data-e-type=\"column\">\n\t\t\t<div class=\"elementor-widget-wrap\">\n\t\t\t\t\t\t\t<\/div>\n\t\t<\/div>\n\t\t\t\t<div class=\"elementor-column elementor-col-33 elementor-top-column elementor-element elementor-element-1f30d44\" data-id=\"1f30d44\" data-element_type=\"column\" data-e-type=\"column\">\n\t\t\t<div class=\"elementor-widget-wrap elementor-element-populated\">\n\t\t\t\t\t\t<div class=\"elementor-element elementor-element-a3c6282 elementor-widget elementor-widget-heading\" data-id=\"a3c6282\" data-element_type=\"widget\" data-e-type=\"widget\" data-widget_type=\"heading.default\">\n\t\t\t\t<div class=\"elementor-widget-container\">\n\t\t\t\t\t<h1 class=\"elementor-heading-title elementor-size-default\">Sportklassen<\/h1>\t\t\t\t<\/div>\n\t\t\t\t<\/div>\n\t\t\t\t<div class=\"elementor-element elementor-element-9c47c1c elementor-widget-divider--view-line elementor-widget elementor-widget-divider\" data-id=\"9c47c1c\" data-element_type=\"widget\" data-e-type=\"widget\" data-widget_type=\"divider.default\">\n\t\t\t\t<div class=\"elementor-widget-container\">\n\t\t\t\t\t\t\t<div class=\"elementor-divider\">\n\t\t\t<span class=\"elementor-divider-separator\">\n\t\t\t\t\t\t<\/span>\n\t\t<\/div>\n\t\t\t\t\t\t<\/div>\n\t\t\t\t<\/div>\n\t\t\t\t<div class=\"elementor-element elementor-element-26aa85f elementor-view-default elementor-widget elementor-widget-icon\" data-id=\"26aa85f\" data-element_type=\"widget\" data-e-type=\"widget\" data-widget_type=\"icon.default\">\n\t\t\t\t<div class=\"elementor-widget-container\">\n\t\t\t\t\t\t\t<div class=\"elementor-icon-wrapper\">\n\t\t\t<a class=\"elementor-icon elementor-animation-sink\" href=\"#sport_allgemein\">\n\t\t\t<i aria-hidden=\"true\" class=\"far fa-arrow-alt-circle-down\"><\/i>\t\t\t<\/a>\n\t\t<\/div>\n\t\t\t\t\t\t<\/div>\n\t\t\t\t<\/div>\n\t\t\t\t\t<\/div>\n\t\t<\/div>\n\t\t\t\t<div class=\"elementor-column elementor-col-33 elementor-top-column elementor-element elementor-element-f4a3e5f\" data-id=\"f4a3e5f\" data-element_type=\"column\" data-e-type=\"column\">\n\t\t\t<div class=\"elementor-widget-wrap\">\n\t\t\t\t\t\t\t<\/div>\n\t\t<\/div>\n\t\t\t\t\t<\/div>\n\t\t<\/section>\n\t\t\t\t<section class=\"elementor-section elementor-top-section elementor-element elementor-element-a0a414d elementor-section-boxed elementor-section-height-default elementor-section-height-default\" data-id=\"a0a414d\" data-element_type=\"section\" data-e-type=\"section\">\n\t\t\t\t\t\t<div class=\"elementor-container elementor-column-gap-default\">\n\t\t\t\t\t<div class=\"elementor-column elementor-col-100 elementor-top-column elementor-element elementor-element-78505c4\" data-id=\"78505c4\" data-element_type=\"column\" data-e-type=\"column\">\n\t\t\t<div class=\"elementor-widget-wrap elementor-element-populated\">\n\t\t\t\t\t\t<div class=\"elementor-element elementor-element-e48da9e elementor-widget elementor-widget-heading\" data-id=\"e48da9e\" data-element_type=\"widget\" data-e-type=\"widget\" id=\"sport_allgemein\" data-widget_type=\"heading.default\">\n\t\t\t\t<div class=\"elementor-widget-container\">\n\t\t\t\t\t<h2 class=\"elementor-heading-title elementor-size-default\">Sportklassen der Mittelschule Deutschfeistritz<\/h2>\t\t\t\t<\/div>\n\t\t\t\t<\/div>\n\t\t\t\t<div class=\"elementor-element elementor-element-d0b368d elementor-widget-divider--view-line elementor-widget elementor-widget-divider\" data-id=\"d0b368d\" data-element_type=\"widget\" data-e-type=\"widget\" data-widget_type=\"divider.default\">\n\t\t\t\t<div class=\"elementor-widget-container\">\n\t\t\t\t\t\t\t<div class=\"elementor-divider\">\n\t\t\t<span class=\"elementor-divider-separator\">\n\t\t\t\t\t\t<\/span>\n\t\t<\/div>\n\t\t\t\t\t\t<\/div>\n\t\t\t\t<\/div>\n\t\t\t\t<div class=\"elementor-element elementor-element-152d83c elementor-tabs-view-horizontal elementor-widget elementor-widget-tabs\" data-id=\"152d83c\" data-element_type=\"widget\" data-e-type=\"widget\" data-widget_type=\"tabs.default\">\n\t\t\t\t<div class=\"elementor-widget-container\">\n\t\t\t\t\t\t\t<div class=\"elementor-tabs\">\n\t\t\t<div class=\"elementor-tabs-wrapper\" role=\"tablist\" >\n\t\t\t\t\t\t\t\t\t<div id=\"elementor-tab-title-2221\" class=\"elementor-tab-title elementor-tab-desktop-title\" aria-selected=\"true\" data-tab=\"1\" role=\"tab\" tabindex=\"0\" aria-controls=\"elementor-tab-content-2221\" aria-expanded=\"false\">Allgemeines<\/div>\n\t\t\t\t\t\t\t\t\t<div id=\"elementor-tab-title-2222\" class=\"elementor-tab-title elementor-tab-desktop-title\" aria-selected=\"false\" data-tab=\"2\" role=\"tab\" tabindex=\"-1\" aria-controls=\"elementor-tab-content-2222\" aria-expanded=\"false\">Hard Facts \u2013 Unser Sportangebot<\/div>\n\t\t\t\t\t\t\t\t\t<div id=\"elementor-tab-title-2223\" class=\"elementor-tab-title elementor-tab-desktop-title\" aria-selected=\"false\" data-tab=\"3\" role=\"tab\" tabindex=\"-1\" aria-controls=\"elementor-tab-content-2223\" aria-expanded=\"false\">Polysportive Ausbildung \u2013 Vielseitigkeit als St\u00e4rke<\/div>\n\t\t\t\t\t\t\t\t\t<div id=\"elementor-tab-title-2224\" class=\"elementor-tab-title elementor-tab-desktop-title\" aria-selected=\"false\" data-tab=\"4\" role=\"tab\" tabindex=\"-1\" aria-controls=\"elementor-tab-content-2224\" aria-expanded=\"false\">Highlights in den 4 Jahren<\/div>\n\t\t\t\t\t\t\t\t\t<div id=\"elementor-tab-title-2225\" class=\"elementor-tab-title elementor-tab-desktop-title\" aria-selected=\"false\" data-tab=\"5\" role=\"tab\" tabindex=\"-1\" aria-controls=\"elementor-tab-content-2225\" aria-expanded=\"false\">Unsere Ziele<\/div>\n\t\t\t\t\t\t\t\t\t<div id=\"elementor-tab-title-2226\" class=\"elementor-tab-title elementor-tab-desktop-title\" aria-selected=\"false\" data-tab=\"6\" role=\"tab\" tabindex=\"-1\" aria-controls=\"elementor-tab-content-2226\" aria-expanded=\"false\">Aufnahmeverfahren<\/div>\n\t\t\t\t\t\t\t<\/div>\n\t\t\t<div class=\"elementor-tabs-content-wrapper\" role=\"tablist\" aria-orientation=\"vertical\">\n\t\t\t\t\t\t\t\t\t<div class=\"elementor-tab-title elementor-tab-mobile-title\" aria-selected=\"true\" data-tab=\"1\" role=\"tab\" tabindex=\"0\" aria-controls=\"elementor-tab-content-2221\" aria-expanded=\"false\">Allgemeines<\/div>\n\t\t\t\t\t<div id=\"elementor-tab-content-2221\" class=\"elementor-tab-content elementor-clearfix\" data-tab=\"1\" role=\"tabpanel\" aria-labelledby=\"elementor-tab-title-2221\" tabindex=\"0\" hidden=\"false\"><p>Die Sportmittelschule Deutschfeistritz bietet allen sportbegeisterten Kindern eine\u00a0<strong>umfassende, polysportive Ausbildung<\/strong>, die sowohl die\u00a0<strong>k\u00f6rperliche<\/strong>\u00a0als auch die\u00a0<strong>schulische Entwicklung<\/strong>\u00a0in den Mittelpunkt stellt. Durch ein vielf\u00e4ltiges Trainingsangebot und gezielte F\u00f6rderung legen wir den Grundstein f\u00fcr eine erfolgreiche Zukunft \u2013 im Sport wie im sp\u00e4teren Berufsleben.<\/p><\/div>\n\t\t\t\t\t\t\t\t\t<div class=\"elementor-tab-title elementor-tab-mobile-title\" aria-selected=\"false\" data-tab=\"2\" role=\"tab\" tabindex=\"-1\" aria-controls=\"elementor-tab-content-2222\" aria-expanded=\"false\">Hard Facts \u2013 Unser Sportangebot<\/div>\n\t\t\t\t\t<div id=\"elementor-tab-content-2222\" class=\"elementor-tab-content elementor-clearfix\" data-tab=\"2\" role=\"tabpanel\" aria-labelledby=\"elementor-tab-title-2222\" tabindex=\"0\" hidden=\"hidden\"><p>In vier Jahren absolvieren unsere Sportklassen insgesamt\u00a0<strong>29 Wochenstunden Sport<\/strong>:<\/p><ul><li><strong>1. Klasse:<\/strong>\u00a08 Wochenstunden<\/li><li><strong>2. Klasse:<\/strong>\u00a07 Wochenstunden<\/li><li><strong>3. Klasse:<\/strong>\u00a07 Wochenstunden<\/li><li><strong>4. Klasse:<\/strong>\u00a07 Wochenstunden<\/li><\/ul><p><strong>Zus\u00e4tzliche Angebote:<\/strong><\/p><ul><li>F\u00fcr alle Fu\u00dfballbegeisterten gibt es zus\u00e4tzlich ein\u00a0<strong>Fu\u00dfball-Sch\u00fclerliga-Training<\/strong>\u00a0pro Woche<\/li><li>Unser Schulsportverein bietet zus\u00e4tzlich ein\u00a0<strong>w\u00f6chentliches Leichtathletiktraining<\/strong>\u00a0an sowie die M\u00f6glichkeit, bei steirischen und \u00f6sterreichischen Meisterschaften teilzunehmen<\/li><li><strong>W\u00f6chentliche Schwimmstunden<\/strong>\u00a0im schuleigenen Schwimmbad<\/li><li><strong>Sportmedizinische Untersuchung und sportwissenschaftliche Checks<\/strong>\u00a0durch das\u00a0<strong>Sport Athletik Zentrum Graz<\/strong><\/li><\/ul><\/div>\n\t\t\t\t\t\t\t\t\t<div class=\"elementor-tab-title elementor-tab-mobile-title\" aria-selected=\"false\" data-tab=\"3\" role=\"tab\" tabindex=\"-1\" aria-controls=\"elementor-tab-content-2223\" aria-expanded=\"false\">Polysportive Ausbildung \u2013 Vielseitigkeit als St\u00e4rke<\/div>\n\t\t\t\t\t<div id=\"elementor-tab-content-2223\" class=\"elementor-tab-content elementor-clearfix\" data-tab=\"3\" role=\"tabpanel\" aria-labelledby=\"elementor-tab-title-2223\" tabindex=\"0\" hidden=\"hidden\"><p>Unsere Sch\u00fcler:innen erhalten eine breit gef\u00e4cherte sportliche Grundausbildung mit folgenden Schwerpunkten:<\/p><ul><li><strong>Koordinations-, Motorik- und Athletiktraining<\/strong><\/li><li><strong>Teamsportarten:<\/strong>\u00a0Handball, Basketball, Fu\u00dfball, Volleyball<\/li><li><strong>Schwimmen:<\/strong>\u00a0Grundtechniken aller Schwimmlagen<\/li><li><strong>Leichtathletik:<\/strong> Sprint, Weitsprung, Hochsprung, Wurf, Sto\u00df<\/li><li><strong>Boden-<\/strong> <strong>und Ger\u00e4teturnen<\/strong><\/li><li><strong>Aquathlon<\/strong><\/li><li><strong>Skitage und Wintersportaktivit\u00e4ten<\/strong><\/li><li><strong>Trendsportarten<\/strong><\/li><\/ul><\/div>\n\t\t\t\t\t\t\t\t\t<div class=\"elementor-tab-title elementor-tab-mobile-title\" aria-selected=\"false\" data-tab=\"4\" role=\"tab\" tabindex=\"-1\" aria-controls=\"elementor-tab-content-2224\" aria-expanded=\"false\">Highlights in den 4 Jahren<\/div>\n\t\t\t\t\t<div id=\"elementor-tab-content-2224\" class=\"elementor-tab-content elementor-clearfix\" data-tab=\"4\" role=\"tabpanel\" aria-labelledby=\"elementor-tab-title-2224\" tabindex=\"0\" hidden=\"hidden\"><p>Jede Sportklasse erlebt eine Vielzahl an sportlichen H\u00f6hepunkten:<\/p><ul><li><strong>2 Wintersportwochen<\/strong><\/li><li><strong>4 Sommersportwochen<\/strong><br \/>(bzw.\u00a0<strong>3 Sommersportwochen + Abschlusswoche<\/strong>)<\/li><li>Teilnahme an\u00a0<strong>internen und externen Schulsportwettk\u00e4mpfen<\/strong><\/li><\/ul><\/div>\n\t\t\t\t\t\t\t\t\t<div class=\"elementor-tab-title elementor-tab-mobile-title\" aria-selected=\"false\" data-tab=\"5\" role=\"tab\" tabindex=\"-1\" aria-controls=\"elementor-tab-content-2225\" aria-expanded=\"false\">Unsere Ziele<\/div>\n\t\t\t\t\t<div id=\"elementor-tab-content-2225\" class=\"elementor-tab-content elementor-clearfix\" data-tab=\"5\" role=\"tabpanel\" aria-labelledby=\"elementor-tab-title-2225\" tabindex=\"0\" hidden=\"hidden\"><p>Wir m\u00f6chten unsere Sch\u00fcler:innen stark f\u00fcr ihre sportliche und pers\u00f6nliche Zukunft machen \u2013 durch:<\/p><ul><li><strong>Polysportive Grundausbildung<\/strong><\/li><li><strong>Einblick in die Vielfalt des Sports &amp; aktueller Trends<\/strong><\/li><li><strong>Individuelle sportliche F\u00f6rderung<\/strong><\/li><li><strong>Selbstkompetenz &amp; positive K\u00f6rpererfahrung<\/strong><\/li><li><strong>St\u00e4rkung der Sozialkompetenz<\/strong><\/li><\/ul><\/div>\n\t\t\t\t\t\t\t\t\t<div class=\"elementor-tab-title elementor-tab-mobile-title\" aria-selected=\"false\" data-tab=\"6\" role=\"tab\" tabindex=\"-1\" aria-controls=\"elementor-tab-content-2226\" aria-expanded=\"false\">Aufnahmeverfahren<\/div>\n\t\t\t\t\t<div id=\"elementor-tab-content-2226\" class=\"elementor-tab-content elementor-clearfix\" data-tab=\"6\" role=\"tabpanel\" aria-labelledby=\"elementor-tab-title-2226\" tabindex=\"0\" hidden=\"hidden\"><p>Der Weg in die Sportklasse beginnt mit einem\u00a0<strong>motorisch-koordinativen Aufnahmetest<\/strong>.<br \/>Die Kinder sammeln dabei Punkte in verschiedenen Teildisziplinen \u2013 auf Basis des Gesamtwerts erfolgt die Beurteilung.<\/p><p><strong>Ablauf:<\/strong><\/p><ol><li><strong>Sichtungstraining:<br \/><\/strong><br \/>J\u00e4hrliches Training unter \u201eWettkampfbedingungen\u201c, bei dem die Kinder \u00fcben und ihre F\u00e4higkeiten zeigen k\u00f6nnen.<br \/>Alle \u00dcbungen, Limits und Mindestanforderungen finden Sie auch mit Erkl\u00e4rung und Beispielvideo\u00a0<a href=\"https:\/\/www.szdf.at\/msdf\/eignungspruefung-sport\/\" target=\"_blank\" rel=\"noopener\">HIER!<\/a><p><a href=\"https:\/\/szdf.dasistentwicklung.at\/?anmeldung-eignungspruefung-ms-deutschfeistritz-schwerpunkt-sport\" target=\"_blank\" rel=\"noopener\"><span style=\"font-size: 17px; font-style: normal; font-weight: bold;\">\u00a0&#8211;&gt; Hier geht\u00b4s zur Anmeldung zum Sichtungstraining<\/span><\/a><\/p><\/li><li><strong>Aufnahmepr\u00fcfung \/ Eignungstest:<br \/><\/strong><br \/>Findet \u00fcblicherweise eine Woche nach dem Sichtungstraining statt. Teilnahmeberechtigt sind nur Kinder mit g\u00fcltiger (max. drei Monate alt)\u00a0<a href=\"https:\/\/www.szdf.at\/msdf\/wp-content\/uploads\/2025\/01\/Sporttauglichkeitsbestaetigung-MS.pdf\" target=\"_blank\" rel=\"noopener\">Sporttauglichkeitsbescheinigung (als Download)<\/a>.<p><span style=\"font-size: 17px; font-style: normal; font-weight: bold;\">\u00a0<a href=\"https:\/\/szdf.dasistentwicklung.at\/?anmeldung-eignungspruefung-ms-deutschfeistritz-schwerpunkt-sport\" target=\"_blank\" rel=\"noopener\">&#8211;&gt; Hier geht\u00b4s zur Anmeldung zum Eignungstest<\/a> &#8211; Sie k\u00f6nnen sich auch telefonisch oder per Mail anmelden<\/span><\/p><\/li><li><strong>R\u00fcckmeldung:<br \/><\/strong><br \/>Die Ergebnisse werden zeitnah an alle Teilnehmer:innen per Mail \u00fcbermittelt.<\/li><\/ol><\/div>\n\t\t\t\t\t\t\t<\/div>\n\t\t<\/div>\n\t\t\t\t\t\t<\/div>\n\t\t\t\t<\/div>\n\t\t\t\t<div class=\"elementor-element elementor-element-1c54782 elementor-widget elementor-widget-spacer\" data-id=\"1c54782\" data-element_type=\"widget\" data-e-type=\"widget\" data-widget_type=\"spacer.default\">\n\t\t\t\t<div class=\"elementor-widget-container\">\n\t\t\t\t\t\t\t<div class=\"elementor-spacer\">\n\t\t\t<div class=\"elementor-spacer-inner\"><\/div>\n\t\t<\/div>\n\t\t\t\t\t\t<\/div>\n\t\t\t\t<\/div>\n\t\t\t\t\t<\/div>\n\t\t<\/div>\n\t\t\t\t\t<\/div>\n\t\t<\/section>\n\t\t\t\t<section class=\"elementor-section elementor-top-section elementor-element elementor-element-d0e43aa elementor-section-boxed elementor-section-height-default elementor-section-height-default\" data-id=\"d0e43aa\" data-element_type=\"section\" data-e-type=\"section\">\n\t\t\t\t\t\t<div class=\"elementor-container elementor-column-gap-default\">\n\t\t\t\t\t<div class=\"elementor-column elementor-col-100 elementor-top-column elementor-element elementor-element-3c87ed8\" data-id=\"3c87ed8\" data-element_type=\"column\" data-e-type=\"column\">\n\t\t\t<div class=\"elementor-widget-wrap elementor-element-populated\">\n\t\t\t\t\t\t<div class=\"elementor-element elementor-element-9fde6d5 elementor-widget elementor-widget-spacer\" data-id=\"9fde6d5\" data-element_type=\"widget\" data-e-type=\"widget\" data-widget_type=\"spacer.default\">\n\t\t\t\t<div class=\"elementor-widget-container\">\n\t\t\t\t\t\t\t<div class=\"elementor-spacer\">\n\t\t\t<div class=\"elementor-spacer-inner\"><\/div>\n\t\t<\/div>\n\t\t\t\t\t\t<\/div>\n\t\t\t\t<\/div>\n\t\t\t\t<div class=\"elementor-element elementor-element-9c573d4 elementor-widget elementor-widget-heading\" data-id=\"9c573d4\" data-element_type=\"widget\" data-e-type=\"widget\" data-widget_type=\"heading.default\">\n\t\t\t\t<div class=\"elementor-widget-container\">\n\t\t\t\t\t<h2 class=\"elementor-heading-title elementor-size-default\">JAKO Online Shop<\/h2>\t\t\t\t<\/div>\n\t\t\t\t<\/div>\n\t\t\t\t<div class=\"elementor-element elementor-element-a9e16b4 elementor-widget-divider--view-line elementor-widget elementor-widget-divider\" data-id=\"a9e16b4\" data-element_type=\"widget\" data-e-type=\"widget\" data-widget_type=\"divider.default\">\n\t\t\t\t<div class=\"elementor-widget-container\">\n\t\t\t\t\t\t\t<div class=\"elementor-divider\">\n\t\t\t<span class=\"elementor-divider-separator\">\n\t\t\t\t\t\t<\/span>\n\t\t<\/div>\n\t\t\t\t\t\t<\/div>\n\t\t\t\t<\/div>\n\t\t\t\t<div class=\"elementor-element elementor-element-ad1ef73 elementor-widget elementor-widget-text-editor\" data-id=\"ad1ef73\" data-element_type=\"widget\" data-e-type=\"widget\" data-widget_type=\"text-editor.default\">\n\t\t\t\t<div class=\"elementor-widget-container\">\n\t\t\t\t\t\t\t\t\t<p>Link zum JAKO Online Shop<\/p>\t\t\t\t\t\t\t\t<\/div>\n\t\t\t\t<\/div>\n\t\t\t\t<div class=\"elementor-element elementor-element-24dad3f elementor-widget elementor-widget-spacer\" data-id=\"24dad3f\" data-element_type=\"widget\" data-e-type=\"widget\" data-widget_type=\"spacer.default\">\n\t\t\t\t<div class=\"elementor-widget-container\">\n\t\t\t\t\t\t\t<div class=\"elementor-spacer\">\n\t\t\t<div class=\"elementor-spacer-inner\"><\/div>\n\t\t<\/div>\n\t\t\t\t\t\t<\/div>\n\t\t\t\t<\/div>\n\t\t\t\t<div class=\"elementor-element elementor-element-14d71cc elementor-align-center elementor-hidden-phone elementor-widget elementor-widget-button\" data-id=\"14d71cc\" data-element_type=\"widget\" data-e-type=\"widget\" data-widget_type=\"button.default\">\n\t\t\t\t<div class=\"elementor-widget-container\">\n\t\t\t\t\t\t\t\t\t<div class=\"elementor-button-wrapper\">\n\t\t\t\t\t<a class=\"elementor-button elementor-button-link elementor-size-sm elementor-animation-bob\" href=\"https:\/\/www.jako.de\/de\/team\/sportmittelschule_deutschfeistriz_freizeit\/\">\n\t\t\t\t\t\t<span class=\"elementor-button-content-wrapper\">\n\t\t\t\t\t\t\t\t\t<span class=\"elementor-button-text\">JAKO Online Shop<\/span>\n\t\t\t\t\t<\/span>\n\t\t\t\t\t<\/a>\n\t\t\t\t<\/div>\n\t\t\t\t\t\t\t\t<\/div>\n\t\t\t\t<\/div>\n\t\t\t\t<div class=\"elementor-element elementor-element-eadf5f4 elementor-widget elementor-widget-spacer\" data-id=\"eadf5f4\" data-element_type=\"widget\" data-e-type=\"widget\" data-widget_type=\"spacer.default\">\n\t\t\t\t<div class=\"elementor-widget-container\">\n\t\t\t\t\t\t\t<div class=\"elementor-spacer\">\n\t\t\t<div class=\"elementor-spacer-inner\"><\/div>\n\t\t<\/div>\n\t\t\t\t\t\t<\/div>\n\t\t\t\t<\/div>\n\t\t\t\t\t<\/div>\n\t\t<\/div>\n\t\t\t\t\t<\/div>\n\t\t<\/section>\n\t\t\t\t<\/div>\n\t\t","protected":false},"excerpt":{"rendered":"<p>Sportklassen Sportklassen der Mittelschule Deutschfeistritz Allgemeines Hard Facts \u2013 Unser Sportangebot Polysportive Ausbildung \u2013 Vielseitigkeit als St\u00e4rke Highlights in den 4 Jahren Unsere Ziele Aufnahmeverfahren Allgemeines Die Sportmittelschule Deutschfeistritz bietet allen sportbegeisterten Kindern eine\u00a0umfassende, polysportive Ausbildung, die sowohl die\u00a0k\u00f6rperliche\u00a0als auch die\u00a0schulische Entwicklung\u00a0in den Mittelpunkt stellt. Durch ein vielf\u00e4ltiges Trainingsangebot und gezielte F\u00f6rderung legen wir den [&hellip;]<\/p>\n","protected":false},"author":158725272,"featured_media":0,"parent":0,"menu_order":0,"comment_status":"closed","ping_status":"closed","template":"","meta":{"site-sidebar-layout":"no-sidebar","site-content-layout":"page-builder","ast-site-content-layout":"full-width-container","site-content-style":"unboxed","site-sidebar-style":"unboxed","ast-global-header-display":"","ast-banner-title-visibility":"","ast-main-header-display":"","ast-hfb-above-header-display":"","ast-hfb-below-header-display":"","ast-hfb-mobile-header-display":"","site-post-title":"disabled","ast-breadcrumbs-content":"","ast-featured-img":"disabled","footer-sml-layout":"","ast-disable-related-posts":"","theme-transparent-header-meta":"default","adv-header-id-meta":"","stick-header-meta":"","header-above-stick-meta":"","header-main-stick-meta":"","header-below-stick-meta":"","astra-migrate-meta-layouts":"set","ast-page-background-enabled":"default","ast-page-background-meta":{"desktop":{"background-color":"","background-image":"","background-repeat":"repeat","background-position":"center center","background-size":"auto","background-attachment":"scroll","background-type":"","background-media":"","overlay-type":"","overlay-color":"","overlay-opacity":"","overlay-gradient":""},"tablet":{"background-color":"","background-image":"","background-repeat":"repeat","background-position":"center center","background-size":"auto","background-attachment":"scroll","background-type":"","background-media":"","overlay-type":"","overlay-color":"","overlay-opacity":"","overlay-gradient":""},"mobile":{"background-color":"","background-image":"","background-repeat":"repeat","background-position":"center center","background-size":"auto","background-attachment":"scroll","background-type":"","background-media":"","overlay-type":"","overlay-color":"","overlay-opacity":"","overlay-gradient":""}},"ast-content-background-meta":{"desktop":{"background-color":"var(--ast-global-color-5)","background-image":"","background-repeat":"repeat","background-position":"center center","background-size":"auto","background-attachment":"scroll","background-type":"","background-media":"","overlay-type":"","overlay-color":"","overlay-opacity":"","overlay-gradient":""},"tablet":{"background-color":"var(--ast-global-color-5)","background-image":"","background-repeat":"repeat","background-position":"center center","background-size":"auto","background-attachment":"scroll","background-type":"","background-media":"","overlay-type":"","overlay-color":"","overlay-opacity":"","overlay-gradient":""},"mobile":{"background-color":"var(--ast-global-color-5)","background-image":"","background-repeat":"repeat","background-position":"center center","background-size":"auto","background-attachment":"scroll","background-type":"","background-media":"","overlay-type":"","overlay-color":"","overlay-opacity":"","overlay-gradient":""}},"footnotes":""},"class_list":["post-1627","page","type-page","status-publish","hentry"],"_links":{"self":[{"href":"https:\/\/www.szdf.at\/msdf\/wp-json\/wp\/v2\/pages\/1627","targetHints":{"allow":["GET"]}}],"collection":[{"href":"https:\/\/www.szdf.at\/msdf\/wp-json\/wp\/v2\/pages"}],"about":[{"href":"https:\/\/www.szdf.at\/msdf\/wp-json\/wp\/v2\/types\/page"}],"author":[{"embeddable":true,"href":"https:\/\/www.szdf.at\/msdf\/wp-json\/wp\/v2\/users\/158725272"}],"replies":[{"embeddable":true,"href":"https:\/\/www.szdf.at\/msdf\/wp-json\/wp\/v2\/comments?post=1627"}],"version-history":[{"count":199,"href":"https:\/\/www.szdf.at\/msdf\/wp-json\/wp\/v2\/pages\/1627\/revisions"}],"predecessor-version":[{"id":5368,"href":"https:\/\/www.szdf.at\/msdf\/wp-json\/wp\/v2\/pages\/1627\/revisions\/5368"}],"wp:attachment":[{"href":"https:\/\/www.szdf.at\/msdf\/wp-json\/wp\/v2\/media?parent=1627"}],"curies":[{"name":"wp","href":"https:\/\/api.w.org\/{rel}","templated":true}]}}