{"id":1639,"date":"2020-12-24T14:51:18","date_gmt":"2020-12-24T13:51:18","guid":{"rendered":"https:\/\/marieaufinger543685671.wpcomstaging.com\/?page_id=1639"},"modified":"2026-01-20T19:05:42","modified_gmt":"2026-01-20T18:05:42","slug":"schulsport","status":"publish","type":"page","link":"https:\/\/www.szdf.at\/msdf\/schulsport\/","title":{"rendered":"SCHULSPORTVEREIN"},"content":{"rendered":"\t\t<div data-elementor-type=\"wp-page\" data-elementor-id=\"1639\" class=\"elementor elementor-1639\" data-elementor-post-type=\"page\">\n\t\t\t\t\t\t<section class=\"elementor-section elementor-top-section elementor-element elementor-element-b772d36 elementor-section-height-full elementor-section-boxed elementor-section-height-default elementor-section-items-middle\" data-id=\"b772d36\" data-element_type=\"section\" data-e-type=\"section\" data-settings=\"{&quot;background_background&quot;:&quot;slideshow&quot;,&quot;background_slideshow_gallery&quot;:[{&quot;id&quot;:689,&quot;url&quot;:&quot;https:\\\/\\\/www.szdf.at\\\/msdf\\\/wp-content\\\/uploads\\\/2020\\\/02\\\/AB3I5856.jpg&quot;},{&quot;id&quot;:629,&quot;url&quot;:&quot;https:\\\/\\\/www.szdf.at\\\/msdf\\\/wp-content\\\/uploads\\\/2020\\\/02\\\/AB3I7330.jpg&quot;},{&quot;id&quot;:699,&quot;url&quot;:&quot;https:\\\/\\\/www.szdf.at\\\/msdf\\\/wp-content\\\/uploads\\\/2020\\\/02\\\/AB3I7170.jpg&quot;},{&quot;id&quot;:700,&quot;url&quot;:&quot;https:\\\/\\\/www.szdf.at\\\/msdf\\\/wp-content\\\/uploads\\\/2020\\\/02\\\/AB3I7361.jpg&quot;},{&quot;id&quot;:642,&quot;url&quot;:&quot;https:\\\/\\\/www.szdf.at\\\/msdf\\\/wp-content\\\/uploads\\\/2020\\\/02\\\/AB3I9805.jpg&quot;},{&quot;id&quot;:524,&quot;url&quot;:&quot;https:\\\/\\\/www.szdf.at\\\/msdf\\\/wp-content\\\/uploads\\\/2020\\\/02\\\/AB3I0036.jpg&quot;}],&quot;background_slideshow_transition_duration&quot;:700,&quot;background_slideshow_loop&quot;:&quot;yes&quot;,&quot;background_slideshow_slide_duration&quot;:5000,&quot;background_slideshow_slide_transition&quot;:&quot;fade&quot;}\">\n\t\t\t\t\t\t\t<div class=\"elementor-background-overlay\"><\/div>\n\t\t\t\t\t\t\t<div class=\"elementor-container elementor-column-gap-default\">\n\t\t\t\t\t<div class=\"elementor-column elementor-col-33 elementor-top-column elementor-element elementor-element-9ca7ec6\" data-id=\"9ca7ec6\" data-element_type=\"column\" data-e-type=\"column\">\n\t\t\t<div class=\"elementor-widget-wrap\">\n\t\t\t\t\t\t\t<\/div>\n\t\t<\/div>\n\t\t\t\t<div class=\"elementor-column elementor-col-33 elementor-top-column elementor-element elementor-element-20142f1\" data-id=\"20142f1\" data-element_type=\"column\" data-e-type=\"column\">\n\t\t\t<div class=\"elementor-widget-wrap elementor-element-populated\">\n\t\t\t\t\t\t<div class=\"elementor-element elementor-element-cb7bcbe elementor-widget elementor-widget-heading\" data-id=\"cb7bcbe\" data-element_type=\"widget\" data-e-type=\"widget\" data-widget_type=\"heading.default\">\n\t\t\t\t<div class=\"elementor-widget-container\">\n\t\t\t\t\t<h1 class=\"elementor-heading-title elementor-size-default\">Schulsportverein<\/h1>\t\t\t\t<\/div>\n\t\t\t\t<\/div>\n\t\t\t\t<div class=\"elementor-element elementor-element-46d16e4 elementor-widget-divider--view-line elementor-widget elementor-widget-divider\" data-id=\"46d16e4\" data-element_type=\"widget\" data-e-type=\"widget\" data-widget_type=\"divider.default\">\n\t\t\t\t<div class=\"elementor-widget-container\">\n\t\t\t\t\t\t\t<div class=\"elementor-divider\">\n\t\t\t<span class=\"elementor-divider-separator\">\n\t\t\t\t\t\t<\/span>\n\t\t<\/div>\n\t\t\t\t\t\t<\/div>\n\t\t\t\t<\/div>\n\t\t\t\t<div class=\"elementor-element elementor-element-0e211d7 elementor-view-default elementor-widget elementor-widget-icon\" data-id=\"0e211d7\" data-element_type=\"widget\" data-e-type=\"widget\" data-widget_type=\"icon.default\">\n\t\t\t\t<div class=\"elementor-widget-container\">\n\t\t\t\t\t\t\t<div class=\"elementor-icon-wrapper\">\n\t\t\t<a class=\"elementor-icon elementor-animation-sink\" href=\"#Start\">\n\t\t\t<i aria-hidden=\"true\" class=\"far fa-arrow-alt-circle-down\"><\/i>\t\t\t<\/a>\n\t\t<\/div>\n\t\t\t\t\t\t<\/div>\n\t\t\t\t<\/div>\n\t\t\t\t\t<\/div>\n\t\t<\/div>\n\t\t\t\t<div class=\"elementor-column elementor-col-33 elementor-top-column elementor-element elementor-element-a48e7fd\" data-id=\"a48e7fd\" data-element_type=\"column\" data-e-type=\"column\">\n\t\t\t<div class=\"elementor-widget-wrap\">\n\t\t\t\t\t\t\t<\/div>\n\t\t<\/div>\n\t\t\t\t\t<\/div>\n\t\t<\/section>\n\t\t\t\t<section class=\"elementor-section elementor-top-section elementor-element elementor-element-5237c6c elementor-section-boxed elementor-section-height-default elementor-section-height-default\" data-id=\"5237c6c\" data-element_type=\"section\" data-e-type=\"section\">\n\t\t\t\t\t\t<div class=\"elementor-container elementor-column-gap-default\">\n\t\t\t\t\t<div class=\"elementor-column elementor-col-100 elementor-top-column elementor-element elementor-element-4241ef6\" data-id=\"4241ef6\" data-element_type=\"column\" data-e-type=\"column\">\n\t\t\t<div class=\"elementor-widget-wrap elementor-element-populated\">\n\t\t\t\t\t\t<div class=\"elementor-element elementor-element-539fedc elementor-widget elementor-widget-spacer\" data-id=\"539fedc\" data-element_type=\"widget\" data-e-type=\"widget\" data-widget_type=\"spacer.default\">\n\t\t\t\t<div class=\"elementor-widget-container\">\n\t\t\t\t\t\t\t<div class=\"elementor-spacer\">\n\t\t\t<div class=\"elementor-spacer-inner\"><\/div>\n\t\t<\/div>\n\t\t\t\t\t\t<\/div>\n\t\t\t\t<\/div>\n\t\t\t\t<div class=\"elementor-element elementor-element-c43d8d0 elementor-widget elementor-widget-heading\" data-id=\"c43d8d0\" data-element_type=\"widget\" data-e-type=\"widget\" data-widget_type=\"heading.default\">\n\t\t\t\t<div class=\"elementor-widget-container\">\n\t\t\t\t\t<h2 class=\"elementor-heading-title elementor-size-default\">Club SMS Deutschfeistritz <\/h2>\t\t\t\t<\/div>\n\t\t\t\t<\/div>\n\t\t\t\t<div class=\"elementor-element elementor-element-5242c4d elementor-widget-divider--view-line elementor-widget elementor-widget-divider\" data-id=\"5242c4d\" data-element_type=\"widget\" data-e-type=\"widget\" data-widget_type=\"divider.default\">\n\t\t\t\t<div class=\"elementor-widget-container\">\n\t\t\t\t\t\t\t<div class=\"elementor-divider\">\n\t\t\t<span class=\"elementor-divider-separator\">\n\t\t\t\t\t\t<\/span>\n\t\t<\/div>\n\t\t\t\t\t\t<\/div>\n\t\t\t\t<\/div>\n\t\t\t\t<div class=\"elementor-element elementor-element-cb68e80 elementor-widget elementor-widget-image\" data-id=\"cb68e80\" data-element_type=\"widget\" data-e-type=\"widget\" data-widget_type=\"image.default\">\n\t\t\t\t<div class=\"elementor-widget-container\">\n\t\t\t\t\t\t\t\t\t\t\t\t\t\t\t<img fetchpriority=\"high\" decoding=\"async\" width=\"319\" height=\"296\" src=\"https:\/\/www.szdf.at\/msdf\/wp-content\/uploads\/2026\/01\/Sms_Logo_OHNE-Hintergrund_vs1.png\" class=\"attachment-large size-large wp-image-5340\" alt=\"\" srcset=\"https:\/\/www.szdf.at\/msdf\/wp-content\/uploads\/2026\/01\/Sms_Logo_OHNE-Hintergrund_vs1.png 319w, https:\/\/www.szdf.at\/msdf\/wp-content\/uploads\/2026\/01\/Sms_Logo_OHNE-Hintergrund_vs1-300x278.png 300w\" sizes=\"(max-width: 319px) 100vw, 319px\" \/>\t\t\t\t\t\t\t\t\t\t\t\t\t\t\t<\/div>\n\t\t\t\t<\/div>\n\t\t\t\t<div class=\"elementor-element elementor-element-1032d3b elementor-widget elementor-widget-text-editor\" data-id=\"1032d3b\" data-element_type=\"widget\" data-e-type=\"widget\" data-widget_type=\"text-editor.default\">\n\t\t\t\t<div class=\"elementor-widget-container\">\n\t\t\t\t\t\t\t\t\t<p style=\"text-align: left;\">Als\u00a0<strong>Sportmittelschule Deutschfeistritz<\/strong>\u00a0ist Bewegung ein zentraler Bestandteil unseres Schulalltags. Um sportlich besonders engagierten Kindern noch mehr M\u00f6glichkeiten zu bieten, f\u00fchren wir parallel zur Schule unseren\u00a0<strong>Schulsportverein \u201eClub SMS Deutschfeistritz\u201c<\/strong>.<\/p><p style=\"text-align: left;\">Der Verein wird von den\u00a0<strong>Sportlehrerinnen und Sportlehrern unserer Schule<\/strong>\u00a0geleitet und bietet den Sch\u00fclerinnen und Sch\u00fclern\u00a0<strong>ein w\u00f6chentliches zus\u00e4tzliches Leichtathletiktraining<\/strong>. Dieses Training erg\u00e4nzt den regul\u00e4ren Sportunterricht sowie die schulischen Sportveranstaltungen optimal und erm\u00f6glicht eine gezielte sportliche Weiterentwicklung.<\/p><p style=\"text-align: left;\">Durch den Club SMS Deutschfeistritz haben unsere jungen Athletinnen und Athleten die M\u00f6glichkeit,\u00a0<strong>an steirischen sowie \u00f6sterreichischen Leichtathletik-Vereinsmeisterschaften<\/strong>\u00a0teilzunehmen und wertvolle Wettkampferfahrung zu sammeln.<\/p><p style=\"text-align: left;\">Besonders stolz sind wir darauf, dass unser Verein\u00a0<strong>alters\u00fcbergreifend<\/strong>\u00a0arbeitet:<\/p><ul style=\"text-align: left;\"><li>Sch\u00fclerinnen und Sch\u00fcler unserer\u00a0<strong>Volksschule<\/strong><\/li><li>Sch\u00fclerinnen und Sch\u00fcler der\u00a0<strong>Sportmittelschule<\/strong><\/li><li>Sch\u00fclerinnen und Sch\u00fcler<strong>\u00a0der PTS<\/strong><\/li><li>sowie\u00a0<strong>ehemalige Sch\u00fclerinnen und Sch\u00fcler<\/strong>\u00a0trainieren gemeinsam im Verein<\/li><\/ul><p style=\"text-align: left;\">So entsteht eine starke sportliche Gemeinschaft, in der Teamgeist, Freude an der Bewegung und sportlicher Ehrgeiz gleicherma\u00dfen gef\u00f6rdert werden.<\/p><p style=\"text-align: left;\">Der\u00a0<strong>Club SMS Deutschfeistritz<\/strong>\u00a0steht f\u00fcr\u00a0<strong>Nachwuchsf\u00f6rderung, Leistungssport und Freude an der Leichtathletik<\/strong>\u00a0\u2013 eine ideale Erg\u00e4nzung f\u00fcr alle Kinder, die Sport lieben und ihr Potenzial entfalten m\u00f6chten.<\/p>\t\t\t\t\t\t\t\t<\/div>\n\t\t\t\t<\/div>\n\t\t\t\t<div class=\"elementor-element elementor-element-564f627 elementor-widget elementor-widget-menu-anchor\" data-id=\"564f627\" data-element_type=\"widget\" data-e-type=\"widget\" data-widget_type=\"menu-anchor.default\">\n\t\t\t\t<div class=\"elementor-widget-container\">\n\t\t\t\t\t\t\t<div class=\"elementor-menu-anchor\" id=\"Start\"><\/div>\n\t\t\t\t\t\t<\/div>\n\t\t\t\t<\/div>\n\t\t\t\t<div class=\"elementor-element elementor-element-62e1bf7 elementor-widget elementor-widget-spacer\" data-id=\"62e1bf7\" data-element_type=\"widget\" data-e-type=\"widget\" data-widget_type=\"spacer.default\">\n\t\t\t\t<div class=\"elementor-widget-container\">\n\t\t\t\t\t\t\t<div class=\"elementor-spacer\">\n\t\t\t<div class=\"elementor-spacer-inner\"><\/div>\n\t\t<\/div>\n\t\t\t\t\t\t<\/div>\n\t\t\t\t<\/div>\n\t\t\t\t\t<\/div>\n\t\t<\/div>\n\t\t\t\t\t<\/div>\n\t\t<\/section>\n\t\t\t\t<\/div>\n\t\t","protected":false},"excerpt":{"rendered":"<p>Schulsportverein Club SMS Deutschfeistritz Als\u00a0Sportmittelschule Deutschfeistritz\u00a0ist Bewegung ein zentraler Bestandteil unseres Schulalltags. Um sportlich besonders engagierten Kindern noch mehr M\u00f6glichkeiten zu bieten, f\u00fchren wir parallel zur Schule unseren\u00a0Schulsportverein \u201eClub SMS Deutschfeistritz\u201c. Der Verein wird von den\u00a0Sportlehrerinnen und Sportlehrern unserer Schule\u00a0geleitet und bietet den Sch\u00fclerinnen und Sch\u00fclern\u00a0ein w\u00f6chentliches zus\u00e4tzliches Leichtathletiktraining. Dieses Training erg\u00e4nzt den regul\u00e4ren Sportunterricht [&hellip;]<\/p>\n","protected":false},"author":158725272,"featured_media":0,"parent":0,"menu_order":0,"comment_status":"closed","ping_status":"closed","template":"","meta":{"site-sidebar-layout":"no-sidebar","site-content-layout":"page-builder","ast-site-content-layout":"full-width-container","site-content-style":"unboxed","site-sidebar-style":"unboxed","ast-global-header-display":"","ast-banner-title-visibility":"","ast-main-header-display":"","ast-hfb-above-header-display":"","ast-hfb-below-header-display":"","ast-hfb-mobile-header-display":"","site-post-title":"disabled","ast-breadcrumbs-content":"","ast-featured-img":"disabled","footer-sml-layout":"","ast-disable-related-posts":"","theme-transparent-header-meta":"default","adv-header-id-meta":"","stick-header-meta":"","header-above-stick-meta":"","header-main-stick-meta":"","header-below-stick-meta":"","astra-migrate-meta-layouts":"set","ast-page-background-enabled":"default","ast-page-background-meta":{"desktop":{"background-color":"","background-image":"","background-repeat":"repeat","background-position":"center center","background-size":"auto","background-attachment":"scroll","background-type":"","background-media":"","overlay-type":"","overlay-color":"","overlay-opacity":"","overlay-gradient":""},"tablet":{"background-color":"","background-image":"","background-repeat":"repeat","background-position":"center center","background-size":"auto","background-attachment":"scroll","background-type":"","background-media":"","overlay-type":"","overlay-color":"","overlay-opacity":"","overlay-gradient":""},"mobile":{"background-color":"","background-image":"","background-repeat":"repeat","background-position":"center center","background-size":"auto","background-attachment":"scroll","background-type":"","background-media":"","overlay-type":"","overlay-color":"","overlay-opacity":"","overlay-gradient":""}},"ast-content-background-meta":{"desktop":{"background-color":"var(--ast-global-color-5)","background-image":"","background-repeat":"repeat","background-position":"center center","background-size":"auto","background-attachment":"scroll","background-type":"","background-media":"","overlay-type":"","overlay-color":"","overlay-opacity":"","overlay-gradient":""},"tablet":{"background-color":"var(--ast-global-color-5)","background-image":"","background-repeat":"repeat","background-position":"center center","background-size":"auto","background-attachment":"scroll","background-type":"","background-media":"","overlay-type":"","overlay-color":"","overlay-opacity":"","overlay-gradient":""},"mobile":{"background-color":"var(--ast-global-color-5)","background-image":"","background-repeat":"repeat","background-position":"center center","background-size":"auto","background-attachment":"scroll","background-type":"","background-media":"","overlay-type":"","overlay-color":"","overlay-opacity":"","overlay-gradient":""}},"footnotes":""},"class_list":["post-1639","page","type-page","status-publish","hentry"],"_links":{"self":[{"href":"https:\/\/www.szdf.at\/msdf\/wp-json\/wp\/v2\/pages\/1639","targetHints":{"allow":["GET"]}}],"collection":[{"href":"https:\/\/www.szdf.at\/msdf\/wp-json\/wp\/v2\/pages"}],"about":[{"href":"https:\/\/www.szdf.at\/msdf\/wp-json\/wp\/v2\/types\/page"}],"author":[{"embeddable":true,"href":"https:\/\/www.szdf.at\/msdf\/wp-json\/wp\/v2\/users\/158725272"}],"replies":[{"embeddable":true,"href":"https:\/\/www.szdf.at\/msdf\/wp-json\/wp\/v2\/comments?post=1639"}],"version-history":[{"count":46,"href":"https:\/\/www.szdf.at\/msdf\/wp-json\/wp\/v2\/pages\/1639\/revisions"}],"predecessor-version":[{"id":5348,"href":"https:\/\/www.szdf.at\/msdf\/wp-json\/wp\/v2\/pages\/1639\/revisions\/5348"}],"wp:attachment":[{"href":"https:\/\/www.szdf.at\/msdf\/wp-json\/wp\/v2\/media?parent=1639"}],"curies":[{"name":"wp","href":"https:\/\/api.w.org\/{rel}","templated":true}]}}