{"id":1645,"date":"2020-12-24T14:52:31","date_gmt":"2020-12-24T13:52:31","guid":{"rendered":"https:\/\/marieaufinger543685671.wpcomstaging.com\/?page_id=1645"},"modified":"2025-03-01T13:48:59","modified_gmt":"2025-03-01T12:48:59","slug":"sportanlagen","status":"publish","type":"page","link":"https:\/\/www.szdf.at\/msdf\/sportanlagen\/","title":{"rendered":"SPORTANLAGEN"},"content":{"rendered":"\t\t<div data-elementor-type=\"wp-page\" data-elementor-id=\"1645\" class=\"elementor elementor-1645\" data-elementor-post-type=\"page\">\n\t\t\t\t\t\t<section class=\"elementor-section elementor-top-section elementor-element elementor-element-5cf2a19 elementor-section-height-full elementor-section-boxed elementor-section-height-default elementor-section-items-middle\" data-id=\"5cf2a19\" data-element_type=\"section\" data-e-type=\"section\" data-settings=\"{&quot;background_background&quot;:&quot;slideshow&quot;,&quot;background_slideshow_gallery&quot;:[{&quot;id&quot;:689,&quot;url&quot;:&quot;https:\\\/\\\/www.szdf.at\\\/msdf\\\/wp-content\\\/uploads\\\/2020\\\/02\\\/AB3I5856.jpg&quot;},{&quot;id&quot;:629,&quot;url&quot;:&quot;https:\\\/\\\/www.szdf.at\\\/msdf\\\/wp-content\\\/uploads\\\/2020\\\/02\\\/AB3I7330.jpg&quot;},{&quot;id&quot;:699,&quot;url&quot;:&quot;https:\\\/\\\/www.szdf.at\\\/msdf\\\/wp-content\\\/uploads\\\/2020\\\/02\\\/AB3I7170.jpg&quot;},{&quot;id&quot;:700,&quot;url&quot;:&quot;https:\\\/\\\/www.szdf.at\\\/msdf\\\/wp-content\\\/uploads\\\/2020\\\/02\\\/AB3I7361.jpg&quot;},{&quot;id&quot;:642,&quot;url&quot;:&quot;https:\\\/\\\/www.szdf.at\\\/msdf\\\/wp-content\\\/uploads\\\/2020\\\/02\\\/AB3I9805.jpg&quot;},{&quot;id&quot;:524,&quot;url&quot;:&quot;https:\\\/\\\/www.szdf.at\\\/msdf\\\/wp-content\\\/uploads\\\/2020\\\/02\\\/AB3I0036.jpg&quot;}],&quot;background_slideshow_transition_duration&quot;:700,&quot;background_slideshow_loop&quot;:&quot;yes&quot;,&quot;background_slideshow_slide_duration&quot;:5000,&quot;background_slideshow_slide_transition&quot;:&quot;fade&quot;}\">\n\t\t\t\t\t\t\t<div class=\"elementor-background-overlay\"><\/div>\n\t\t\t\t\t\t\t<div class=\"elementor-container elementor-column-gap-default\">\n\t\t\t\t\t<div class=\"elementor-column elementor-col-33 elementor-top-column elementor-element elementor-element-dd2594e\" data-id=\"dd2594e\" data-element_type=\"column\" data-e-type=\"column\">\n\t\t\t<div class=\"elementor-widget-wrap\">\n\t\t\t\t\t\t\t<\/div>\n\t\t<\/div>\n\t\t\t\t<div class=\"elementor-column elementor-col-33 elementor-top-column elementor-element elementor-element-b1527ab\" data-id=\"b1527ab\" data-element_type=\"column\" data-e-type=\"column\">\n\t\t\t<div class=\"elementor-widget-wrap elementor-element-populated\">\n\t\t\t\t\t\t<div class=\"elementor-element elementor-element-013cbb2 elementor-widget elementor-widget-heading\" data-id=\"013cbb2\" data-element_type=\"widget\" data-e-type=\"widget\" data-widget_type=\"heading.default\">\n\t\t\t\t<div class=\"elementor-widget-container\">\n\t\t\t\t\t<h1 class=\"elementor-heading-title elementor-size-default\">Sportanlagen<\/h1>\t\t\t\t<\/div>\n\t\t\t\t<\/div>\n\t\t\t\t<div class=\"elementor-element elementor-element-fb03988 elementor-widget-divider--view-line elementor-widget elementor-widget-divider\" data-id=\"fb03988\" data-element_type=\"widget\" data-e-type=\"widget\" data-widget_type=\"divider.default\">\n\t\t\t\t<div class=\"elementor-widget-container\">\n\t\t\t\t\t\t\t<div class=\"elementor-divider\">\n\t\t\t<span class=\"elementor-divider-separator\">\n\t\t\t\t\t\t<\/span>\n\t\t<\/div>\n\t\t\t\t\t\t<\/div>\n\t\t\t\t<\/div>\n\t\t\t\t<div class=\"elementor-element elementor-element-6ab8faf elementor-view-default elementor-widget elementor-widget-icon\" data-id=\"6ab8faf\" data-element_type=\"widget\" data-e-type=\"widget\" data-widget_type=\"icon.default\">\n\t\t\t\t<div class=\"elementor-widget-container\">\n\t\t\t\t\t\t\t<div class=\"elementor-icon-wrapper\">\n\t\t\t<a class=\"elementor-icon elementor-animation-sink\" href=\"#Start\">\n\t\t\t<i aria-hidden=\"true\" class=\"far fa-arrow-alt-circle-down\"><\/i>\t\t\t<\/a>\n\t\t<\/div>\n\t\t\t\t\t\t<\/div>\n\t\t\t\t<\/div>\n\t\t\t\t\t<\/div>\n\t\t<\/div>\n\t\t\t\t<div class=\"elementor-column elementor-col-33 elementor-top-column elementor-element elementor-element-2cc2f7e\" data-id=\"2cc2f7e\" data-element_type=\"column\" data-e-type=\"column\">\n\t\t\t<div class=\"elementor-widget-wrap\">\n\t\t\t\t\t\t\t<\/div>\n\t\t<\/div>\n\t\t\t\t\t<\/div>\n\t\t<\/section>\n\t\t\t\t<section class=\"elementor-section elementor-top-section elementor-element elementor-element-0409d4a elementor-section-boxed elementor-section-height-default elementor-section-height-default\" data-id=\"0409d4a\" data-element_type=\"section\" data-e-type=\"section\">\n\t\t\t\t\t\t<div class=\"elementor-container elementor-column-gap-default\">\n\t\t\t\t\t<div class=\"elementor-column elementor-col-100 elementor-top-column elementor-element elementor-element-2a85d69\" data-id=\"2a85d69\" data-element_type=\"column\" data-e-type=\"column\">\n\t\t\t<div class=\"elementor-widget-wrap elementor-element-populated\">\n\t\t\t\t\t\t<div class=\"elementor-element elementor-element-786917e elementor-widget elementor-widget-spacer\" data-id=\"786917e\" data-element_type=\"widget\" data-e-type=\"widget\" data-widget_type=\"spacer.default\">\n\t\t\t\t<div class=\"elementor-widget-container\">\n\t\t\t\t\t\t\t<div class=\"elementor-spacer\">\n\t\t\t<div class=\"elementor-spacer-inner\"><\/div>\n\t\t<\/div>\n\t\t\t\t\t\t<\/div>\n\t\t\t\t<\/div>\n\t\t\t\t<div class=\"elementor-element elementor-element-001cb4c elementor-widget elementor-widget-heading\" data-id=\"001cb4c\" data-element_type=\"widget\" data-e-type=\"widget\" data-widget_type=\"heading.default\">\n\t\t\t\t<div class=\"elementor-widget-container\">\n\t\t\t\t\t<h2 class=\"elementor-heading-title elementor-size-default\">Sportanlagen<\/h2>\t\t\t\t<\/div>\n\t\t\t\t<\/div>\n\t\t\t\t<div class=\"elementor-element elementor-element-94a1d4e elementor-widget-divider--view-line elementor-widget elementor-widget-divider\" data-id=\"94a1d4e\" data-element_type=\"widget\" data-e-type=\"widget\" data-widget_type=\"divider.default\">\n\t\t\t\t<div class=\"elementor-widget-container\">\n\t\t\t\t\t\t\t<div class=\"elementor-divider\">\n\t\t\t<span class=\"elementor-divider-separator\">\n\t\t\t\t\t\t<\/span>\n\t\t<\/div>\n\t\t\t\t\t\t<\/div>\n\t\t\t\t<\/div>\n\t\t\t\t<div class=\"elementor-element elementor-element-368b5db elementor-widget elementor-widget-menu-anchor\" data-id=\"368b5db\" data-element_type=\"widget\" data-e-type=\"widget\" data-widget_type=\"menu-anchor.default\">\n\t\t\t\t<div class=\"elementor-widget-container\">\n\t\t\t\t\t\t\t<div class=\"elementor-menu-anchor\" id=\"Start\"><\/div>\n\t\t\t\t\t\t<\/div>\n\t\t\t\t<\/div>\n\t\t\t\t<div class=\"elementor-element elementor-element-2ee0a9d elementor-widget elementor-widget-text-editor\" data-id=\"2ee0a9d\" data-element_type=\"widget\" data-e-type=\"widget\" data-widget_type=\"text-editor.default\">\n\t\t\t\t<div class=\"elementor-widget-container\">\n\t\t\t\t\t\t\t\t\t<p><b>Turnsaal <\/b><br \/>modernste Ausstattung wie integrierter Slackline, <br \/>verstellbaren Basketballk\u00f6rben und Soundanlage<\/p><p><b>Mehrfachhalle <\/b><br \/>gro\u00dfe Halle mit automatischer Trennwand und Kletterwand, <br \/>geeignet f\u00fcr alle Sportarten<\/p><p><b>Schwimmbad <\/b><br \/>neue Anlage mit stufenlos verstellbarer Wassertiefe und Startsockel<\/p><p><b>Funcourt<br \/><\/b>Multifunktionale Sportanlage bietet M\u00f6glichkeiten wie <br \/>z.B. Volleyball, Basketball, Fu\u00dfball und vieles mehr.<\/p><p><b>\u00a0<\/b><b>Leichtathletik-Anlage<\/b><br \/>100m Laufbahn<br \/>Weitsprunganlage<br \/>Kugelsto\u00dfanlage<br \/>Hochsprunganlage<\/p><p><b>Outdoor-Sport au\u00dferhalb des Schulgel\u00e4ndes<br \/><\/b>Laufwege sowie Fitness- und Koordinationsparcours<\/p>\t\t\t\t\t\t\t\t<\/div>\n\t\t\t\t<\/div>\n\t\t\t\t<div class=\"elementor-element elementor-element-f186278 elementor-widget elementor-widget-spacer\" data-id=\"f186278\" data-element_type=\"widget\" data-e-type=\"widget\" data-widget_type=\"spacer.default\">\n\t\t\t\t<div class=\"elementor-widget-container\">\n\t\t\t\t\t\t\t<div class=\"elementor-spacer\">\n\t\t\t<div class=\"elementor-spacer-inner\"><\/div>\n\t\t<\/div>\n\t\t\t\t\t\t<\/div>\n\t\t\t\t<\/div>\n\t\t\t\t\t<\/div>\n\t\t<\/div>\n\t\t\t\t\t<\/div>\n\t\t<\/section>\n\t\t\t\t<\/div>\n\t\t","protected":false},"excerpt":{"rendered":"<p>Sportanlagen Sportanlagen Turnsaal modernste Ausstattung wie integrierter Slackline, verstellbaren Basketballk\u00f6rben und Soundanlage Mehrfachhalle gro\u00dfe Halle mit automatischer Trennwand und Kletterwand, geeignet f\u00fcr alle Sportarten Schwimmbad neue Anlage mit stufenlos verstellbarer Wassertiefe und Startsockel FuncourtMultifunktionale Sportanlage bietet M\u00f6glichkeiten wie z.B. Volleyball, Basketball, Fu\u00dfball und vieles mehr. \u00a0Leichtathletik-Anlage100m LaufbahnWeitsprunganlageKugelsto\u00dfanlageHochsprunganlage Outdoor-Sport au\u00dferhalb des Schulgel\u00e4ndesLaufwege sowie Fitness- und Koordinationsparcours<\/p>\n","protected":false},"author":158725272,"featured_media":0,"parent":0,"menu_order":0,"comment_status":"closed","ping_status":"closed","template":"","meta":{"site-sidebar-layout":"no-sidebar","site-content-layout":"page-builder","ast-site-content-layout":"default","site-content-style":"default","site-sidebar-style":"default","ast-global-header-display":"","ast-banner-title-visibility":"","ast-main-header-display":"","ast-hfb-above-header-display":"","ast-hfb-below-header-display":"","ast-hfb-mobile-header-display":"","site-post-title":"disabled","ast-breadcrumbs-content":"","ast-featured-img":"disabled","footer-sml-layout":"","ast-disable-related-posts":"","theme-transparent-header-meta":"default","adv-header-id-meta":"","stick-header-meta":"","header-above-stick-meta":"","header-main-stick-meta":"","header-below-stick-meta":"","astra-migrate-meta-layouts":"default","ast-page-background-enabled":"default","ast-page-background-meta":{"desktop":{"background-color":"","background-image":"","background-repeat":"repeat","background-position":"center center","background-size":"auto","background-attachment":"scroll","background-type":"","background-media":"","overlay-type":"","overlay-color":"","overlay-opacity":"","overlay-gradient":""},"tablet":{"background-color":"","background-image":"","background-repeat":"repeat","background-position":"center center","background-size":"auto","background-attachment":"scroll","background-type":"","background-media":"","overlay-type":"","overlay-color":"","overlay-opacity":"","overlay-gradient":""},"mobile":{"background-color":"","background-image":"","background-repeat":"repeat","background-position":"center center","background-size":"auto","background-attachment":"scroll","background-type":"","background-media":"","overlay-type":"","overlay-color":"","overlay-opacity":"","overlay-gradient":""}},"ast-content-background-meta":{"desktop":{"background-color":"var(--ast-global-color-5)","background-image":"","background-repeat":"repeat","background-position":"center center","background-size":"auto","background-attachment":"scroll","background-type":"","background-media":"","overlay-type":"","overlay-color":"","overlay-opacity":"","overlay-gradient":""},"tablet":{"background-color":"var(--ast-global-color-5)","background-image":"","background-repeat":"repeat","background-position":"center center","background-size":"auto","background-attachment":"scroll","background-type":"","background-media":"","overlay-type":"","overlay-color":"","overlay-opacity":"","overlay-gradient":""},"mobile":{"background-color":"var(--ast-global-color-5)","background-image":"","background-repeat":"repeat","background-position":"center center","background-size":"auto","background-attachment":"scroll","background-type":"","background-media":"","overlay-type":"","overlay-color":"","overlay-opacity":"","overlay-gradient":""}},"footnotes":""},"class_list":["post-1645","page","type-page","status-publish","hentry"],"_links":{"self":[{"href":"https:\/\/www.szdf.at\/msdf\/wp-json\/wp\/v2\/pages\/1645","targetHints":{"allow":["GET"]}}],"collection":[{"href":"https:\/\/www.szdf.at\/msdf\/wp-json\/wp\/v2\/pages"}],"about":[{"href":"https:\/\/www.szdf.at\/msdf\/wp-json\/wp\/v2\/types\/page"}],"author":[{"embeddable":true,"href":"https:\/\/www.szdf.at\/msdf\/wp-json\/wp\/v2\/users\/158725272"}],"replies":[{"embeddable":true,"href":"https:\/\/www.szdf.at\/msdf\/wp-json\/wp\/v2\/comments?post=1645"}],"version-history":[{"count":29,"href":"https:\/\/www.szdf.at\/msdf\/wp-json\/wp\/v2\/pages\/1645\/revisions"}],"predecessor-version":[{"id":4410,"href":"https:\/\/www.szdf.at\/msdf\/wp-json\/wp\/v2\/pages\/1645\/revisions\/4410"}],"wp:attachment":[{"href":"https:\/\/www.szdf.at\/msdf\/wp-json\/wp\/v2\/media?parent=1645"}],"curies":[{"name":"wp","href":"https:\/\/api.w.org\/{rel}","templated":true}]}}