{"id":2651,"date":"2022-04-23T20:34:37","date_gmt":"2022-04-23T18:34:37","guid":{"rendered":"https:\/\/marieaufinger543685671.wpcomstaging.com\/?page_id=2651"},"modified":"2025-03-01T13:40:08","modified_gmt":"2025-03-01T12:40:08","slug":"geometrisches-zeichnen","status":"publish","type":"page","link":"https:\/\/www.szdf.at\/msdf\/geometrisches-zeichnen\/","title":{"rendered":"Geometrisches Zeichnen"},"content":{"rendered":"\t\t<div data-elementor-type=\"wp-page\" data-elementor-id=\"2651\" class=\"elementor elementor-2651\" data-elementor-post-type=\"page\">\n\t\t\t\t\t\t<section class=\"elementor-section elementor-top-section elementor-element elementor-element-a78a7a3 elementor-section-height-full elementor-section-boxed elementor-section-height-default elementor-section-items-middle\" data-id=\"a78a7a3\" data-element_type=\"section\" data-e-type=\"section\" data-settings=\"{&quot;background_background&quot;:&quot;slideshow&quot;,&quot;background_slideshow_gallery&quot;:[{&quot;id&quot;:2639,&quot;url&quot;:&quot;https:\\\/\\\/www.szdf.at\\\/msdf\\\/wp-content\\\/uploads\\\/2022\\\/04\\\/20211210_133255.jpg&quot;},{&quot;id&quot;:2638,&quot;url&quot;:&quot;https:\\\/\\\/www.szdf.at\\\/msdf\\\/wp-content\\\/uploads\\\/2022\\\/04\\\/20210319_133725.jpg&quot;},{&quot;id&quot;:2637,&quot;url&quot;:&quot;https:\\\/\\\/www.szdf.at\\\/msdf\\\/wp-content\\\/uploads\\\/2022\\\/04\\\/20210625_130233-2.jpg&quot;},{&quot;id&quot;:2643,&quot;url&quot;:&quot;https:\\\/\\\/www.szdf.at\\\/msdf\\\/wp-content\\\/uploads\\\/2022\\\/04\\\/Bildschirmfoto-2022-04-23-um-20.29.44.png&quot;},{&quot;id&quot;:2635,&quot;url&quot;:&quot;https:\\\/\\\/www.szdf.at\\\/msdf\\\/wp-content\\\/uploads\\\/2022\\\/04\\\/IMG-20211210-WA0002.jpg&quot;}],&quot;background_slideshow_transition_duration&quot;:700,&quot;background_slideshow_loop&quot;:&quot;yes&quot;,&quot;background_slideshow_slide_duration&quot;:5000,&quot;background_slideshow_slide_transition&quot;:&quot;fade&quot;}\">\n\t\t\t\t\t\t\t<div class=\"elementor-background-overlay\"><\/div>\n\t\t\t\t\t\t\t<div class=\"elementor-container elementor-column-gap-default\">\n\t\t\t\t\t<div class=\"elementor-column elementor-col-33 elementor-top-column elementor-element elementor-element-90ad9ac\" data-id=\"90ad9ac\" data-element_type=\"column\" data-e-type=\"column\">\n\t\t\t<div class=\"elementor-widget-wrap\">\n\t\t\t\t\t\t\t<\/div>\n\t\t<\/div>\n\t\t\t\t<div class=\"elementor-column elementor-col-33 elementor-top-column elementor-element elementor-element-c61617b\" data-id=\"c61617b\" data-element_type=\"column\" data-e-type=\"column\">\n\t\t\t<div class=\"elementor-widget-wrap elementor-element-populated\">\n\t\t\t\t\t\t<div class=\"elementor-element elementor-element-d733e51 elementor-widget elementor-widget-heading\" data-id=\"d733e51\" data-element_type=\"widget\" data-e-type=\"widget\" data-widget_type=\"heading.default\">\n\t\t\t\t<div class=\"elementor-widget-container\">\n\t\t\t\t\t<h1 class=\"elementor-heading-title elementor-size-default\">Geometrisches Zeichnen<\/h1>\t\t\t\t<\/div>\n\t\t\t\t<\/div>\n\t\t\t\t<div class=\"elementor-element elementor-element-f23b3fb elementor-widget-divider--view-line elementor-widget elementor-widget-divider\" data-id=\"f23b3fb\" data-element_type=\"widget\" data-e-type=\"widget\" data-widget_type=\"divider.default\">\n\t\t\t\t<div class=\"elementor-widget-container\">\n\t\t\t\t\t\t\t<div class=\"elementor-divider\">\n\t\t\t<span class=\"elementor-divider-separator\">\n\t\t\t\t\t\t<\/span>\n\t\t<\/div>\n\t\t\t\t\t\t<\/div>\n\t\t\t\t<\/div>\n\t\t\t\t<div class=\"elementor-element elementor-element-68b83c3 elementor-view-default elementor-widget elementor-widget-icon\" data-id=\"68b83c3\" data-element_type=\"widget\" data-e-type=\"widget\" data-widget_type=\"icon.default\">\n\t\t\t\t<div class=\"elementor-widget-container\">\n\t\t\t\t\t\t\t<div class=\"elementor-icon-wrapper\">\n\t\t\t<a class=\"elementor-icon elementor-animation-sink\" href=\"#Start\">\n\t\t\t<i aria-hidden=\"true\" class=\"far fa-arrow-alt-circle-down\"><\/i>\t\t\t<\/a>\n\t\t<\/div>\n\t\t\t\t\t\t<\/div>\n\t\t\t\t<\/div>\n\t\t\t\t\t<\/div>\n\t\t<\/div>\n\t\t\t\t<div class=\"elementor-column elementor-col-33 elementor-top-column elementor-element elementor-element-9a808f6\" data-id=\"9a808f6\" data-element_type=\"column\" data-e-type=\"column\">\n\t\t\t<div class=\"elementor-widget-wrap\">\n\t\t\t\t\t\t\t<\/div>\n\t\t<\/div>\n\t\t\t\t\t<\/div>\n\t\t<\/section>\n\t\t\t\t<section class=\"elementor-section elementor-top-section elementor-element elementor-element-ffa8cd8 elementor-section-boxed elementor-section-height-default elementor-section-height-default\" data-id=\"ffa8cd8\" data-element_type=\"section\" data-e-type=\"section\">\n\t\t\t\t\t\t<div class=\"elementor-container elementor-column-gap-default\">\n\t\t\t\t\t<div class=\"elementor-column elementor-col-100 elementor-top-column elementor-element elementor-element-6775eae\" data-id=\"6775eae\" data-element_type=\"column\" data-e-type=\"column\">\n\t\t\t<div class=\"elementor-widget-wrap elementor-element-populated\">\n\t\t\t\t\t\t<div class=\"elementor-element elementor-element-51bb8dc elementor-widget elementor-widget-spacer\" data-id=\"51bb8dc\" data-element_type=\"widget\" data-e-type=\"widget\" data-widget_type=\"spacer.default\">\n\t\t\t\t<div class=\"elementor-widget-container\">\n\t\t\t\t\t\t\t<div class=\"elementor-spacer\">\n\t\t\t<div class=\"elementor-spacer-inner\"><\/div>\n\t\t<\/div>\n\t\t\t\t\t\t<\/div>\n\t\t\t\t<\/div>\n\t\t\t\t<div class=\"elementor-element elementor-element-702a4a4 elementor-widget elementor-widget-heading\" data-id=\"702a4a4\" data-element_type=\"widget\" data-e-type=\"widget\" data-widget_type=\"heading.default\">\n\t\t\t\t<div class=\"elementor-widget-container\">\n\t\t\t\t\t<h2 class=\"elementor-heading-title elementor-size-default\">Darstellende Geometrie - <br>Geometrisches Zeichnen<\/h2>\t\t\t\t<\/div>\n\t\t\t\t<\/div>\n\t\t\t\t<div class=\"elementor-element elementor-element-9c56099 elementor-widget-divider--view-line elementor-widget elementor-widget-divider\" data-id=\"9c56099\" data-element_type=\"widget\" data-e-type=\"widget\" data-widget_type=\"divider.default\">\n\t\t\t\t<div class=\"elementor-widget-container\">\n\t\t\t\t\t\t\t<div class=\"elementor-divider\">\n\t\t\t<span class=\"elementor-divider-separator\">\n\t\t\t\t\t\t<\/span>\n\t\t<\/div>\n\t\t\t\t\t\t<\/div>\n\t\t\t\t<\/div>\n\t\t\t\t<div class=\"elementor-element elementor-element-11db050 elementor-widget elementor-widget-menu-anchor\" data-id=\"11db050\" data-element_type=\"widget\" data-e-type=\"widget\" data-widget_type=\"menu-anchor.default\">\n\t\t\t\t<div class=\"elementor-widget-container\">\n\t\t\t\t\t\t\t<div class=\"elementor-menu-anchor\" id=\"Start\"><\/div>\n\t\t\t\t\t\t<\/div>\n\t\t\t\t<\/div>\n\t\t\t\t<div class=\"elementor-element elementor-element-c90cf9c elementor-widget elementor-widget-text-editor\" data-id=\"c90cf9c\" data-element_type=\"widget\" data-e-type=\"widget\" data-widget_type=\"text-editor.default\">\n\t\t\t\t<div class=\"elementor-widget-container\">\n\t\t\t\t\t\t\t\t\t<p>Das r\u00e4umliche Vorstellungsverm\u00f6gen und das Raumdenken zu schulen und zu f\u00f6rdern, steht im Unterrichtsfach Geometrisches Zeichnen an vorderster Stelle<em>.<\/em><\/p>\t\t\t\t\t\t\t\t<\/div>\n\t\t\t\t<\/div>\n\t\t\t\t<div class=\"elementor-element elementor-element-548cf7c elementor-widget elementor-widget-text-editor\" data-id=\"548cf7c\" data-element_type=\"widget\" data-e-type=\"widget\" data-widget_type=\"text-editor.default\">\n\t\t\t\t<div class=\"elementor-widget-container\">\n\t\t\t\t\t\t\t\t\t<p><em><strong>EINIGE TEILBEREICHE, DIE DAS UNTERRICHTSFACH UMSPANNEN:<\/strong><\/em><\/p>\t\t\t\t\t\t\t\t<\/div>\n\t\t\t\t<\/div>\n\t\t\t\t<div class=\"elementor-element elementor-element-aa95465 elementor-widget elementor-widget-text-editor\" data-id=\"aa95465\" data-element_type=\"widget\" data-e-type=\"widget\" data-widget_type=\"text-editor.default\">\n\t\t\t\t<div class=\"elementor-widget-container\">\n\t\t\t\t\t\t\t\t\t<p>Kennenlernen und Anwenden von geometrischen Grundbegriffen und <br>-elementen und Konstruktionen. <\/p>\n<p>Erstellen von Skizzen, eigenst\u00e4ndiges Arbeiten und Gestalten, spielerisches Experimentieren <br>und die richtige Handhabung fachspezifischer Werkzeuge.<\/p>\n<p>Anwenden geometrischer Grundkenntnisse auf naturwissenschaftliche und technische <br>Problemstellungen sowie das Einsetzen von Handskizzen als Hilfsmittel bei der Entwurfsarbeit.<\/p>\t\t\t\t\t\t\t\t<\/div>\n\t\t\t\t<\/div>\n\t\t\t\t<div class=\"elementor-element elementor-element-e0b32b9 elementor-widget elementor-widget-spacer\" data-id=\"e0b32b9\" data-element_type=\"widget\" data-e-type=\"widget\" data-widget_type=\"spacer.default\">\n\t\t\t\t<div class=\"elementor-widget-container\">\n\t\t\t\t\t\t\t<div class=\"elementor-spacer\">\n\t\t\t<div class=\"elementor-spacer-inner\"><\/div>\n\t\t<\/div>\n\t\t\t\t\t\t<\/div>\n\t\t\t\t<\/div>\n\t\t\t\t<div class=\"elementor-element elementor-element-f5b0d18 elementor-widget elementor-widget-heading\" data-id=\"f5b0d18\" data-element_type=\"widget\" data-e-type=\"widget\" data-widget_type=\"heading.default\">\n\t\t\t\t<div class=\"elementor-widget-container\">\n\t\t\t\t\t<h2 class=\"elementor-heading-title elementor-size-default\">Einblicke der Umsetzung<\/h2>\t\t\t\t<\/div>\n\t\t\t\t<\/div>\n\t\t\t\t<div class=\"elementor-element elementor-element-66f0586 elementor-widget-divider--view-line elementor-widget elementor-widget-divider\" data-id=\"66f0586\" data-element_type=\"widget\" data-e-type=\"widget\" data-widget_type=\"divider.default\">\n\t\t\t\t<div class=\"elementor-widget-container\">\n\t\t\t\t\t\t\t<div class=\"elementor-divider\">\n\t\t\t<span class=\"elementor-divider-separator\">\n\t\t\t\t\t\t<\/span>\n\t\t<\/div>\n\t\t\t\t\t\t<\/div>\n\t\t\t\t<\/div>\n\t\t\t\t<div class=\"elementor-element elementor-element-38325ae elementor-widget elementor-widget-spacer\" data-id=\"38325ae\" data-element_type=\"widget\" data-e-type=\"widget\" data-widget_type=\"spacer.default\">\n\t\t\t\t<div class=\"elementor-widget-container\">\n\t\t\t\t\t\t\t<div class=\"elementor-spacer\">\n\t\t\t<div class=\"elementor-spacer-inner\"><\/div>\n\t\t<\/div>\n\t\t\t\t\t\t<\/div>\n\t\t\t\t<\/div>\n\t\t\t\t<div class=\"elementor-element elementor-element-88e9997 elementor-widget elementor-widget-image-gallery\" data-id=\"88e9997\" data-element_type=\"widget\" data-e-type=\"widget\" data-widget_type=\"image-gallery.default\">\n\t\t\t\t<div class=\"elementor-widget-container\">\n\t\t\t\t\t\t\t<div class=\"elementor-image-gallery\">\n\t\t\t<div id='gallery-1' class='gallery galleryid-2651 gallery-columns-3 gallery-size-large'><figure class='gallery-item'>\n\t\t\t<div class='gallery-icon landscape'>\n\t\t\t\t<a data-elementor-open-lightbox=\"yes\" data-elementor-lightbox-slideshow=\"88e9997\" data-elementor-lightbox-title=\"IMG-20211210-WA0001\" data-e-action-hash=\"#elementor-action%3Aaction%3Dlightbox%26settings%3DeyJpZCI6MjY2NSwidXJsIjoiaHR0cHM6XC9cL3d3dy5zemRmLmF0XC9tc2RmXC93cC1jb250ZW50XC91cGxvYWRzXC8yMDIyXC8wNFwvSU1HLTIwMjExMjEwLVdBMDAwMS5qcGciLCJzbGlkZXNob3ciOiI4OGU5OTk3In0%3D\" href='https:\/\/www.szdf.at\/msdf\/wp-content\/uploads\/2022\/04\/IMG-20211210-WA0001.jpg'><img fetchpriority=\"high\" decoding=\"async\" width=\"1024\" height=\"768\" src=\"https:\/\/www.szdf.at\/msdf\/wp-content\/uploads\/2022\/04\/IMG-20211210-WA0001.jpg\" class=\"attachment-large size-large\" alt=\"\" srcset=\"https:\/\/www.szdf.at\/msdf\/wp-content\/uploads\/2022\/04\/IMG-20211210-WA0001.jpg 1024w, https:\/\/www.szdf.at\/msdf\/wp-content\/uploads\/2022\/04\/IMG-20211210-WA0001-300x225.jpg 300w, https:\/\/www.szdf.at\/msdf\/wp-content\/uploads\/2022\/04\/IMG-20211210-WA0001-768x576.jpg 768w, https:\/\/www.szdf.at\/msdf\/wp-content\/uploads\/2022\/04\/IMG-20211210-WA0001-24x18.jpg 24w, https:\/\/www.szdf.at\/msdf\/wp-content\/uploads\/2022\/04\/IMG-20211210-WA0001-36x27.jpg 36w, https:\/\/www.szdf.at\/msdf\/wp-content\/uploads\/2022\/04\/IMG-20211210-WA0001-48x36.jpg 48w\" sizes=\"(max-width: 1024px) 100vw, 1024px\" \/><\/a>\n\t\t\t<\/div><\/figure><figure class='gallery-item'>\n\t\t\t<div class='gallery-icon landscape'>\n\t\t\t\t<a data-elementor-open-lightbox=\"yes\" data-elementor-lightbox-slideshow=\"88e9997\" data-elementor-lightbox-title=\"IMG-20220117-WA0000\" data-e-action-hash=\"#elementor-action%3Aaction%3Dlightbox%26settings%3DeyJpZCI6MjY2NiwidXJsIjoiaHR0cHM6XC9cL3d3dy5zemRmLmF0XC9tc2RmXC93cC1jb250ZW50XC91cGxvYWRzXC8yMDIyXC8wNFwvSU1HLTIwMjIwMTE3LVdBMDAwMC5qcGciLCJzbGlkZXNob3ciOiI4OGU5OTk3In0%3D\" href='https:\/\/www.szdf.at\/msdf\/wp-content\/uploads\/2022\/04\/IMG-20220117-WA0000.jpg'><img decoding=\"async\" width=\"1024\" height=\"768\" src=\"https:\/\/www.szdf.at\/msdf\/wp-content\/uploads\/2022\/04\/IMG-20220117-WA0000.jpg\" class=\"attachment-large size-large\" alt=\"\" srcset=\"https:\/\/www.szdf.at\/msdf\/wp-content\/uploads\/2022\/04\/IMG-20220117-WA0000.jpg 1024w, https:\/\/www.szdf.at\/msdf\/wp-content\/uploads\/2022\/04\/IMG-20220117-WA0000-300x225.jpg 300w, https:\/\/www.szdf.at\/msdf\/wp-content\/uploads\/2022\/04\/IMG-20220117-WA0000-768x576.jpg 768w, https:\/\/www.szdf.at\/msdf\/wp-content\/uploads\/2022\/04\/IMG-20220117-WA0000-24x18.jpg 24w, https:\/\/www.szdf.at\/msdf\/wp-content\/uploads\/2022\/04\/IMG-20220117-WA0000-36x27.jpg 36w, https:\/\/www.szdf.at\/msdf\/wp-content\/uploads\/2022\/04\/IMG-20220117-WA0000-48x36.jpg 48w\" sizes=\"(max-width: 1024px) 100vw, 1024px\" \/><\/a>\n\t\t\t<\/div><\/figure><figure class='gallery-item'>\n\t\t\t<div class='gallery-icon landscape'>\n\t\t\t\t<a data-elementor-open-lightbox=\"yes\" data-elementor-lightbox-slideshow=\"88e9997\" data-elementor-lightbox-title=\"IMG-20211210-WA0002\" data-e-action-hash=\"#elementor-action%3Aaction%3Dlightbox%26settings%3DeyJpZCI6MjYzNSwidXJsIjoiaHR0cHM6XC9cL3d3dy5zemRmLmF0XC9tc2RmXC93cC1jb250ZW50XC91cGxvYWRzXC8yMDIyXC8wNFwvSU1HLTIwMjExMjEwLVdBMDAwMi5qcGciLCJzbGlkZXNob3ciOiI4OGU5OTk3In0%3D\" href='https:\/\/www.szdf.at\/msdf\/wp-content\/uploads\/2022\/04\/IMG-20211210-WA0002.jpg'><img decoding=\"async\" width=\"1024\" height=\"768\" src=\"https:\/\/www.szdf.at\/msdf\/wp-content\/uploads\/2022\/04\/IMG-20211210-WA0002.jpg\" class=\"attachment-large size-large\" alt=\"\" srcset=\"https:\/\/www.szdf.at\/msdf\/wp-content\/uploads\/2022\/04\/IMG-20211210-WA0002.jpg 1024w, https:\/\/www.szdf.at\/msdf\/wp-content\/uploads\/2022\/04\/IMG-20211210-WA0002-300x225.jpg 300w, https:\/\/www.szdf.at\/msdf\/wp-content\/uploads\/2022\/04\/IMG-20211210-WA0002-768x576.jpg 768w, https:\/\/www.szdf.at\/msdf\/wp-content\/uploads\/2022\/04\/IMG-20211210-WA0002-24x18.jpg 24w, https:\/\/www.szdf.at\/msdf\/wp-content\/uploads\/2022\/04\/IMG-20211210-WA0002-36x27.jpg 36w, https:\/\/www.szdf.at\/msdf\/wp-content\/uploads\/2022\/04\/IMG-20211210-WA0002-48x36.jpg 48w\" sizes=\"(max-width: 1024px) 100vw, 1024px\" \/><\/a>\n\t\t\t<\/div><\/figure><figure class='gallery-item'>\n\t\t\t<div class='gallery-icon portrait'>\n\t\t\t\t<a data-elementor-open-lightbox=\"yes\" data-elementor-lightbox-slideshow=\"88e9997\" data-elementor-lightbox-title=\"IMG-20211213-WA0000\" data-e-action-hash=\"#elementor-action%3Aaction%3Dlightbox%26settings%3DeyJpZCI6MjYzNiwidXJsIjoiaHR0cHM6XC9cL3d3dy5zemRmLmF0XC9tc2RmXC93cC1jb250ZW50XC91cGxvYWRzXC8yMDIyXC8wNFwvSU1HLTIwMjExMjEzLVdBMDAwMC5qcGciLCJzbGlkZXNob3ciOiI4OGU5OTk3In0%3D\" href='https:\/\/www.szdf.at\/msdf\/wp-content\/uploads\/2022\/04\/IMG-20211213-WA0000.jpg'><img loading=\"lazy\" decoding=\"async\" width=\"768\" height=\"1024\" src=\"https:\/\/www.szdf.at\/msdf\/wp-content\/uploads\/2022\/04\/IMG-20211213-WA0000.jpg\" class=\"attachment-large size-large\" alt=\"\" srcset=\"https:\/\/www.szdf.at\/msdf\/wp-content\/uploads\/2022\/04\/IMG-20211213-WA0000.jpg 768w, https:\/\/www.szdf.at\/msdf\/wp-content\/uploads\/2022\/04\/IMG-20211213-WA0000-225x300.jpg 225w, https:\/\/www.szdf.at\/msdf\/wp-content\/uploads\/2022\/04\/IMG-20211213-WA0000-18x24.jpg 18w, https:\/\/www.szdf.at\/msdf\/wp-content\/uploads\/2022\/04\/IMG-20211213-WA0000-27x36.jpg 27w, https:\/\/www.szdf.at\/msdf\/wp-content\/uploads\/2022\/04\/IMG-20211213-WA0000-36x48.jpg 36w\" sizes=\"(max-width: 768px) 100vw, 768px\" \/><\/a>\n\t\t\t<\/div><\/figure><figure class='gallery-item'>\n\t\t\t<div class='gallery-icon portrait'>\n\t\t\t\t<a data-elementor-open-lightbox=\"yes\" data-elementor-lightbox-slideshow=\"88e9997\" data-elementor-lightbox-title=\"IMG-20211210-WA0000\" data-e-action-hash=\"#elementor-action%3Aaction%3Dlightbox%26settings%3DeyJpZCI6MjY2NCwidXJsIjoiaHR0cHM6XC9cL3d3dy5zemRmLmF0XC9tc2RmXC93cC1jb250ZW50XC91cGxvYWRzXC8yMDIyXC8wNFwvSU1HLTIwMjExMjEwLVdBMDAwMC5qcGciLCJzbGlkZXNob3ciOiI4OGU5OTk3In0%3D\" href='https:\/\/www.szdf.at\/msdf\/wp-content\/uploads\/2022\/04\/IMG-20211210-WA0000.jpg'><img loading=\"lazy\" decoding=\"async\" width=\"843\" height=\"1024\" src=\"https:\/\/www.szdf.at\/msdf\/wp-content\/uploads\/2022\/04\/IMG-20211210-WA0000.jpg\" class=\"attachment-large size-large\" alt=\"\" srcset=\"https:\/\/www.szdf.at\/msdf\/wp-content\/uploads\/2022\/04\/IMG-20211210-WA0000.jpg 843w, https:\/\/www.szdf.at\/msdf\/wp-content\/uploads\/2022\/04\/IMG-20211210-WA0000-247x300.jpg 247w, https:\/\/www.szdf.at\/msdf\/wp-content\/uploads\/2022\/04\/IMG-20211210-WA0000-768x933.jpg 768w, https:\/\/www.szdf.at\/msdf\/wp-content\/uploads\/2022\/04\/IMG-20211210-WA0000-20x24.jpg 20w, https:\/\/www.szdf.at\/msdf\/wp-content\/uploads\/2022\/04\/IMG-20211210-WA0000-30x36.jpg 30w, https:\/\/www.szdf.at\/msdf\/wp-content\/uploads\/2022\/04\/IMG-20211210-WA0000-40x48.jpg 40w\" sizes=\"(max-width: 843px) 100vw, 843px\" \/><\/a>\n\t\t\t<\/div><\/figure>\n\t\t<\/div>\n\t\t<\/div>\n\t\t\t\t\t\t<\/div>\n\t\t\t\t<\/div>\n\t\t\t\t<div class=\"elementor-element elementor-element-ea9410f elementor-widget elementor-widget-spacer\" data-id=\"ea9410f\" data-element_type=\"widget\" data-e-type=\"widget\" data-widget_type=\"spacer.default\">\n\t\t\t\t<div class=\"elementor-widget-container\">\n\t\t\t\t\t\t\t<div class=\"elementor-spacer\">\n\t\t\t<div class=\"elementor-spacer-inner\"><\/div>\n\t\t<\/div>\n\t\t\t\t\t\t<\/div>\n\t\t\t\t<\/div>\n\t\t\t\t<div class=\"elementor-element elementor-element-9f40e98 elementor-widget elementor-widget-image\" data-id=\"9f40e98\" data-element_type=\"widget\" data-e-type=\"widget\" data-widget_type=\"image.default\">\n\t\t\t\t<div class=\"elementor-widget-container\">\n\t\t\t\t\t\t\t\t\t\t\t\t\t\t\t<img loading=\"lazy\" decoding=\"async\" width=\"1024\" height=\"490\" src=\"https:\/\/www.szdf.at\/msdf\/wp-content\/uploads\/2020\/02\/mint-guetesiegel2019_RGB_large-1024x490.jpg\" class=\"attachment-large size-large wp-image-555\" alt=\"\" srcset=\"https:\/\/www.szdf.at\/msdf\/wp-content\/uploads\/2020\/02\/mint-guetesiegel2019_RGB_large-1024x490.jpg 1024w, https:\/\/www.szdf.at\/msdf\/wp-content\/uploads\/2020\/02\/mint-guetesiegel2019_RGB_large-300x144.jpg 300w, https:\/\/www.szdf.at\/msdf\/wp-content\/uploads\/2020\/02\/mint-guetesiegel2019_RGB_large-768x368.jpg 768w, https:\/\/www.szdf.at\/msdf\/wp-content\/uploads\/2020\/02\/mint-guetesiegel2019_RGB_large-1536x735.jpg 1536w, https:\/\/www.szdf.at\/msdf\/wp-content\/uploads\/2020\/02\/mint-guetesiegel2019_RGB_large.jpg 1956w\" sizes=\"(max-width: 1024px) 100vw, 1024px\" \/>\t\t\t\t\t\t\t\t\t\t\t\t\t\t\t<\/div>\n\t\t\t\t<\/div>\n\t\t\t\t<div class=\"elementor-element elementor-element-369c553 elementor-widget elementor-widget-spacer\" data-id=\"369c553\" data-element_type=\"widget\" data-e-type=\"widget\" data-widget_type=\"spacer.default\">\n\t\t\t\t<div class=\"elementor-widget-container\">\n\t\t\t\t\t\t\t<div class=\"elementor-spacer\">\n\t\t\t<div class=\"elementor-spacer-inner\"><\/div>\n\t\t<\/div>\n\t\t\t\t\t\t<\/div>\n\t\t\t\t<\/div>\n\t\t\t\t\t<\/div>\n\t\t<\/div>\n\t\t\t\t\t<\/div>\n\t\t<\/section>\n\t\t\t\t<\/div>\n\t\t","protected":false},"excerpt":{"rendered":"<p>Geometrisches Zeichnen Darstellende Geometrie &#8211; Geometrisches Zeichnen Das r\u00e4umliche Vorstellungsverm\u00f6gen und das Raumdenken zu schulen und zu f\u00f6rdern, steht im Unterrichtsfach Geometrisches Zeichnen an vorderster Stelle. EINIGE TEILBEREICHE, DIE DAS UNTERRICHTSFACH UMSPANNEN: Kennenlernen und Anwenden von geometrischen Grundbegriffen und -elementen und Konstruktionen. Erstellen von Skizzen, eigenst\u00e4ndiges Arbeiten und Gestalten, spielerisches Experimentieren und die richtige Handhabung [&hellip;]<\/p>\n","protected":false},"author":158725272,"featured_media":0,"parent":0,"menu_order":0,"comment_status":"closed","ping_status":"closed","template":"","meta":{"site-sidebar-layout":"no-sidebar","site-content-layout":"page-builder","ast-site-content-layout":"default","site-content-style":"default","site-sidebar-style":"default","ast-global-header-display":"","ast-banner-title-visibility":"","ast-main-header-display":"","ast-hfb-above-header-display":"","ast-hfb-below-header-display":"","ast-hfb-mobile-header-display":"","site-post-title":"disabled","ast-breadcrumbs-content":"","ast-featured-img":"disabled","footer-sml-layout":"","ast-disable-related-posts":"","theme-transparent-header-meta":"","adv-header-id-meta":"","stick-header-meta":"","header-above-stick-meta":"","header-main-stick-meta":"","header-below-stick-meta":"","astra-migrate-meta-layouts":"default","ast-page-background-enabled":"default","ast-page-background-meta":{"desktop":{"background-color":"","background-image":"","background-repeat":"repeat","background-position":"center center","background-size":"auto","background-attachment":"scroll","background-type":"","background-media":"","overlay-type":"","overlay-color":"","overlay-opacity":"","overlay-gradient":""},"tablet":{"background-color":"","background-image":"","background-repeat":"repeat","background-position":"center center","background-size":"auto","background-attachment":"scroll","background-type":"","background-media":"","overlay-type":"","overlay-color":"","overlay-opacity":"","overlay-gradient":""},"mobile":{"background-color":"","background-image":"","background-repeat":"repeat","background-position":"center center","background-size":"auto","background-attachment":"scroll","background-type":"","background-media":"","overlay-type":"","overlay-color":"","overlay-opacity":"","overlay-gradient":""}},"ast-content-background-meta":{"desktop":{"background-color":"var(--ast-global-color-5)","background-image":"","background-repeat":"repeat","background-position":"center center","background-size":"auto","background-attachment":"scroll","background-type":"","background-media":"","overlay-type":"","overlay-color":"","overlay-opacity":"","overlay-gradient":""},"tablet":{"background-color":"var(--ast-global-color-5)","background-image":"","background-repeat":"repeat","background-position":"center center","background-size":"auto","background-attachment":"scroll","background-type":"","background-media":"","overlay-type":"","overlay-color":"","overlay-opacity":"","overlay-gradient":""},"mobile":{"background-color":"var(--ast-global-color-5)","background-image":"","background-repeat":"repeat","background-position":"center center","background-size":"auto","background-attachment":"scroll","background-type":"","background-media":"","overlay-type":"","overlay-color":"","overlay-opacity":"","overlay-gradient":""}},"footnotes":""},"class_list":["post-2651","page","type-page","status-publish","hentry"],"_links":{"self":[{"href":"https:\/\/www.szdf.at\/msdf\/wp-json\/wp\/v2\/pages\/2651","targetHints":{"allow":["GET"]}}],"collection":[{"href":"https:\/\/www.szdf.at\/msdf\/wp-json\/wp\/v2\/pages"}],"about":[{"href":"https:\/\/www.szdf.at\/msdf\/wp-json\/wp\/v2\/types\/page"}],"author":[{"embeddable":true,"href":"https:\/\/www.szdf.at\/msdf\/wp-json\/wp\/v2\/users\/158725272"}],"replies":[{"embeddable":true,"href":"https:\/\/www.szdf.at\/msdf\/wp-json\/wp\/v2\/comments?post=2651"}],"version-history":[{"count":14,"href":"https:\/\/www.szdf.at\/msdf\/wp-json\/wp\/v2\/pages\/2651\/revisions"}],"predecessor-version":[{"id":4359,"href":"https:\/\/www.szdf.at\/msdf\/wp-json\/wp\/v2\/pages\/2651\/revisions\/4359"}],"wp:attachment":[{"href":"https:\/\/www.szdf.at\/msdf\/wp-json\/wp\/v2\/media?parent=2651"}],"curies":[{"name":"wp","href":"https:\/\/api.w.org\/{rel}","templated":true}]}}