{"id":2845,"date":"2022-09-30T16:05:31","date_gmt":"2022-09-30T14:05:31","guid":{"rendered":"https:\/\/marieaufinger543685671.wpcomstaging.com\/?page_id=2845"},"modified":"2025-03-28T08:00:48","modified_gmt":"2025-03-28T07:00:48","slug":"schulpsychologie","status":"publish","type":"page","link":"https:\/\/www.szdf.at\/msdf\/schulpsychologie\/","title":{"rendered":"SCHULPSYCHOLOGIE"},"content":{"rendered":"\t\t<div data-elementor-type=\"wp-page\" data-elementor-id=\"2845\" class=\"elementor elementor-2845\" data-elementor-post-type=\"page\">\n\t\t\t\t\t\t<section class=\"elementor-section elementor-top-section elementor-element elementor-element-3daca68 elementor-section-height-full elementor-section-boxed elementor-section-height-default elementor-section-items-middle\" data-id=\"3daca68\" data-element_type=\"section\" data-e-type=\"section\" data-settings=\"{&quot;background_background&quot;:&quot;slideshow&quot;,&quot;background_slideshow_gallery&quot;:[{&quot;id&quot;:689,&quot;url&quot;:&quot;https:\\\/\\\/www.szdf.at\\\/msdf\\\/wp-content\\\/uploads\\\/2020\\\/02\\\/AB3I5856.jpg&quot;},{&quot;id&quot;:629,&quot;url&quot;:&quot;https:\\\/\\\/www.szdf.at\\\/msdf\\\/wp-content\\\/uploads\\\/2020\\\/02\\\/AB3I7330.jpg&quot;},{&quot;id&quot;:699,&quot;url&quot;:&quot;https:\\\/\\\/www.szdf.at\\\/msdf\\\/wp-content\\\/uploads\\\/2020\\\/02\\\/AB3I7170.jpg&quot;},{&quot;id&quot;:700,&quot;url&quot;:&quot;https:\\\/\\\/www.szdf.at\\\/msdf\\\/wp-content\\\/uploads\\\/2020\\\/02\\\/AB3I7361.jpg&quot;},{&quot;id&quot;:642,&quot;url&quot;:&quot;https:\\\/\\\/www.szdf.at\\\/msdf\\\/wp-content\\\/uploads\\\/2020\\\/02\\\/AB3I9805.jpg&quot;},{&quot;id&quot;:524,&quot;url&quot;:&quot;https:\\\/\\\/www.szdf.at\\\/msdf\\\/wp-content\\\/uploads\\\/2020\\\/02\\\/AB3I0036.jpg&quot;}],&quot;background_slideshow_transition_duration&quot;:700,&quot;background_slideshow_loop&quot;:&quot;yes&quot;,&quot;background_slideshow_slide_duration&quot;:5000,&quot;background_slideshow_slide_transition&quot;:&quot;fade&quot;}\">\n\t\t\t\t\t\t\t<div class=\"elementor-background-overlay\"><\/div>\n\t\t\t\t\t\t\t<div class=\"elementor-container elementor-column-gap-default\">\n\t\t\t\t\t<div class=\"elementor-column elementor-col-33 elementor-top-column elementor-element elementor-element-68b98a2\" data-id=\"68b98a2\" data-element_type=\"column\" data-e-type=\"column\">\n\t\t\t<div class=\"elementor-widget-wrap\">\n\t\t\t\t\t\t\t<\/div>\n\t\t<\/div>\n\t\t\t\t<div class=\"elementor-column elementor-col-33 elementor-top-column elementor-element elementor-element-6b702d7\" data-id=\"6b702d7\" data-element_type=\"column\" data-e-type=\"column\">\n\t\t\t<div class=\"elementor-widget-wrap elementor-element-populated\">\n\t\t\t\t\t\t<div class=\"elementor-element elementor-element-1046061 elementor-widget elementor-widget-heading\" data-id=\"1046061\" data-element_type=\"widget\" data-e-type=\"widget\" data-widget_type=\"heading.default\">\n\t\t\t\t<div class=\"elementor-widget-container\">\n\t\t\t\t\t<h1 class=\"elementor-heading-title elementor-size-default\">Schulpsychologie<\/h1>\t\t\t\t<\/div>\n\t\t\t\t<\/div>\n\t\t\t\t<div class=\"elementor-element elementor-element-0a88004 elementor-widget-divider--view-line elementor-widget elementor-widget-divider\" data-id=\"0a88004\" data-element_type=\"widget\" data-e-type=\"widget\" data-widget_type=\"divider.default\">\n\t\t\t\t<div class=\"elementor-widget-container\">\n\t\t\t\t\t\t\t<div class=\"elementor-divider\">\n\t\t\t<span class=\"elementor-divider-separator\">\n\t\t\t\t\t\t<\/span>\n\t\t<\/div>\n\t\t\t\t\t\t<\/div>\n\t\t\t\t<\/div>\n\t\t\t\t<div class=\"elementor-element elementor-element-f18756b elementor-view-default elementor-widget elementor-widget-icon\" data-id=\"f18756b\" data-element_type=\"widget\" data-e-type=\"widget\" data-widget_type=\"icon.default\">\n\t\t\t\t<div class=\"elementor-widget-container\">\n\t\t\t\t\t\t\t<div class=\"elementor-icon-wrapper\">\n\t\t\t<a class=\"elementor-icon elementor-animation-sink\" href=\"#Start\">\n\t\t\t<i aria-hidden=\"true\" class=\"far fa-arrow-alt-circle-down\"><\/i>\t\t\t<\/a>\n\t\t<\/div>\n\t\t\t\t\t\t<\/div>\n\t\t\t\t<\/div>\n\t\t\t\t\t<\/div>\n\t\t<\/div>\n\t\t\t\t<div class=\"elementor-column elementor-col-33 elementor-top-column elementor-element elementor-element-c512d2b\" data-id=\"c512d2b\" data-element_type=\"column\" data-e-type=\"column\">\n\t\t\t<div class=\"elementor-widget-wrap\">\n\t\t\t\t\t\t\t<\/div>\n\t\t<\/div>\n\t\t\t\t\t<\/div>\n\t\t<\/section>\n\t\t\t\t<section class=\"elementor-section elementor-top-section elementor-element elementor-element-cbeb428 elementor-section-boxed elementor-section-height-default elementor-section-height-default\" data-id=\"cbeb428\" data-element_type=\"section\" data-e-type=\"section\">\n\t\t\t\t\t\t<div class=\"elementor-container elementor-column-gap-default\">\n\t\t\t\t\t<div class=\"elementor-column elementor-col-100 elementor-top-column elementor-element elementor-element-e134886\" data-id=\"e134886\" data-element_type=\"column\" data-e-type=\"column\">\n\t\t\t<div class=\"elementor-widget-wrap elementor-element-populated\">\n\t\t\t\t\t\t<div class=\"elementor-element elementor-element-546027f elementor-widget elementor-widget-spacer\" data-id=\"546027f\" data-element_type=\"widget\" data-e-type=\"widget\" data-widget_type=\"spacer.default\">\n\t\t\t\t<div class=\"elementor-widget-container\">\n\t\t\t\t\t\t\t<div class=\"elementor-spacer\">\n\t\t\t<div class=\"elementor-spacer-inner\"><\/div>\n\t\t<\/div>\n\t\t\t\t\t\t<\/div>\n\t\t\t\t<\/div>\n\t\t\t\t<div class=\"elementor-element elementor-element-c698e4f elementor-widget elementor-widget-menu-anchor\" data-id=\"c698e4f\" data-element_type=\"widget\" data-e-type=\"widget\" data-widget_type=\"menu-anchor.default\">\n\t\t\t\t<div class=\"elementor-widget-container\">\n\t\t\t\t\t\t\t<div class=\"elementor-menu-anchor\" id=\"Start\"><\/div>\n\t\t\t\t\t\t<\/div>\n\t\t\t\t<\/div>\n\t\t\t\t<div class=\"elementor-element elementor-element-69c6cb7 elementor-widget elementor-widget-heading\" data-id=\"69c6cb7\" data-element_type=\"widget\" data-e-type=\"widget\" data-widget_type=\"heading.default\">\n\t\t\t\t<div class=\"elementor-widget-container\">\n\t\t\t\t\t<h2 class=\"elementor-heading-title elementor-size-default\">SCHULPSYCHOLOGIE<\/h2>\t\t\t\t<\/div>\n\t\t\t\t<\/div>\n\t\t\t\t<div class=\"elementor-element elementor-element-6f0b1a8 elementor-widget elementor-widget-text-editor\" data-id=\"6f0b1a8\" data-element_type=\"widget\" data-e-type=\"widget\" data-widget_type=\"text-editor.default\">\n\t\t\t\t<div class=\"elementor-widget-container\">\n\t\t\t\t\t\t\t\t\t<p><a href=\"https:\/\/www.szdf.at\/msdf\/wp-content\/uploads\/2025\/03\/Schulpsychologie_Sabine_Harzl.pdf\" target=\"_blank\" rel=\"noopener\"><u><b><img fetchpriority=\"high\" decoding=\"async\" class=\"alignnone size-full wp-image-4522\" src=\"https:\/\/www.szdf.at\/msdf\/wp-content\/uploads\/2025\/03\/Foto_Sabine_Harzl_Schulpsychologie.jpeg\" alt=\"\" width=\"251\" height=\"287\" srcset=\"https:\/\/www.szdf.at\/msdf\/wp-content\/uploads\/2025\/03\/Foto_Sabine_Harzl_Schulpsychologie.jpeg 251w, https:\/\/www.szdf.at\/msdf\/wp-content\/uploads\/2025\/03\/Foto_Sabine_Harzl_Schulpsychologie-21x24.jpeg 21w, https:\/\/www.szdf.at\/msdf\/wp-content\/uploads\/2025\/03\/Foto_Sabine_Harzl_Schulpsychologie-31x36.jpeg 31w, https:\/\/www.szdf.at\/msdf\/wp-content\/uploads\/2025\/03\/Foto_Sabine_Harzl_Schulpsychologie-42x48.jpeg 42w\" sizes=\"(max-width: 251px) 100vw, 251px\" \/><\/b><\/u><\/a><\/p><p><u><b>Ansprechpartnerin f\u00fcr Sch\u00fclerinnen, Sch\u00fcler, Lehrerinnen, Lehrer und Eltern bei<\/b><\/u><\/p><p>&#8211; Alle Frage rund um das Lernen <br \/>(<i>zb. fehlende Motivation, mangelnde Lerorganisation, Konzentrationsschwierigkeiten<\/i>)<br \/>&#8211; Pr\u00fcfungsangst<br \/>&#8211; Laufbahnfragen (<i>St\u00e4rken_Schw\u00e4chen-Bestimmung, Wahl der geeigneten Ausbildung<\/i>)<br \/>&#8211; Konflikten im sozialen Umfeld (<i>Klasse, Elternhaus, Lehrkr\u00e4fte<\/i>)<br \/>&#8211; Inklusionsfragen<br \/>&#8211; pers\u00f6nlichen Anliegen\/Krisen<\/p>\t\t\t\t\t\t\t\t<\/div>\n\t\t\t\t<\/div>\n\t\t\t\t<div class=\"elementor-element elementor-element-ce9d8de elementor-widget elementor-widget-text-editor\" data-id=\"ce9d8de\" data-element_type=\"widget\" data-e-type=\"widget\" data-widget_type=\"text-editor.default\">\n\t\t\t\t<div class=\"elementor-widget-container\">\n\t\t\t\t\t\t\t\t\t<p>Kontaktaufnahme unter:<\/p><div><strong>Tel.: 05 0248 345 666<br \/>Mail: sabine.harzl@bildung-stmk.gv.a<em>t<\/em><\/strong><\/div><div><strong><em>\u00a0<\/em><\/strong><\/div>\t\t\t\t\t\t\t\t<\/div>\n\t\t\t\t<\/div>\n\t\t\t\t<div class=\"elementor-element elementor-element-f82299e elementor-widget elementor-widget-spacer\" data-id=\"f82299e\" data-element_type=\"widget\" data-e-type=\"widget\" data-widget_type=\"spacer.default\">\n\t\t\t\t<div class=\"elementor-widget-container\">\n\t\t\t\t\t\t\t<div class=\"elementor-spacer\">\n\t\t\t<div class=\"elementor-spacer-inner\"><\/div>\n\t\t<\/div>\n\t\t\t\t\t\t<\/div>\n\t\t\t\t<\/div>\n\t\t\t\t<div class=\"elementor-element elementor-element-4ac163a elementor-widget elementor-widget-text-editor\" data-id=\"4ac163a\" data-element_type=\"widget\" data-e-type=\"widget\" data-widget_type=\"text-editor.default\">\n\t\t\t\t<div class=\"elementor-widget-container\">\n\t\t\t\t\t\t\t\t\t<p>Schulpsychologische Beratungsgespr\u00e4che oder Untersuchungen erfolgen<\/p><p><b>freiwillig, vertraulich und kostenlos<\/b><\/p>\t\t\t\t\t\t\t\t<\/div>\n\t\t\t\t<\/div>\n\t\t\t\t<div class=\"elementor-element elementor-element-84d4505 elementor-widget elementor-widget-text-editor\" data-id=\"84d4505\" data-element_type=\"widget\" data-e-type=\"widget\" data-widget_type=\"text-editor.default\">\n\t\t\t\t<div class=\"elementor-widget-container\">\n\t\t\t\t\t\t\t\t\t<p><b>Kontakt\/weitere Informationen:<\/b><\/p><p>Schulpsychologischen Beratungsstelle Steirischer Zentralraum\/Bildungsdirektion Steiermark<br \/><i><b>05 028 345 DW 661<\/b><br \/>eva.jost@bildung-stmk.gv.at<\/i><\/p><p><a href=\"http:\/\/www.bildung-stmk.gv.at\/service\/schulpsychologie\">www.bildung-stmk.gv.at\/service\/schulpsychologie<\/a><\/p><p>\u00a0<\/p>\t\t\t\t\t\t\t\t<\/div>\n\t\t\t\t<\/div>\n\t\t\t\t<div class=\"elementor-element elementor-element-3b9eb95 elementor-widget elementor-widget-spacer\" data-id=\"3b9eb95\" data-element_type=\"widget\" data-e-type=\"widget\" data-widget_type=\"spacer.default\">\n\t\t\t\t<div class=\"elementor-widget-container\">\n\t\t\t\t\t\t\t<div class=\"elementor-spacer\">\n\t\t\t<div class=\"elementor-spacer-inner\"><\/div>\n\t\t<\/div>\n\t\t\t\t\t\t<\/div>\n\t\t\t\t<\/div>\n\t\t\t\t\t<\/div>\n\t\t<\/div>\n\t\t\t\t\t<\/div>\n\t\t<\/section>\n\t\t\t\t<\/div>\n\t\t","protected":false},"excerpt":{"rendered":"<p>Schulpsychologie SCHULPSYCHOLOGIE Ansprechpartnerin f\u00fcr Sch\u00fclerinnen, Sch\u00fcler, Lehrerinnen, Lehrer und Eltern bei &#8211; Alle Frage rund um das Lernen (zb. fehlende Motivation, mangelnde Lerorganisation, Konzentrationsschwierigkeiten)&#8211; Pr\u00fcfungsangst&#8211; Laufbahnfragen (St\u00e4rken_Schw\u00e4chen-Bestimmung, Wahl der geeigneten Ausbildung)&#8211; Konflikten im sozialen Umfeld (Klasse, Elternhaus, Lehrkr\u00e4fte)&#8211; Inklusionsfragen&#8211; pers\u00f6nlichen Anliegen\/Krisen Kontaktaufnahme unter: Tel.: 05 0248 345 666Mail: sabine.harzl@bildung-stmk.gv.at\u00a0 Schulpsychologische Beratungsgespr\u00e4che oder Untersuchungen erfolgen freiwillig, [&hellip;]<\/p>\n","protected":false},"author":158725272,"featured_media":0,"parent":0,"menu_order":0,"comment_status":"closed","ping_status":"closed","template":"","meta":{"site-sidebar-layout":"no-sidebar","site-content-layout":"page-builder","ast-site-content-layout":"default","site-content-style":"default","site-sidebar-style":"default","ast-global-header-display":"","ast-banner-title-visibility":"","ast-main-header-display":"","ast-hfb-above-header-display":"","ast-hfb-below-header-display":"","ast-hfb-mobile-header-display":"","site-post-title":"disabled","ast-breadcrumbs-content":"","ast-featured-img":"disabled","footer-sml-layout":"","ast-disable-related-posts":"","theme-transparent-header-meta":"","adv-header-id-meta":"","stick-header-meta":"","header-above-stick-meta":"","header-main-stick-meta":"","header-below-stick-meta":"","astra-migrate-meta-layouts":"default","ast-page-background-enabled":"default","ast-page-background-meta":{"desktop":{"background-color":"","background-image":"","background-repeat":"repeat","background-position":"center center","background-size":"auto","background-attachment":"scroll","background-type":"","background-media":"","overlay-type":"","overlay-color":"","overlay-opacity":"","overlay-gradient":""},"tablet":{"background-color":"","background-image":"","background-repeat":"repeat","background-position":"center center","background-size":"auto","background-attachment":"scroll","background-type":"","background-media":"","overlay-type":"","overlay-color":"","overlay-opacity":"","overlay-gradient":""},"mobile":{"background-color":"","background-image":"","background-repeat":"repeat","background-position":"center center","background-size":"auto","background-attachment":"scroll","background-type":"","background-media":"","overlay-type":"","overlay-color":"","overlay-opacity":"","overlay-gradient":""}},"ast-content-background-meta":{"desktop":{"background-color":"var(--ast-global-color-5)","background-image":"","background-repeat":"repeat","background-position":"center center","background-size":"auto","background-attachment":"scroll","background-type":"","background-media":"","overlay-type":"","overlay-color":"","overlay-opacity":"","overlay-gradient":""},"tablet":{"background-color":"var(--ast-global-color-5)","background-image":"","background-repeat":"repeat","background-position":"center center","background-size":"auto","background-attachment":"scroll","background-type":"","background-media":"","overlay-type":"","overlay-color":"","overlay-opacity":"","overlay-gradient":""},"mobile":{"background-color":"var(--ast-global-color-5)","background-image":"","background-repeat":"repeat","background-position":"center center","background-size":"auto","background-attachment":"scroll","background-type":"","background-media":"","overlay-type":"","overlay-color":"","overlay-opacity":"","overlay-gradient":""}},"footnotes":""},"class_list":["post-2845","page","type-page","status-publish","hentry"],"_links":{"self":[{"href":"https:\/\/www.szdf.at\/msdf\/wp-json\/wp\/v2\/pages\/2845","targetHints":{"allow":["GET"]}}],"collection":[{"href":"https:\/\/www.szdf.at\/msdf\/wp-json\/wp\/v2\/pages"}],"about":[{"href":"https:\/\/www.szdf.at\/msdf\/wp-json\/wp\/v2\/types\/page"}],"author":[{"embeddable":true,"href":"https:\/\/www.szdf.at\/msdf\/wp-json\/wp\/v2\/users\/158725272"}],"replies":[{"embeddable":true,"href":"https:\/\/www.szdf.at\/msdf\/wp-json\/wp\/v2\/comments?post=2845"}],"version-history":[{"count":30,"href":"https:\/\/www.szdf.at\/msdf\/wp-json\/wp\/v2\/pages\/2845\/revisions"}],"predecessor-version":[{"id":4532,"href":"https:\/\/www.szdf.at\/msdf\/wp-json\/wp\/v2\/pages\/2845\/revisions\/4532"}],"wp:attachment":[{"href":"https:\/\/www.szdf.at\/msdf\/wp-json\/wp\/v2\/media?parent=2845"}],"curies":[{"name":"wp","href":"https:\/\/api.w.org\/{rel}","templated":true}]}}