{"id":3886,"date":"2021-01-24T14:01:04","date_gmt":"2021-01-24T13:01:04","guid":{"rendered":"https:\/\/www.szdf.at\/ptsdf\/?page_id=3886"},"modified":"2022-02-16T11:04:04","modified_gmt":"2022-02-16T10:04:04","slug":"fachbereiche-2","status":"publish","type":"page","link":"https:\/\/www.szdf.at\/ptsdf\/fachbereiche-2\/","title":{"rendered":"Fachbereiche"},"content":{"rendered":"\n<figure class=\"wp-block-image size-large\"><img data-recalc-dims=\"1\" loading=\"lazy\" decoding=\"async\" width=\"750\" height=\"306\" src=\"https:\/\/i0.wp.com\/www.szdf.at\/ptsdf\/wp-content\/uploads\/2022\/02\/Screenshot-7.png?resize=750%2C306&#038;ssl=1\" alt=\"\" class=\"wp-image-4826\" srcset=\"https:\/\/i0.wp.com\/www.szdf.at\/ptsdf\/wp-content\/uploads\/2022\/02\/Screenshot-7.png?resize=1024%2C418&amp;ssl=1 1024w, https:\/\/i0.wp.com\/www.szdf.at\/ptsdf\/wp-content\/uploads\/2022\/02\/Screenshot-7.png?resize=300%2C123&amp;ssl=1 300w, https:\/\/i0.wp.com\/www.szdf.at\/ptsdf\/wp-content\/uploads\/2022\/02\/Screenshot-7.png?resize=768%2C314&amp;ssl=1 768w, https:\/\/i0.wp.com\/www.szdf.at\/ptsdf\/wp-content\/uploads\/2022\/02\/Screenshot-7.png?resize=1536%2C628&amp;ssl=1 1536w, https:\/\/i0.wp.com\/www.szdf.at\/ptsdf\/wp-content\/uploads\/2022\/02\/Screenshot-7.png?resize=600%2C245&amp;ssl=1 600w, https:\/\/i0.wp.com\/www.szdf.at\/ptsdf\/wp-content\/uploads\/2022\/02\/Screenshot-7.png?w=1897&amp;ssl=1 1897w\" sizes=\"auto, (max-width: 750px) 100vw, 750px\" \/><\/figure>\n\n\n<p>Die Polytechnische Schule orientiert sich am Berufsschulwesen und unterteilt sich in einen <strong>allgemeinen Unterricht<\/strong> und den <strong>fachbezogenen Unterricht<\/strong> in den Fachbereichen.<br>Jede Sch\u00fclerin und jeder Sch\u00fcler hat einen Fachbereich aus den am Standort angebotenen zu w\u00e4hlen. Die Fachbereiche entsprechen den Berufsfeldern der Wirtschaft.<\/p>\n<p>In den Fachbereichen, die den gro\u00dfen Berufsfeldern der Wirtschaft entsprechen, wird eine Berufsgrundbildung angeboten: Metall, Elektro, Bau, Holz, Handel und B\u00fcro, Gesundheit, Sch\u00f6nheit und Soziales sowie Tourismus.&nbsp;<\/p>\n<p>Je nach beruflichen Interessen und Neigungen w\u00e4hlt jede Sch\u00fclerin und jeder Sch\u00fcler einen Fachbereich. Einerseits erwerben die Jugendlichen grundlegende F\u00e4higkeiten, Fertigkeiten und Kenntnisse, andererseits werden durch handlungs- und praxisorientiertes Lernen die individuellen Begabungen der Sch\u00fclerinnen und Sch\u00fcler und ihre Lernmotivation gef\u00f6rdert.<\/p>\n\n\n<div class=\"wp-block-jetpack-slideshow aligncenter\" data-effect=\"slide\"><div class=\"wp-block-jetpack-slideshow_container swiper-container\"><ul class=\"wp-block-jetpack-slideshow_swiper-wrapper swiper-wrapper\"><li class=\"wp-block-jetpack-slideshow_slide swiper-slide\"><figure><img data-recalc-dims=\"1\" loading=\"lazy\" decoding=\"async\" width=\"717\" height=\"1024\" alt=\"\" class=\"wp-block-jetpack-slideshow_image wp-image-3918\" data-id=\"3918\" src=\"https:\/\/i0.wp.com\/www.szdf.at\/ptsdf\/wp-content\/uploads\/2021\/01\/Bildschirmfoto-2021-01-27-um-21.17.38-717x1024.png?resize=717%2C1024&#038;ssl=1\" srcset=\"https:\/\/i0.wp.com\/www.szdf.at\/ptsdf\/wp-content\/uploads\/2021\/01\/Bildschirmfoto-2021-01-27-um-21.17.38.png?resize=717%2C1024&amp;ssl=1 717w, https:\/\/i0.wp.com\/www.szdf.at\/ptsdf\/wp-content\/uploads\/2021\/01\/Bildschirmfoto-2021-01-27-um-21.17.38.png?resize=210%2C300&amp;ssl=1 210w, https:\/\/i0.wp.com\/www.szdf.at\/ptsdf\/wp-content\/uploads\/2021\/01\/Bildschirmfoto-2021-01-27-um-21.17.38.png?resize=768%2C1097&amp;ssl=1 768w, https:\/\/i0.wp.com\/www.szdf.at\/ptsdf\/wp-content\/uploads\/2021\/01\/Bildschirmfoto-2021-01-27-um-21.17.38.png?resize=1075%2C1536&amp;ssl=1 1075w, https:\/\/i0.wp.com\/www.szdf.at\/ptsdf\/wp-content\/uploads\/2021\/01\/Bildschirmfoto-2021-01-27-um-21.17.38.png?resize=1434%2C2048&amp;ssl=1 1434w, https:\/\/i0.wp.com\/www.szdf.at\/ptsdf\/wp-content\/uploads\/2021\/01\/Bildschirmfoto-2021-01-27-um-21.17.38.png?resize=600%2C857&amp;ssl=1 600w, https:\/\/i0.wp.com\/www.szdf.at\/ptsdf\/wp-content\/uploads\/2021\/01\/Bildschirmfoto-2021-01-27-um-21.17.38.png?w=1476&amp;ssl=1 1476w\" sizes=\"(max-width: 717px) 100vw, 717px\" \/><\/figure><\/li><li class=\"wp-block-jetpack-slideshow_slide swiper-slide\"><figure><img data-recalc-dims=\"1\" loading=\"lazy\" decoding=\"async\" width=\"718\" height=\"1024\" alt=\"\" class=\"wp-block-jetpack-slideshow_image wp-image-3919\" data-id=\"3919\" src=\"https:\/\/i0.wp.com\/www.szdf.at\/ptsdf\/wp-content\/uploads\/2021\/01\/Bildschirmfoto-2021-01-27-um-21.17.46-718x1024.png?resize=718%2C1024&#038;ssl=1\" srcset=\"https:\/\/i0.wp.com\/www.szdf.at\/ptsdf\/wp-content\/uploads\/2021\/01\/Bildschirmfoto-2021-01-27-um-21.17.46.png?resize=718%2C1024&amp;ssl=1 718w, https:\/\/i0.wp.com\/www.szdf.at\/ptsdf\/wp-content\/uploads\/2021\/01\/Bildschirmfoto-2021-01-27-um-21.17.46.png?resize=210%2C300&amp;ssl=1 210w, https:\/\/i0.wp.com\/www.szdf.at\/ptsdf\/wp-content\/uploads\/2021\/01\/Bildschirmfoto-2021-01-27-um-21.17.46.png?resize=768%2C1096&amp;ssl=1 768w, https:\/\/i0.wp.com\/www.szdf.at\/ptsdf\/wp-content\/uploads\/2021\/01\/Bildschirmfoto-2021-01-27-um-21.17.46.png?resize=1077%2C1536&amp;ssl=1 1077w, https:\/\/i0.wp.com\/www.szdf.at\/ptsdf\/wp-content\/uploads\/2021\/01\/Bildschirmfoto-2021-01-27-um-21.17.46.png?resize=1435%2C2048&amp;ssl=1 1435w, https:\/\/i0.wp.com\/www.szdf.at\/ptsdf\/wp-content\/uploads\/2021\/01\/Bildschirmfoto-2021-01-27-um-21.17.46.png?resize=600%2C856&amp;ssl=1 600w, https:\/\/i0.wp.com\/www.szdf.at\/ptsdf\/wp-content\/uploads\/2021\/01\/Bildschirmfoto-2021-01-27-um-21.17.46.png?w=1476&amp;ssl=1 1476w\" sizes=\"(max-width: 718px) 100vw, 718px\" \/><\/figure><\/li><li class=\"wp-block-jetpack-slideshow_slide swiper-slide\"><figure><img data-recalc-dims=\"1\" loading=\"lazy\" decoding=\"async\" width=\"721\" height=\"1024\" alt=\"\" class=\"wp-block-jetpack-slideshow_image wp-image-3922\" data-id=\"3922\" src=\"https:\/\/i0.wp.com\/www.szdf.at\/ptsdf\/wp-content\/uploads\/2021\/01\/Bildschirmfoto-2021-01-27-um-21.18.03-721x1024.png?resize=721%2C1024&#038;ssl=1\" srcset=\"https:\/\/i0.wp.com\/www.szdf.at\/ptsdf\/wp-content\/uploads\/2021\/01\/Bildschirmfoto-2021-01-27-um-21.18.03.png?resize=721%2C1024&amp;ssl=1 721w, https:\/\/i0.wp.com\/www.szdf.at\/ptsdf\/wp-content\/uploads\/2021\/01\/Bildschirmfoto-2021-01-27-um-21.18.03.png?resize=211%2C300&amp;ssl=1 211w, https:\/\/i0.wp.com\/www.szdf.at\/ptsdf\/wp-content\/uploads\/2021\/01\/Bildschirmfoto-2021-01-27-um-21.18.03.png?resize=768%2C1090&amp;ssl=1 768w, https:\/\/i0.wp.com\/www.szdf.at\/ptsdf\/wp-content\/uploads\/2021\/01\/Bildschirmfoto-2021-01-27-um-21.18.03.png?resize=1082%2C1536&amp;ssl=1 1082w, https:\/\/i0.wp.com\/www.szdf.at\/ptsdf\/wp-content\/uploads\/2021\/01\/Bildschirmfoto-2021-01-27-um-21.18.03.png?resize=1443%2C2048&amp;ssl=1 1443w, https:\/\/i0.wp.com\/www.szdf.at\/ptsdf\/wp-content\/uploads\/2021\/01\/Bildschirmfoto-2021-01-27-um-21.18.03.png?resize=600%2C852&amp;ssl=1 600w, https:\/\/i0.wp.com\/www.szdf.at\/ptsdf\/wp-content\/uploads\/2021\/01\/Bildschirmfoto-2021-01-27-um-21.18.03.png?w=1482&amp;ssl=1 1482w\" sizes=\"(max-width: 721px) 100vw, 721px\" \/><\/figure><\/li><li class=\"wp-block-jetpack-slideshow_slide swiper-slide\"><figure><img data-recalc-dims=\"1\" loading=\"lazy\" decoding=\"async\" width=\"715\" height=\"1024\" alt=\"\" class=\"wp-block-jetpack-slideshow_image wp-image-3923\" data-id=\"3923\" src=\"https:\/\/i0.wp.com\/www.szdf.at\/ptsdf\/wp-content\/uploads\/2021\/01\/Bildschirmfoto-2021-01-27-um-21.18.12-715x1024.png?resize=715%2C1024&#038;ssl=1\" srcset=\"https:\/\/i0.wp.com\/www.szdf.at\/ptsdf\/wp-content\/uploads\/2021\/01\/Bildschirmfoto-2021-01-27-um-21.18.12.png?resize=715%2C1024&amp;ssl=1 715w, https:\/\/i0.wp.com\/www.szdf.at\/ptsdf\/wp-content\/uploads\/2021\/01\/Bildschirmfoto-2021-01-27-um-21.18.12.png?resize=209%2C300&amp;ssl=1 209w, https:\/\/i0.wp.com\/www.szdf.at\/ptsdf\/wp-content\/uploads\/2021\/01\/Bildschirmfoto-2021-01-27-um-21.18.12.png?resize=768%2C1100&amp;ssl=1 768w, https:\/\/i0.wp.com\/www.szdf.at\/ptsdf\/wp-content\/uploads\/2021\/01\/Bildschirmfoto-2021-01-27-um-21.18.12.png?resize=1072%2C1536&amp;ssl=1 1072w, https:\/\/i0.wp.com\/www.szdf.at\/ptsdf\/wp-content\/uploads\/2021\/01\/Bildschirmfoto-2021-01-27-um-21.18.12.png?resize=1429%2C2048&amp;ssl=1 1429w, https:\/\/i0.wp.com\/www.szdf.at\/ptsdf\/wp-content\/uploads\/2021\/01\/Bildschirmfoto-2021-01-27-um-21.18.12.png?resize=600%2C860&amp;ssl=1 600w, https:\/\/i0.wp.com\/www.szdf.at\/ptsdf\/wp-content\/uploads\/2021\/01\/Bildschirmfoto-2021-01-27-um-21.18.12.png?w=1474&amp;ssl=1 1474w\" sizes=\"(max-width: 715px) 100vw, 715px\" \/><\/figure><\/li><li class=\"wp-block-jetpack-slideshow_slide swiper-slide\"><figure><img data-recalc-dims=\"1\" loading=\"lazy\" decoding=\"async\" width=\"714\" height=\"1024\" alt=\"\" class=\"wp-block-jetpack-slideshow_image wp-image-3924\" data-id=\"3924\" src=\"https:\/\/i0.wp.com\/www.szdf.at\/ptsdf\/wp-content\/uploads\/2021\/01\/Bildschirmfoto-2021-01-27-um-21.18.19-714x1024.png?resize=714%2C1024&#038;ssl=1\" srcset=\"https:\/\/i0.wp.com\/www.szdf.at\/ptsdf\/wp-content\/uploads\/2021\/01\/Bildschirmfoto-2021-01-27-um-21.18.19.png?resize=714%2C1024&amp;ssl=1 714w, https:\/\/i0.wp.com\/www.szdf.at\/ptsdf\/wp-content\/uploads\/2021\/01\/Bildschirmfoto-2021-01-27-um-21.18.19.png?resize=209%2C300&amp;ssl=1 209w, https:\/\/i0.wp.com\/www.szdf.at\/ptsdf\/wp-content\/uploads\/2021\/01\/Bildschirmfoto-2021-01-27-um-21.18.19.png?resize=768%2C1101&amp;ssl=1 768w, https:\/\/i0.wp.com\/www.szdf.at\/ptsdf\/wp-content\/uploads\/2021\/01\/Bildschirmfoto-2021-01-27-um-21.18.19.png?resize=1071%2C1536&amp;ssl=1 1071w, https:\/\/i0.wp.com\/www.szdf.at\/ptsdf\/wp-content\/uploads\/2021\/01\/Bildschirmfoto-2021-01-27-um-21.18.19.png?resize=1429%2C2048&amp;ssl=1 1429w, https:\/\/i0.wp.com\/www.szdf.at\/ptsdf\/wp-content\/uploads\/2021\/01\/Bildschirmfoto-2021-01-27-um-21.18.19.png?resize=600%2C860&amp;ssl=1 600w, https:\/\/i0.wp.com\/www.szdf.at\/ptsdf\/wp-content\/uploads\/2021\/01\/Bildschirmfoto-2021-01-27-um-21.18.19.png?w=1476&amp;ssl=1 1476w\" sizes=\"(max-width: 714px) 100vw, 714px\" \/><\/figure><\/li><li class=\"wp-block-jetpack-slideshow_slide swiper-slide\"><figure><img data-recalc-dims=\"1\" loading=\"lazy\" decoding=\"async\" width=\"716\" height=\"1024\" alt=\"\" class=\"wp-block-jetpack-slideshow_image wp-image-3925\" data-id=\"3925\" src=\"https:\/\/i0.wp.com\/www.szdf.at\/ptsdf\/wp-content\/uploads\/2021\/01\/Bildschirmfoto-2021-01-27-um-21.18.28-716x1024.png?resize=716%2C1024&#038;ssl=1\" srcset=\"https:\/\/i0.wp.com\/www.szdf.at\/ptsdf\/wp-content\/uploads\/2021\/01\/Bildschirmfoto-2021-01-27-um-21.18.28.png?resize=716%2C1024&amp;ssl=1 716w, https:\/\/i0.wp.com\/www.szdf.at\/ptsdf\/wp-content\/uploads\/2021\/01\/Bildschirmfoto-2021-01-27-um-21.18.28.png?resize=210%2C300&amp;ssl=1 210w, https:\/\/i0.wp.com\/www.szdf.at\/ptsdf\/wp-content\/uploads\/2021\/01\/Bildschirmfoto-2021-01-27-um-21.18.28.png?resize=768%2C1099&amp;ssl=1 768w, https:\/\/i0.wp.com\/www.szdf.at\/ptsdf\/wp-content\/uploads\/2021\/01\/Bildschirmfoto-2021-01-27-um-21.18.28.png?resize=1074%2C1536&amp;ssl=1 1074w, https:\/\/i0.wp.com\/www.szdf.at\/ptsdf\/wp-content\/uploads\/2021\/01\/Bildschirmfoto-2021-01-27-um-21.18.28.png?resize=1431%2C2048&amp;ssl=1 1431w, https:\/\/i0.wp.com\/www.szdf.at\/ptsdf\/wp-content\/uploads\/2021\/01\/Bildschirmfoto-2021-01-27-um-21.18.28.png?resize=600%2C858&amp;ssl=1 600w, https:\/\/i0.wp.com\/www.szdf.at\/ptsdf\/wp-content\/uploads\/2021\/01\/Bildschirmfoto-2021-01-27-um-21.18.28.png?w=1472&amp;ssl=1 1472w\" sizes=\"(max-width: 716px) 100vw, 716px\" \/><\/figure><\/li><\/ul><a class=\"wp-block-jetpack-slideshow_button-prev swiper-button-prev swiper-button-white\" role=\"button\"><\/a><a class=\"wp-block-jetpack-slideshow_button-next swiper-button-next swiper-button-white\" role=\"button\"><\/a><a aria-label=\"Pause Slideshow\" class=\"wp-block-jetpack-slideshow_button-pause\" role=\"button\"><\/a><div class=\"wp-block-jetpack-slideshow_pagination swiper-pagination swiper-pagination-white\"><\/div><\/div><\/div>\n","protected":false},"excerpt":{"rendered":"<p>Die Polytechnische Schule orientiert sich am Berufsschulwesen und unterteilt sich in einen allgemeinen Unterricht und den fachbezogenen Unterricht in den Fachbereichen.Jede Sch\u00fclerin und jeder Sch\u00fcler hat einen Fachbereich aus den am Standort angebotenen zu w\u00e4hlen. Die Fachbereiche entsprechen den Berufsfeldern<\/p>\n","protected":false},"author":1,"featured_media":3890,"parent":0,"menu_order":0,"comment_status":"closed","ping_status":"closed","template":"","meta":{"jetpack_post_was_ever_published":false,"footnotes":""},"class_list":["post-3886","page","type-page","status-publish","has-post-thumbnail","hentry"],"yoast_head":"<!-- This site is optimized with the Yoast SEO Premium plugin v15.5 - https:\/\/yoast.com\/wordpress\/plugins\/seo\/ -->\n<title>Fachbereiche - No Blog Title Set<\/title>\n<meta name=\"description\" content=\"PTS Deutschfeistritz - Unser Ziel ist die Vermittlung einer sicheren Lehrstelle. 3 Wochen Berufspraxis - Ausbildung in 7 Fachbereichen - Modularer Sportunterricht als mehrfach ausgzeichnetes Erfolgskonzept - MINT-Schule - GKK Gesunde Schule\" \/>\n<meta name=\"robots\" content=\"index, follow, max-snippet:-1, max-image-preview:large, max-video-preview:-1\" \/>\n<link rel=\"canonical\" href=\"https:\/\/www.szdf.at\/ptsdf\/fachbereiche-2\/\" \/>\n<meta property=\"og:locale\" content=\"de_DE\" \/>\n<meta property=\"og:type\" content=\"article\" \/>\n<meta property=\"og:title\" content=\"Fachbereiche - No Blog Title Set\" \/>\n<meta property=\"og:description\" content=\"PTS Deutschfeistritz - Unser Ziel ist die Vermittlung einer sicheren Lehrstelle. 3 Wochen Berufspraxis - Ausbildung in 7 Fachbereichen - Modularer Sportunterricht als mehrfach ausgzeichnetes Erfolgskonzept - MINT-Schule - GKK Gesunde Schule\" \/>\n<meta property=\"og:url\" content=\"https:\/\/www.szdf.at\/ptsdf\/fachbereiche-2\/\" \/>\n<meta property=\"og:site_name\" content=\"No Blog Title Set\" \/>\n<meta property=\"article:modified_time\" content=\"2022-02-16T10:04:04+00:00\" \/>\n<meta property=\"og:image\" content=\"https:\/\/i0.wp.com\/www.szdf.at\/ptsdf\/wp-content\/uploads\/2021\/01\/Bildschirmfoto-2021-01-24-um-14.06.56.png?fit=1876%2C1050&#038;ssl=1\" \/>\n\t<meta property=\"og:image:width\" content=\"1876\" \/>\n\t<meta property=\"og:image:height\" content=\"1050\" \/>\n<meta name=\"twitter:card\" content=\"summary_large_image\" \/>\n<meta name=\"twitter:label1\" content=\"Gesch\u00e4tzte Lesezeit\">\n\t<meta name=\"twitter:data1\" content=\"1\u00a0Minute\">\n<script type=\"application\/ld+json\" class=\"yoast-schema-graph\">{\"@context\":\"https:\/\/schema.org\",\"@graph\":[{\"@type\":\"Organization\",\"@id\":\"https:\/\/www.szdf.at\/ptsdf\/#organization\",\"name\":\"PTS Deutschfeistritz\",\"url\":\"https:\/\/www.szdf.at\/ptsdf\/\",\"sameAs\":[],\"logo\":{\"@type\":\"ImageObject\",\"@id\":\"https:\/\/www.szdf.at\/ptsdf\/#logo\",\"inLanguage\":\"de\",\"url\":\"https:\/\/i0.wp.com\/www.szdf.at\/ptsdf\/wp-content\/uploads\/2019\/11\/Logo_PTSDF.png?fit=1552%2C1154&ssl=1\",\"width\":1552,\"height\":1154,\"caption\":\"PTS Deutschfeistritz\"},\"image\":{\"@id\":\"https:\/\/www.szdf.at\/ptsdf\/#logo\"}},{\"@type\":\"WebSite\",\"@id\":\"https:\/\/www.szdf.at\/ptsdf\/#website\",\"url\":\"https:\/\/www.szdf.at\/ptsdf\/\",\"name\":\"No Blog Title Set\",\"description\":\"\",\"publisher\":{\"@id\":\"https:\/\/www.szdf.at\/ptsdf\/#organization\"},\"potentialAction\":[{\"@type\":\"SearchAction\",\"target\":\"https:\/\/www.szdf.at\/ptsdf\/?s={search_term_string}\",\"query-input\":\"required name=search_term_string\"}],\"inLanguage\":\"de\"},{\"@type\":\"ImageObject\",\"@id\":\"https:\/\/www.szdf.at\/ptsdf\/fachbereiche-2\/#primaryimage\",\"inLanguage\":\"de\",\"url\":\"https:\/\/i0.wp.com\/www.szdf.at\/ptsdf\/wp-content\/uploads\/2021\/01\/Bildschirmfoto-2021-01-24-um-14.06.56.png?fit=1876%2C1050&ssl=1\",\"width\":1876,\"height\":1050},{\"@type\":\"WebPage\",\"@id\":\"https:\/\/www.szdf.at\/ptsdf\/fachbereiche-2\/#webpage\",\"url\":\"https:\/\/www.szdf.at\/ptsdf\/fachbereiche-2\/\",\"name\":\"Fachbereiche - No Blog Title Set\",\"isPartOf\":{\"@id\":\"https:\/\/www.szdf.at\/ptsdf\/#website\"},\"primaryImageOfPage\":{\"@id\":\"https:\/\/www.szdf.at\/ptsdf\/fachbereiche-2\/#primaryimage\"},\"datePublished\":\"2021-01-24T13:01:04+00:00\",\"dateModified\":\"2022-02-16T10:04:04+00:00\",\"description\":\"PTS Deutschfeistritz - Unser Ziel ist die Vermittlung einer sicheren Lehrstelle. 3 Wochen Berufspraxis - Ausbildung in 7 Fachbereichen - Modularer Sportunterricht als mehrfach ausgzeichnetes Erfolgskonzept - MINT-Schule - GKK Gesunde Schule\",\"breadcrumb\":{\"@id\":\"https:\/\/www.szdf.at\/ptsdf\/fachbereiche-2\/#breadcrumb\"},\"inLanguage\":\"de\",\"potentialAction\":[{\"@type\":\"ReadAction\",\"target\":[\"https:\/\/www.szdf.at\/ptsdf\/fachbereiche-2\/\"]}]},{\"@type\":\"BreadcrumbList\",\"@id\":\"https:\/\/www.szdf.at\/ptsdf\/fachbereiche-2\/#breadcrumb\",\"itemListElement\":[{\"@type\":\"ListItem\",\"position\":1,\"item\":{\"@type\":\"WebPage\",\"@id\":\"https:\/\/www.szdf.at\/ptsdf\/\",\"url\":\"https:\/\/www.szdf.at\/ptsdf\/\",\"name\":\"Startseite\"}},{\"@type\":\"ListItem\",\"position\":2,\"item\":{\"@type\":\"WebPage\",\"@id\":\"https:\/\/www.szdf.at\/ptsdf\/fachbereiche-2\/\",\"url\":\"https:\/\/www.szdf.at\/ptsdf\/fachbereiche-2\/\",\"name\":\"Fachbereiche\"}}]}]}<\/script>\n<!-- \/ Yoast SEO Premium plugin. -->","jetpack_sharing_enabled":true,"jetpack_shortlink":"https:\/\/wp.me\/P9ryuw-10G","_links":{"self":[{"href":"https:\/\/www.szdf.at\/ptsdf\/wp-json\/wp\/v2\/pages\/3886","targetHints":{"allow":["GET"]}}],"collection":[{"href":"https:\/\/www.szdf.at\/ptsdf\/wp-json\/wp\/v2\/pages"}],"about":[{"href":"https:\/\/www.szdf.at\/ptsdf\/wp-json\/wp\/v2\/types\/page"}],"author":[{"embeddable":true,"href":"https:\/\/www.szdf.at\/ptsdf\/wp-json\/wp\/v2\/users\/1"}],"replies":[{"embeddable":true,"href":"https:\/\/www.szdf.at\/ptsdf\/wp-json\/wp\/v2\/comments?post=3886"}],"version-history":[{"count":14,"href":"https:\/\/www.szdf.at\/ptsdf\/wp-json\/wp\/v2\/pages\/3886\/revisions"}],"predecessor-version":[{"id":4827,"href":"https:\/\/www.szdf.at\/ptsdf\/wp-json\/wp\/v2\/pages\/3886\/revisions\/4827"}],"wp:featuredmedia":[{"embeddable":true,"href":"https:\/\/www.szdf.at\/ptsdf\/wp-json\/wp\/v2\/media\/3890"}],"wp:attachment":[{"href":"https:\/\/www.szdf.at\/ptsdf\/wp-json\/wp\/v2\/media?parent=3886"}],"curies":[{"name":"wp","href":"https:\/\/api.w.org\/{rel}","templated":true}]}}