{"id":4654,"date":"2022-02-02T14:53:09","date_gmt":"2022-02-02T13:53:09","guid":{"rendered":"https:\/\/www.szdf.at\/ptsdf\/?page_id=4654"},"modified":"2022-03-02T14:54:12","modified_gmt":"2022-03-02T13:54:12","slug":"tourismus","status":"publish","type":"page","link":"https:\/\/www.szdf.at\/ptsdf\/tourismus\/","title":{"rendered":""},"content":{"rendered":"\n<div class=\"wp-block-cover alignright is-light has-custom-content-position is-position-bottom-left\"><span aria-hidden=\"true\" class=\"has-black-background-color has-background-dim-20 wp-block-cover__gradient-background has-background-dim\"><\/span><img data-recalc-dims=\"1\" loading=\"lazy\" decoding=\"async\" width=\"250\" height=\"250\" class=\"wp-block-cover__image-background wp-image-4792\" alt=\"\" src=\"https:\/\/i0.wp.com\/www.szdf.at\/ptsdf\/wp-content\/uploads\/2022\/02\/icon_tourismus-e1645002664667.jpg?resize=250%2C250&#038;ssl=1\" style=\"object-position:50% 50%\" data-object-fit=\"cover\" data-object-position=\"50% 50%\" srcset=\"https:\/\/i0.wp.com\/www.szdf.at\/ptsdf\/wp-content\/uploads\/2022\/02\/icon_tourismus-e1645002664667.jpg?w=250&amp;ssl=1 250w, https:\/\/i0.wp.com\/www.szdf.at\/ptsdf\/wp-content\/uploads\/2022\/02\/icon_tourismus-e1645002664667.jpg?resize=150%2C150&amp;ssl=1 150w, https:\/\/i0.wp.com\/www.szdf.at\/ptsdf\/wp-content\/uploads\/2022\/02\/icon_tourismus-e1645002664667.jpg?resize=230%2C230&amp;ssl=1 230w, https:\/\/i0.wp.com\/www.szdf.at\/ptsdf\/wp-content\/uploads\/2022\/02\/icon_tourismus-e1645002664667.jpg?resize=45%2C45&amp;ssl=1 45w, https:\/\/i0.wp.com\/www.szdf.at\/ptsdf\/wp-content\/uploads\/2022\/02\/icon_tourismus-e1645002664667.jpg?resize=100%2C100&amp;ssl=1 100w\" sizes=\"auto, (max-width: 250px) 100vw, 250px\" \/><div class=\"wp-block-cover__inner-container is-layout-flow wp-block-cover-is-layout-flow\">\n<p class=\"has-large-font-size\"><mark style=\"background-color:rgba(0, 0, 0, 0)\" class=\"has-inline-color has-white-color\">Fachbereich Tourismus<\/mark><\/p>\n<\/div><\/div>\n\n\n\n<p>Der Fachbereich Tourismus bezieht sich u.a. auf folgende&nbsp;Berufe:<\/p>\n\n\n\n<ul class=\"wp-block-list\"><li>Hotel- und Gastgewerbeassistent\/-in<\/li><li>Rezeptionist\/-in<\/li><li>Restaurantfachmann\/-frau<\/li><li>Koch\/K\u00f6chin<\/li><li>B\u00e4cker\/-in<\/li><li>usw.<\/li><\/ul>\n\n\n\n<p>Folgende Gegenst\u00e4nde und Themenschwerpunkte dienen der Entwicklung von Berufsgrundkompetenzen:<\/p>\n\n\n\n<ul class=\"wp-block-list\"><li>Fachpraxis: Sicherheit am Arbeitsplatz, Werkzeuge und Ger\u00e4te, Hygiene, Berufskleidung, Umgangsformen, Speisen- und Getr\u00e4nkeempfehlungen, Arbeits- und Kochverfahren, Wareneinsatz, M\u00fclltrennung, Speise- und Getr\u00e4nkekartengestaltung, Tischdekoration, usw.<\/li><li>Fachkunde: Berufsbilder, Ausbildung, Karriereverl\u00e4ufe, Umgang mit Lebensmitteln, Werkzeuge und K\u00fcchenger\u00e4te, Arbeits- und Kochverfahren, Sicherheitsvorschriften, Hygienebestimmungen, Ver\u00e4nderungen von Lebensmitteln und Getr\u00e4nken, Konservierungsarten, Getr\u00e4nke, Service, Ern\u00e4hrung, usw.<\/li><li>Betriebswirtschaftliche Grundlagen: wirtschaftliche Grundbegriffe, Verkaufsstrategien und Werbema\u00dfnahmen, Kaufvertr\u00e4ge, Konsumentenschutz, Betriebsformen, Regionen und Bedeutung des Tourismus, Umgang mit Geld, usw.<\/li><li>Buchf\u00fchrung und Wirtschaftsrechnen: Schluss-, Prozent- und Zinsrechnungen, Haushaltplanung, Konsumverhalten, Waren- und Materialbedarfsberechnungen, Aufgaben des Rechnungswesens, Buchf\u00fchrungssysteme, Einnahmen-Ausgaben-Rechnung, usw.<\/li><li>Berufsbezogene Fremdsprachliche Konversation: im fachbereichsspezifischen Umfeld W\u00f6rter und kurze Mitteilungen verstehen, einfache Verst\u00e4ndigungen und kurze Kontakt- und Beratungsgespr\u00e4che f\u00fchren, usw.<\/li><li>Angewandte Informatik: Hard- und Software, Dateiverwaltung, Officesoftware, Schreibfertigkeit, Online-Sicherheit, Internetrecherche, Soziale Netzwerke, usw.<\/li><\/ul>\n\n\n\n<h2 class=\"wp-block-heading\" id=\"h-\"><\/h2>\n","protected":false},"excerpt":{"rendered":"<p>Der Fachbereich Tourismus bezieht sich u.a. auf folgende&nbsp;Berufe: Hotel- und Gastgewerbeassistent\/-in Rezeptionist\/-in Restaurantfachmann\/-frau Koch\/K\u00f6chin B\u00e4cker\/-in usw. Folgende Gegenst\u00e4nde und Themenschwerpunkte dienen der Entwicklung von Berufsgrundkompetenzen: Fachpraxis: Sicherheit am Arbeitsplatz, Werkzeuge und Ger\u00e4te, Hygiene, Berufskleidung, Umgangsformen, Speisen- und Getr\u00e4nkeempfehlungen, Arbeits- und<\/p>\n","protected":false},"author":4,"featured_media":0,"parent":0,"menu_order":0,"comment_status":"closed","ping_status":"closed","template":"","meta":{"jetpack_post_was_ever_published":false,"footnotes":""},"class_list":["post-4654","page","type-page","status-publish","hentry"],"yoast_head":"<!-- This site is optimized with the Yoast SEO Premium plugin v15.5 - https:\/\/yoast.com\/wordpress\/plugins\/seo\/ -->\n<title>- No Blog Title Set<\/title>\n<meta name=\"description\" content=\"PTS Deutschfeistritz - Unser Ziel ist die Vermittlung einer sicheren Lehrstelle. 3 Wochen Berufspraxis - Ausbildung in 7 Fachbereichen - Modularer Sportunterricht als mehrfach ausgzeichnetes Erfolgskonzept - MINT-Schule - GKK Gesunde Schule\" \/>\n<meta name=\"robots\" content=\"index, follow, max-snippet:-1, max-image-preview:large, max-video-preview:-1\" \/>\n<link rel=\"canonical\" href=\"https:\/\/www.szdf.at\/ptsdf\/tourismus\/\" \/>\n<meta property=\"og:locale\" content=\"de_DE\" \/>\n<meta property=\"og:type\" content=\"article\" \/>\n<meta property=\"og:title\" content=\"- No Blog Title Set\" \/>\n<meta property=\"og:description\" content=\"PTS Deutschfeistritz - Unser Ziel ist die Vermittlung einer sicheren Lehrstelle. 3 Wochen Berufspraxis - Ausbildung in 7 Fachbereichen - Modularer Sportunterricht als mehrfach ausgzeichnetes Erfolgskonzept - MINT-Schule - GKK Gesunde Schule\" \/>\n<meta property=\"og:url\" content=\"https:\/\/www.szdf.at\/ptsdf\/tourismus\/\" \/>\n<meta property=\"og:site_name\" content=\"No Blog Title Set\" \/>\n<meta property=\"article:modified_time\" content=\"2022-03-02T13:54:12+00:00\" \/>\n<meta property=\"og:image\" content=\"https:\/\/www.szdf.at\/ptsdf\/wp-content\/uploads\/2022\/02\/icon_tourismus-e1645002664667.jpg\" \/>\n<meta name=\"twitter:card\" content=\"summary_large_image\" \/>\n<meta name=\"twitter:label1\" content=\"Gesch\u00e4tzte Lesezeit\">\n\t<meta name=\"twitter:data1\" content=\"1\u00a0Minute\">\n<script type=\"application\/ld+json\" class=\"yoast-schema-graph\">{\"@context\":\"https:\/\/schema.org\",\"@graph\":[{\"@type\":\"Organization\",\"@id\":\"https:\/\/www.szdf.at\/ptsdf\/#organization\",\"name\":\"PTS Deutschfeistritz\",\"url\":\"https:\/\/www.szdf.at\/ptsdf\/\",\"sameAs\":[],\"logo\":{\"@type\":\"ImageObject\",\"@id\":\"https:\/\/www.szdf.at\/ptsdf\/#logo\",\"inLanguage\":\"de\",\"url\":\"https:\/\/i0.wp.com\/www.szdf.at\/ptsdf\/wp-content\/uploads\/2019\/11\/Logo_PTSDF.png?fit=1552%2C1154&ssl=1\",\"width\":1552,\"height\":1154,\"caption\":\"PTS Deutschfeistritz\"},\"image\":{\"@id\":\"https:\/\/www.szdf.at\/ptsdf\/#logo\"}},{\"@type\":\"WebSite\",\"@id\":\"https:\/\/www.szdf.at\/ptsdf\/#website\",\"url\":\"https:\/\/www.szdf.at\/ptsdf\/\",\"name\":\"No Blog Title Set\",\"description\":\"\",\"publisher\":{\"@id\":\"https:\/\/www.szdf.at\/ptsdf\/#organization\"},\"potentialAction\":[{\"@type\":\"SearchAction\",\"target\":\"https:\/\/www.szdf.at\/ptsdf\/?s={search_term_string}\",\"query-input\":\"required name=search_term_string\"}],\"inLanguage\":\"de\"},{\"@type\":\"ImageObject\",\"@id\":\"https:\/\/www.szdf.at\/ptsdf\/tourismus\/#primaryimage\",\"inLanguage\":\"de\",\"url\":\"https:\/\/i0.wp.com\/www.szdf.at\/ptsdf\/wp-content\/uploads\/2022\/02\/icon_tourismus-e1645002664667.jpg?fit=250%2C250&ssl=1\",\"width\":250,\"height\":250},{\"@type\":\"WebPage\",\"@id\":\"https:\/\/www.szdf.at\/ptsdf\/tourismus\/#webpage\",\"url\":\"https:\/\/www.szdf.at\/ptsdf\/tourismus\/\",\"name\":\"- No Blog Title Set\",\"isPartOf\":{\"@id\":\"https:\/\/www.szdf.at\/ptsdf\/#website\"},\"primaryImageOfPage\":{\"@id\":\"https:\/\/www.szdf.at\/ptsdf\/tourismus\/#primaryimage\"},\"datePublished\":\"2022-02-02T13:53:09+00:00\",\"dateModified\":\"2022-03-02T13:54:12+00:00\",\"description\":\"PTS Deutschfeistritz - Unser Ziel ist die Vermittlung einer sicheren Lehrstelle. 3 Wochen Berufspraxis - Ausbildung in 7 Fachbereichen - Modularer Sportunterricht als mehrfach ausgzeichnetes Erfolgskonzept - MINT-Schule - GKK Gesunde Schule\",\"breadcrumb\":{\"@id\":\"https:\/\/www.szdf.at\/ptsdf\/tourismus\/#breadcrumb\"},\"inLanguage\":\"de\",\"potentialAction\":[{\"@type\":\"ReadAction\",\"target\":[\"https:\/\/www.szdf.at\/ptsdf\/tourismus\/\"]}]},{\"@type\":\"BreadcrumbList\",\"@id\":\"https:\/\/www.szdf.at\/ptsdf\/tourismus\/#breadcrumb\",\"itemListElement\":[{\"@type\":\"ListItem\",\"position\":1,\"item\":{\"@type\":\"WebPage\",\"@id\":\"https:\/\/www.szdf.at\/ptsdf\/\",\"url\":\"https:\/\/www.szdf.at\/ptsdf\/\",\"name\":\"Startseite\"}},{\"@type\":\"ListItem\",\"position\":2,\"item\":{\"@type\":\"WebPage\",\"@id\":\"https:\/\/www.szdf.at\/ptsdf\/tourismus\/\",\"url\":\"https:\/\/www.szdf.at\/ptsdf\/tourismus\/\",\"name\":\"- No Blog Title Set\"}}]}]}<\/script>\n<!-- \/ Yoast SEO Premium plugin. -->","jetpack_sharing_enabled":true,"jetpack_shortlink":"https:\/\/wp.me\/P9ryuw-1d4","_links":{"self":[{"href":"https:\/\/www.szdf.at\/ptsdf\/wp-json\/wp\/v2\/pages\/4654","targetHints":{"allow":["GET"]}}],"collection":[{"href":"https:\/\/www.szdf.at\/ptsdf\/wp-json\/wp\/v2\/pages"}],"about":[{"href":"https:\/\/www.szdf.at\/ptsdf\/wp-json\/wp\/v2\/types\/page"}],"author":[{"embeddable":true,"href":"https:\/\/www.szdf.at\/ptsdf\/wp-json\/wp\/v2\/users\/4"}],"replies":[{"embeddable":true,"href":"https:\/\/www.szdf.at\/ptsdf\/wp-json\/wp\/v2\/comments?post=4654"}],"version-history":[{"count":6,"href":"https:\/\/www.szdf.at\/ptsdf\/wp-json\/wp\/v2\/pages\/4654\/revisions"}],"predecessor-version":[{"id":4910,"href":"https:\/\/www.szdf.at\/ptsdf\/wp-json\/wp\/v2\/pages\/4654\/revisions\/4910"}],"wp:attachment":[{"href":"https:\/\/www.szdf.at\/ptsdf\/wp-json\/wp\/v2\/media?parent=4654"}],"curies":[{"name":"wp","href":"https:\/\/api.w.org\/{rel}","templated":true}]}}