{"id":100,"date":"2023-07-10T11:03:54","date_gmt":"2023-07-10T09:03:54","guid":{"rendered":"http:\/\/vs-waldstein.at.julius.koerbler.com\/?page_id=100"},"modified":"2024-05-22T11:28:58","modified_gmt":"2024-05-22T09:28:58","slug":"aktuelles","status":"publish","type":"page","link":"https:\/\/www.szdf.at\/vsw\/aktuelles\/","title":{"rendered":"Aktuelles"},"content":{"rendered":"<p>[et_pb_section fb_built=&#8220;1&#8243; _builder_version=&#8220;4.17.4&#8243; background_image=&#8220;https:\/\/www.szdf.at\/vsw\/wp-content\/uploads\/2022\/05\/shapes-bg-color.png&#8220; global_colors_info=&#8220;{}&#8220;][et_pb_row _builder_version=&#8220;4.16&#8243; background_size=&#8220;initial&#8220; background_position=&#8220;top_left&#8220; background_repeat=&#8220;repeat&#8220; global_colors_info=&#8220;{}&#8220;][et_pb_column type=&#8220;4_4&#8243; _builder_version=&#8220;4.16&#8243; custom_padding=&#8220;|||&#8220; global_colors_info=&#8220;{}&#8220; custom_padding__hover=&#8220;|||&#8220;][et_pb_post_slider show_meta=&#8220;off&#8220; _builder_version=&#8220;4.17.4&#8243; _module_preset=&#8220;default&#8220; header_font=&#8220;Cabin Sketch||||||||&#8220; background_color=&#8220;rgba(237,240,0,0.48)&#8220; background_enable_image=&#8220;off&#8220; filter_hue_rotate=&#8220;285deg&#8220; filter_saturate=&#8220;200%&#8220; global_colors_info=&#8220;{}&#8220;][\/et_pb_post_slider][\/et_pb_column][\/et_pb_row][et_pb_row _builder_version=&#8220;4.17.4&#8243; _module_preset=&#8220;default&#8220; global_colors_info=&#8220;{}&#8220;][et_pb_column type=&#8220;4_4&#8243; _builder_version=&#8220;4.17.4&#8243; _module_preset=&#8220;default&#8220; global_colors_info=&#8220;{}&#8220;][et_pb_gallery gallery_ids=&#8220;189,186,216,188&#8243; show_title_and_caption=&#8220;off&#8220; show_pagination=&#8220;off&#8220; _builder_version=&#8220;4.17.4&#8243; _module_preset=&#8220;default&#8220; global_colors_info=&#8220;{}&#8220;][\/et_pb_gallery][\/et_pb_column][\/et_pb_row][\/et_pb_section]<\/p>\n","protected":false},"excerpt":{"rendered":"","protected":false},"author":2,"featured_media":0,"parent":0,"menu_order":0,"comment_status":"closed","ping_status":"open","template":"","meta":{"_et_pb_use_builder":"on","_et_pb_old_content":"<!-- wp:paragraph -->\n<p>Dies ist eine Beispiel-Seite. Sie unterscheidet sich von Beitr\u00e4gen, da sie stets an derselben Stelle bleibt und (bei den meisten Themes) in der Website-Navigation angezeigt wird. Die meisten starten mit einem Impressum, der Datenschutzerkl\u00e4rung oder einer \u201e\u00dcber&nbsp;uns\u201c-Seite, um sich potenziellen Besuchern der Website vorzustellen. Dort k\u00f6nnte zum Beispiel stehen:<\/p>\n<!-- \/wp:paragraph -->\n\n<!-- wp:quote -->\n<blockquote class=\"wp-block-quote\"><!-- wp:paragraph -->\n<p>Hallo! Tags\u00fcber arbeite ich als Fahrradkurier, nachts bin ich ein aufstrebender Schauspieler und dies hier ist meine Website. Ich lebe in Berlin, habe einen gro\u00dfen Hund namens Jack, mag Pi\u00f1a Coladas, jedoch weniger (ohne Schirm) im Regen stehen gelassen zu werden.<\/p>\n<!-- \/wp:paragraph --><\/blockquote>\n<!-- \/wp:quote -->\n\n<!-- wp:paragraph -->\n<p>...oder so etwas wie das hier:<\/p>\n<!-- \/wp:paragraph -->\n\n<!-- wp:quote -->\n<blockquote class=\"wp-block-quote\"><!-- wp:paragraph -->\n<p>Das Unternehmen XYZ wurde 1971 gegr\u00fcndet und versorgt die \u00d6ffentlichkeit seither mit qualitativ hochwertigen Produkten. An seinem Standort in einer kleinen Gro\u00dfstadt besch\u00e4ftigt der Betrieb \u00fcber 2.000 Menschen und unterst\u00fctzt die Stadtbewohner in vielfacher Hinsicht.<\/p>\n<!-- \/wp:paragraph --><\/blockquote>\n<!-- \/wp:quote -->\n\n<!-- wp:paragraph -->\n<p>Als neuer WordPress-Benutzer solltest du <a href=\"https:\/\/www.szdf.at\/vsw\/wp-admin\/\">dein Dashboard<\/a> aufrufen, um diese Seite zu l\u00f6schen und neue Seiten und Beitr\u00e4ge f\u00fcr deine Website erstellen. Viel Spa\u00df!<\/p>\n<!-- \/wp:paragraph -->","_et_gb_content_width":"","footnotes":""},"class_list":["post-100","page","type-page","status-publish","hentry"],"yoast_head":"<!-- This site is optimized with the Yoast SEO plugin v27.3 - https:\/\/yoast.com\/product\/yoast-seo-wordpress\/ -->\n<title>Aktuelles - Volksschule Waldstein<\/title>\n<meta name=\"robots\" content=\"index, follow, max-snippet:-1, max-image-preview:large, max-video-preview:-1\" \/>\n<link rel=\"canonical\" href=\"https:\/\/www.szdf.at\/vsw\/aktuelles\/\" \/>\n<meta property=\"og:locale\" content=\"de_DE\" \/>\n<meta property=\"og:type\" content=\"article\" \/>\n<meta property=\"og:title\" content=\"Aktuelles - Volksschule Waldstein\" \/>\n<meta property=\"og:url\" content=\"https:\/\/www.szdf.at\/vsw\/aktuelles\/\" \/>\n<meta property=\"og:site_name\" content=\"Volksschule Waldstein\" \/>\n<meta property=\"article:modified_time\" content=\"2024-05-22T09:28:58+00:00\" \/>\n<meta name=\"twitter:card\" content=\"summary_large_image\" \/>\n<meta name=\"twitter:label1\" content=\"Gesch\u00e4tzte Lesezeit\" \/>\n\t<meta name=\"twitter:data1\" content=\"1\u00a0Minute\" \/>\n<script type=\"application\/ld+json\" class=\"yoast-schema-graph\">{\"@context\":\"https:\\\/\\\/schema.org\",\"@graph\":[{\"@type\":\"WebPage\",\"@id\":\"https:\\\/\\\/www.szdf.at\\\/vsw\\\/aktuelles\\\/\",\"url\":\"https:\\\/\\\/www.szdf.at\\\/vsw\\\/aktuelles\\\/\",\"name\":\"Aktuelles - Volksschule Waldstein\",\"isPartOf\":{\"@id\":\"https:\\\/\\\/www.szdf.at\\\/vsw\\\/#website\"},\"datePublished\":\"2023-07-10T09:03:54+00:00\",\"dateModified\":\"2024-05-22T09:28:58+00:00\",\"breadcrumb\":{\"@id\":\"https:\\\/\\\/www.szdf.at\\\/vsw\\\/aktuelles\\\/#breadcrumb\"},\"inLanguage\":\"de\",\"potentialAction\":[{\"@type\":\"ReadAction\",\"target\":[\"https:\\\/\\\/www.szdf.at\\\/vsw\\\/aktuelles\\\/\"]}]},{\"@type\":\"BreadcrumbList\",\"@id\":\"https:\\\/\\\/www.szdf.at\\\/vsw\\\/aktuelles\\\/#breadcrumb\",\"itemListElement\":[{\"@type\":\"ListItem\",\"position\":1,\"name\":\"Startseite\",\"item\":\"https:\\\/\\\/www.szdf.at\\\/vsw\\\/\"},{\"@type\":\"ListItem\",\"position\":2,\"name\":\"Aktuelles\"}]},{\"@type\":\"WebSite\",\"@id\":\"https:\\\/\\\/www.szdf.at\\\/vsw\\\/#website\",\"url\":\"https:\\\/\\\/www.szdf.at\\\/vsw\\\/\",\"name\":\"Volksschule Waldstein\",\"description\":\"Eine weitere WordPress-Website\",\"publisher\":{\"@id\":\"https:\\\/\\\/www.szdf.at\\\/vsw\\\/#organization\"},\"potentialAction\":[{\"@type\":\"SearchAction\",\"target\":{\"@type\":\"EntryPoint\",\"urlTemplate\":\"https:\\\/\\\/www.szdf.at\\\/vsw\\\/?s={search_term_string}\"},\"query-input\":{\"@type\":\"PropertyValueSpecification\",\"valueRequired\":true,\"valueName\":\"search_term_string\"}}],\"inLanguage\":\"de\"},{\"@type\":\"Organization\",\"@id\":\"https:\\\/\\\/www.szdf.at\\\/vsw\\\/#organization\",\"name\":\"Volksschule Waldstein\",\"url\":\"https:\\\/\\\/www.szdf.at\\\/vsw\\\/\",\"logo\":{\"@type\":\"ImageObject\",\"inLanguage\":\"de\",\"@id\":\"https:\\\/\\\/www.szdf.at\\\/vsw\\\/#\\\/schema\\\/logo\\\/image\\\/\",\"url\":\"https:\\\/\\\/www.szdf.at\\\/vsw\\\/wp-content\\\/uploads\\\/2023\\\/09\\\/cropped-logo.png\",\"contentUrl\":\"https:\\\/\\\/www.szdf.at\\\/vsw\\\/wp-content\\\/uploads\\\/2023\\\/09\\\/cropped-logo.png\",\"width\":512,\"height\":512,\"caption\":\"Volksschule Waldstein\"},\"image\":{\"@id\":\"https:\\\/\\\/www.szdf.at\\\/vsw\\\/#\\\/schema\\\/logo\\\/image\\\/\"}}]}<\/script>\n<!-- \/ Yoast SEO plugin. -->","yoast_head_json":{"title":"Aktuelles - Volksschule Waldstein","robots":{"index":"index","follow":"follow","max-snippet":"max-snippet:-1","max-image-preview":"max-image-preview:large","max-video-preview":"max-video-preview:-1"},"canonical":"https:\/\/www.szdf.at\/vsw\/aktuelles\/","og_locale":"de_DE","og_type":"article","og_title":"Aktuelles - Volksschule Waldstein","og_url":"https:\/\/www.szdf.at\/vsw\/aktuelles\/","og_site_name":"Volksschule Waldstein","article_modified_time":"2024-05-22T09:28:58+00:00","twitter_card":"summary_large_image","twitter_misc":{"Gesch\u00e4tzte Lesezeit":"1\u00a0Minute"},"schema":{"@context":"https:\/\/schema.org","@graph":[{"@type":"WebPage","@id":"https:\/\/www.szdf.at\/vsw\/aktuelles\/","url":"https:\/\/www.szdf.at\/vsw\/aktuelles\/","name":"Aktuelles - Volksschule Waldstein","isPartOf":{"@id":"https:\/\/www.szdf.at\/vsw\/#website"},"datePublished":"2023-07-10T09:03:54+00:00","dateModified":"2024-05-22T09:28:58+00:00","breadcrumb":{"@id":"https:\/\/www.szdf.at\/vsw\/aktuelles\/#breadcrumb"},"inLanguage":"de","potentialAction":[{"@type":"ReadAction","target":["https:\/\/www.szdf.at\/vsw\/aktuelles\/"]}]},{"@type":"BreadcrumbList","@id":"https:\/\/www.szdf.at\/vsw\/aktuelles\/#breadcrumb","itemListElement":[{"@type":"ListItem","position":1,"name":"Startseite","item":"https:\/\/www.szdf.at\/vsw\/"},{"@type":"ListItem","position":2,"name":"Aktuelles"}]},{"@type":"WebSite","@id":"https:\/\/www.szdf.at\/vsw\/#website","url":"https:\/\/www.szdf.at\/vsw\/","name":"Volksschule Waldstein","description":"Eine weitere WordPress-Website","publisher":{"@id":"https:\/\/www.szdf.at\/vsw\/#organization"},"potentialAction":[{"@type":"SearchAction","target":{"@type":"EntryPoint","urlTemplate":"https:\/\/www.szdf.at\/vsw\/?s={search_term_string}"},"query-input":{"@type":"PropertyValueSpecification","valueRequired":true,"valueName":"search_term_string"}}],"inLanguage":"de"},{"@type":"Organization","@id":"https:\/\/www.szdf.at\/vsw\/#organization","name":"Volksschule Waldstein","url":"https:\/\/www.szdf.at\/vsw\/","logo":{"@type":"ImageObject","inLanguage":"de","@id":"https:\/\/www.szdf.at\/vsw\/#\/schema\/logo\/image\/","url":"https:\/\/www.szdf.at\/vsw\/wp-content\/uploads\/2023\/09\/cropped-logo.png","contentUrl":"https:\/\/www.szdf.at\/vsw\/wp-content\/uploads\/2023\/09\/cropped-logo.png","width":512,"height":512,"caption":"Volksschule Waldstein"},"image":{"@id":"https:\/\/www.szdf.at\/vsw\/#\/schema\/logo\/image\/"}}]}},"_links":{"self":[{"href":"https:\/\/www.szdf.at\/vsw\/wp-json\/wp\/v2\/pages\/100","targetHints":{"allow":["GET"]}}],"collection":[{"href":"https:\/\/www.szdf.at\/vsw\/wp-json\/wp\/v2\/pages"}],"about":[{"href":"https:\/\/www.szdf.at\/vsw\/wp-json\/wp\/v2\/types\/page"}],"author":[{"embeddable":true,"href":"https:\/\/www.szdf.at\/vsw\/wp-json\/wp\/v2\/users\/2"}],"replies":[{"embeddable":true,"href":"https:\/\/www.szdf.at\/vsw\/wp-json\/wp\/v2\/comments?post=100"}],"version-history":[{"count":17,"href":"https:\/\/www.szdf.at\/vsw\/wp-json\/wp\/v2\/pages\/100\/revisions"}],"predecessor-version":[{"id":467,"href":"https:\/\/www.szdf.at\/vsw\/wp-json\/wp\/v2\/pages\/100\/revisions\/467"}],"wp:attachment":[{"href":"https:\/\/www.szdf.at\/vsw\/wp-json\/wp\/v2\/media?parent=100"}],"curies":[{"name":"wp","href":"https:\/\/api.w.org\/{rel}","templated":true}]}}