{"id":138,"date":"2023-07-10T13:32:51","date_gmt":"2023-07-10T11:32:51","guid":{"rendered":"http:\/\/vs-waldstein.at.julius.koerbler.com\/?page_id=138"},"modified":"2023-09-22T08:18:24","modified_gmt":"2023-09-22T06:18:24","slug":"kontakt","status":"publish","type":"page","link":"https:\/\/www.szdf.at\/vsw\/kontakt\/","title":{"rendered":"Kontakt"},"content":{"rendered":"<p>[et_pb_section fb_built=&#8220;1&#8243; _builder_version=&#8220;4.17.4&#8243; background_image=&#8220;https:\/\/www.szdf.at\/vsw\/wp-content\/uploads\/2022\/05\/shapes-bg-color.png&#8220; global_colors_info=&#8220;{}&#8220;][et_pb_row _builder_version=&#8220;4.17.4&#8243; background_size=&#8220;initial&#8220; background_position=&#8220;top_left&#8220; background_repeat=&#8220;repeat&#8220; filter_hue_rotate=&#8220;215deg&#8220; border_color_all=&#8220;#FFFFFF&#8220; global_colors_info=&#8220;{}&#8220;][et_pb_column type=&#8220;4_4&#8243; _builder_version=&#8220;4.17.4&#8243; custom_padding=&#8220;|||&#8220; border_color_all=&#8220;#88C4DD&#8220; global_colors_info=&#8220;{}&#8220; custom_padding__hover=&#8220;|||&#8220;][et_pb_cta title=&#8220;Kontakt&#8220; button_url=&#8220;#top&#8220; _builder_version=&#8220;4.17.4&#8243; _module_preset=&#8220;default&#8220; header_font=&#8220;Cabin Sketch|700|||||||&#8220; header_text_align=&#8220;center&#8220; header_text_color=&#8220;#88C4DD&#8220; header_font_size=&#8220;76px&#8220; header_line_height=&#8220;1.4em&#8220; body_font=&#8220;Rubik||||||||&#8220; body_line_height=&#8220;2em&#8220; background_color=&#8220;#ffffff&#8220; custom_button=&#8220;on&#8220; button_text_size=&#8220;16px&#8220; button_text_color=&#8220;#ffffff&#8220; button_bg_color=&#8220;#8300E9&#8243; button_border_width=&#8220;10px&#8220; button_border_color=&#8220;rgba(65,65,144,0)&#8220; button_border_radius=&#8220;70px&#8220; button_font=&#8220;Rubik|700|||||||&#8220; button_use_icon=&#8220;off&#8220; text_orientation=&#8220;left&#8220; background_layout=&#8220;light&#8220; max_width_last_edited=&#8220;off|desktop&#8220; module_alignment=&#8220;right&#8220; custom_margin=&#8220;|||&#8220; custom_padding=&#8220;64px|60px|64px|60px|true&#8220; filter_hue_rotate=&#8220;124deg&#8220; header_font_size_tablet=&#8220;&#8220; header_font_size_phone=&#8220;30px&#8220; header_font_size_last_edited=&#8220;on|phone&#8220; body_line_height_last_edited=&#8220;off|desktop&#8220; border_radii=&#8220;on|10px|10px|10px|10px&#8220; border_width_all=&#8220;19px&#8220; border_color_all=&#8220;#88C4DD&#8220; button_text_color_hover=&#8220;#ffffff&#8220; button_border_radius_hover=&#8220;70px&#8220; button_bg_color_hover=&#8220;#9577ff&#8220; locked=&#8220;off&#8220; global_colors_info=&#8220;{}&#8220; button_text_size__hover_enabled=&#8220;off&#8220; button_one_text_size__hover_enabled=&#8220;off&#8220; button_two_text_size__hover_enabled=&#8220;off&#8220; button_text_color__hover_enabled=&#8220;on&#8220; button_text_color__hover=&#8220;#ffffff&#8220; button_one_text_color__hover_enabled=&#8220;off&#8220; button_two_text_color__hover_enabled=&#8220;off&#8220; button_border_width__hover_enabled=&#8220;off&#8220; button_one_border_width__hover_enabled=&#8220;off&#8220; button_two_border_width__hover_enabled=&#8220;off&#8220; button_border_color__hover_enabled=&#8220;off&#8220; button_one_border_color__hover_enabled=&#8220;off&#8220; button_two_border_color__hover_enabled=&#8220;off&#8220; button_border_radius__hover_enabled=&#8220;on&#8220; button_border_radius__hover=&#8220;70px&#8220; button_one_border_radius__hover_enabled=&#8220;off&#8220; button_two_border_radius__hover_enabled=&#8220;off&#8220; button_letter_spacing__hover_enabled=&#8220;off&#8220; button_one_letter_spacing__hover_enabled=&#8220;off&#8220; button_two_letter_spacing__hover_enabled=&#8220;off&#8220; button_bg_color__hover_enabled=&#8220;on&#8220; button_bg_color__hover=&#8220;#9577ff&#8220; button_one_bg_color__hover_enabled=&#8220;off&#8220; button_two_bg_color__hover_enabled=&#8220;off&#8220;]<\/p>\n<p style=\"text-align: center;\"><strong>Adresse:<\/strong> \u00dcbelbacherstra\u00dfe 186, 8122 Deutschfeistritz<\/p>\n<p style=\"text-align: center;\"><strong>Telefon:<\/strong> 03127 \/ 41 211 70<\/p>\n<p style=\"text-align: center;\"><strong>Email:<\/strong> <a href=\"mailto:vs.waldstein@szdf.at\">vs.waldstein@szdf.at<\/a>\u00a0<strong><\/strong><\/p>\n<p>[\/et_pb_cta][\/et_pb_column][\/et_pb_row][et_pb_row _builder_version=&#8220;4.17.4&#8243; _module_preset=&#8220;default&#8220; hover_enabled=&#8220;0&#8243; global_colors_info=&#8220;{}&#8220; sticky_enabled=&#8220;0&#8243;][et_pb_column type=&#8220;4_4&#8243; _builder_version=&#8220;4.17.4&#8243; _module_preset=&#8220;default&#8220; global_colors_info=&#8220;{}&#8220;][et_pb_text _builder_version=&#8220;4.22.1&#8243; _module_preset=&#8220;default&#8220; header_font=&#8220;Rubik||||||||&#8220; header_text_align=&#8220;left&#8220; header_font_size=&#8220;38px&#8220; hover_enabled=&#8220;0&#8243; global_colors_info=&#8220;{}&#8220; admin_label=&#8220;Text&#8220; sticky_enabled=&#8220;0&#8243;]<\/p>\n<h1><\/h1>\n<h1><\/h1>\n<h1><\/h1>\n<h1><\/h1>\n<h1><\/h1>\n<h1><\/h1>\n<h1><\/h1>\n<h1>Anfahrt<\/h1>\n<p>[\/et_pb_text][et_pb_code _builder_version=&#8220;4.22.1&#8243; _module_preset=&#8220;default&#8220; hover_enabled=&#8220;0&#8243; sticky_enabled=&#8220;0&#8243;]<\/p>\n<style><!-- [et_pb_line_break_holder] -->    :root {<!-- [et_pb_line_break_holder] -->        --google-maps-btn-text-color: white;<!-- [et_pb_line_break_holder] -->        --google-maps-btn-background: #ff7355;<!-- [et_pb_line_break_holder] -->        --google-maps-btn-border: #ff7355;<!-- [et_pb_line_break_holder] --><!-- [et_pb_line_break_holder] -->        --google-maps-btn-text-color-hover: white;<!-- [et_pb_line_break_holder] -->        --google-maps-btn-background-hover: #ff7355;<!-- [et_pb_line_break_holder] -->        --google-maps-btn-border-hover: #ff7355;<!-- [et_pb_line_break_holder] --><!-- [et_pb_line_break_holder] -->        --google-maps-container-background: none;<!-- [et_pb_line_break_holder] -->        --google-maps-container-text-color: black;<!-- [et_pb_line_break_holder] -->    }<!-- [et_pb_line_break_holder] --><!-- [et_pb_line_break_holder] --><!-- [et_pb_line_break_holder] --><!-- [et_pb_line_break_holder] -->    .maps-container {<!-- [et_pb_line_break_holder] -->        display: flex;<!-- [et_pb_line_break_holder] -->        flex-direction: column;<!-- [et_pb_line_break_holder] -->        align-items: center;<!-- [et_pb_line_break_holder] -->        gap: 1rem;<!-- [et_pb_line_break_holder] -->        justify-content: center;<!-- [et_pb_line_break_holder] -->        height: 638px;<!-- [et_pb_line_break_holder] -->        color: var(--google-maps-container-text-color) !important;<!-- [et_pb_line_break_holder] -->        font-family: var(--google-maps-font-family);<!-- [et_pb_line_break_holder] -->    }<!-- [et_pb_line_break_holder] --><!-- [et_pb_line_break_holder] -->    .maps-container span {<!-- [et_pb_line_break_holder] -->        text-align: center;<!-- [et_pb_line_break_holder] -->        font-size: 12px;<!-- [et_pb_line_break_holder] -->        max-width: 800px;<!-- [et_pb_line_break_holder] -->    }<!-- [et_pb_line_break_holder] --><!-- [et_pb_line_break_holder] -->    .maps-container button {<!-- [et_pb_line_break_holder] -->        padding: 1rem 1.5rem;<!-- [et_pb_line_break_holder] -->        background: var(--google-maps-btn-background);<!-- [et_pb_line_break_holder] -->        border: 1px solid var(--google-maps-btn-border);<!-- [et_pb_line_break_holder] -->        font-size: 12px;<!-- [et_pb_line_break_holder] -->        color: var(--google-maps-btn-text-color);<!-- [et_pb_line_break_holder] -->        font-weight: 500;<!-- [et_pb_line_break_holder] -->        font-family: var(--google-maps-font-family);<!-- [et_pb_line_break_holder] -->        cursor: pointer;<!-- [et_pb_line_break_holder] -->        transition: 250ms all ease;<!-- [et_pb_line_break_holder] -->    }<!-- [et_pb_line_break_holder] -->  <!-- [et_pb_line_break_holder] -->  .maps-container iframe {<!-- [et_pb_line_break_holder] -->    width: 100%;<!-- [et_pb_line_break_holder] -->  }<!-- [et_pb_line_break_holder] --><!-- [et_pb_line_break_holder] -->    .maps-container button:hover {<!-- [et_pb_line_break_holder] -->        color: var(--google-maps-btn-text-color-hover);<!-- [et_pb_line_break_holder] -->        background: var(--google-maps-btn-background-hover);<!-- [et_pb_line_break_holder] -->        border: 1px solid var(--google-maps-btn-border-hover);  <!-- [et_pb_line_break_holder] -->    }<!-- [et_pb_line_break_holder] --><!-- [et_pb_line_break_holder] -->    .maps-container iframe {<!-- [et_pb_line_break_holder] -->        height: 100%;<!-- [et_pb_line_break_holder] -->    }<!-- [et_pb_line_break_holder] --><!-- [et_pb_line_break_holder] --><\/style>\n<p><!-- [et_pb_line_break_holder] --><!-- [et_pb_line_break_holder] --><\/p>\n<div class=\"maps-container\" id=\"maps-container\"><!-- [et_pb_line_break_holder] -->    <span><!-- [et_pb_line_break_holder] -->        Durch das Laden von Google Maps wird eine Verbindung zu externen Servern hergestellt, die Cookies und andere <!-- [et_pb_line_break_holder] -->        Tracking-Technologien verwenden, um die Benutzererfahrung zu personalisieren und zu verbessern. Weitere Informationen <!-- [et_pb_line_break_holder] -->        finden Sie in unserer <a href=\"\/datenschutz\">Datenschutzerkl\u00e4rung<\/a>.<!-- [et_pb_line_break_holder] -->    <\/span><!-- [et_pb_line_break_holder] -->    <button id=\"maps-btn\">Erlaube Cookies und lade diese Ressource<\/button><!-- [et_pb_line_break_holder] --><\/div>\n<p><!-- [et_pb_line_break_holder] --><!-- [et_pb_line_break_holder] --><script><!-- [et_pb_line_break_holder] -->    const iframeCode = '<iframe src=\"https:\/\/www.google.com\/maps\/embed?pb=!1m14!1m8!1m3!1d2709.6809925853718!2d15.2872718!3d47.2228239!3m2!1i1024!2i768!4f13.1!3m3!1m2!1s0x476e3075b2dd0531%3A0xd40843261d40240f!2sVolksschule%20Waldstein!5e0!3m2!1sde!2sat!4v1695363235248!5m2!1sde!2sat\" width=\"600\" height=\"450\" style=\"border:0;\" allowfullscreen=\"\" loading=\"lazy\" referrerpolicy=\"no-referrer-when-downgrade\"><\/iframe>';<!-- [et_pb_line_break_holder] --><!-- [et_pb_line_break_holder] -->    const mapsBtn = document.getElementById('maps-btn');<!-- [et_pb_line_break_holder] -->    const mapsContainer = document.getElementById('maps-container');<!-- [et_pb_line_break_holder] --><!-- [et_pb_line_break_holder] -->    init();<!-- [et_pb_line_break_holder] --><!-- [et_pb_line_break_holder] -->    function init() {<!-- [et_pb_line_break_holder] -->    if(document.cookie.includes('google-maps-cookies=true')) {<!-- [et_pb_line_break_holder] -->        showMap()<!-- [et_pb_line_break_holder] -->        return;<!-- [et_pb_line_break_holder] -->    }<!-- [et_pb_line_break_holder] --><!-- [et_pb_line_break_holder] -->    mapsBtn.addEventListener('click', () => {<!-- [et_pb_line_break_holder] -->        document.cookie = 'google-maps-cookies=true';<!-- [et_pb_line_break_holder] -->        showMap();<!-- [et_pb_line_break_holder] -->    });<!-- [et_pb_line_break_holder] -->    }<!-- [et_pb_line_break_holder] --><!-- [et_pb_line_break_holder] -->    function showMap() {<!-- [et_pb_line_break_holder] -->    mapsContainer.style.display = 'block';<!-- [et_pb_line_break_holder] -->    mapsContainer.innerHTML = iframeCode;<!-- [et_pb_line_break_holder] --><!-- [et_pb_line_break_holder] -->    }<!-- [et_pb_line_break_holder] --><\/script>[\/et_pb_code][\/et_pb_column][\/et_pb_row][et_pb_row column_structure=&#8220;1_2,1_2&#8243; _builder_version=&#8220;4.17.4&#8243; _module_preset=&#8220;default&#8220; global_colors_info=&#8220;{}&#8220;][et_pb_column type=&#8220;1_2&#8243; _builder_version=&#8220;4.17.4&#8243; _module_preset=&#8220;default&#8220; global_colors_info=&#8220;{}&#8220;][et_pb_text _builder_version=&#8220;4.17.4&#8243; _module_preset=&#8220;default&#8220; global_colors_info=&#8220;{}&#8220;][\/et_pb_text][\/et_pb_column][et_pb_column type=&#8220;1_2&#8243; _builder_version=&#8220;4.17.4&#8243; _module_preset=&#8220;default&#8220; global_colors_info=&#8220;{}&#8220;][et_pb_text _builder_version=&#8220;4.17.4&#8243; _module_preset=&#8220;default&#8220; global_colors_info=&#8220;{}&#8220;][\/et_pb_text][\/et_pb_column][\/et_pb_row][\/et_pb_section]<\/p>\n","protected":false},"excerpt":{"rendered":"<p>Adresse: \u00dcbelbacherstra\u00dfe 186, 8122 Deutschfeistritz Telefon: 03127 \/ 41 211 70 Email: vs.waldstein@szdf.at\u00a0 Anfahrt<\/p>\n","protected":false},"author":2,"featured_media":0,"parent":0,"menu_order":0,"comment_status":"closed","ping_status":"open","template":"","meta":{"_et_pb_use_builder":"on","_et_pb_old_content":"<!-- wp:paragraph -->\n<p>Dies ist eine Beispiel-Seite. Sie unterscheidet sich von Beitr\u00e4gen, da sie stets an derselben Stelle bleibt und (bei den meisten Themes) in der Website-Navigation angezeigt wird. Die meisten starten mit einem Impressum, der Datenschutzerkl\u00e4rung oder einer \u201e\u00dcber&nbsp;uns\u201c-Seite, um sich potenziellen Besuchern der Website vorzustellen. Dort k\u00f6nnte zum Beispiel stehen:<\/p>\n<!-- \/wp:paragraph -->\n\n<!-- wp:quote -->\n<blockquote class=\"wp-block-quote\"><!-- wp:paragraph -->\n<p>Hallo! Tags\u00fcber arbeite ich als Fahrradkurier, nachts bin ich ein aufstrebender Schauspieler und dies hier ist meine Website. Ich lebe in Berlin, habe einen gro\u00dfen Hund namens Jack, mag Pi\u00f1a Coladas, jedoch weniger (ohne Schirm) im Regen stehen gelassen zu werden.<\/p>\n<!-- \/wp:paragraph --><\/blockquote>\n<!-- \/wp:quote -->\n\n<!-- wp:paragraph -->\n<p>...oder so etwas wie das hier:<\/p>\n<!-- \/wp:paragraph -->\n\n<!-- wp:quote -->\n<blockquote class=\"wp-block-quote\"><!-- wp:paragraph -->\n<p>Das Unternehmen XYZ wurde 1971 gegr\u00fcndet und versorgt die \u00d6ffentlichkeit seither mit qualitativ hochwertigen Produkten. An seinem Standort in einer kleinen Gro\u00dfstadt besch\u00e4ftigt der Betrieb \u00fcber 2.000 Menschen und unterst\u00fctzt die Stadtbewohner in vielfacher Hinsicht.<\/p>\n<!-- \/wp:paragraph --><\/blockquote>\n<!-- \/wp:quote -->\n\n<!-- wp:paragraph -->\n<p>Als neuer WordPress-Benutzer solltest du <a href=\"https:\/\/www.szdf.at\/vsw\/wp-admin\/\">dein Dashboard<\/a> aufrufen, um diese Seite zu l\u00f6schen und neue Seiten und Beitr\u00e4ge f\u00fcr deine Website erstellen. Viel Spa\u00df!<\/p>\n<!-- \/wp:paragraph -->","_et_gb_content_width":"","footnotes":""},"class_list":["post-138","page","type-page","status-publish","hentry"],"yoast_head":"<!-- This site is optimized with the Yoast SEO plugin v27.3 - https:\/\/yoast.com\/product\/yoast-seo-wordpress\/ -->\n<title>Kontakt - Volksschule Waldstein<\/title>\n<meta name=\"robots\" content=\"index, follow, max-snippet:-1, max-image-preview:large, max-video-preview:-1\" \/>\n<link rel=\"canonical\" href=\"https:\/\/www.szdf.at\/vsw\/kontakt\/\" \/>\n<meta property=\"og:locale\" content=\"de_DE\" \/>\n<meta property=\"og:type\" content=\"article\" \/>\n<meta property=\"og:title\" content=\"Kontakt - Volksschule Waldstein\" \/>\n<meta property=\"og:description\" content=\"Adresse: \u00dcbelbacherstra\u00dfe 186, 8122 Deutschfeistritz Telefon: 03127 \/ 41 211 70 Email: vs.waldstein@szdf.at\u00a0 Anfahrt\" \/>\n<meta property=\"og:url\" content=\"https:\/\/www.szdf.at\/vsw\/kontakt\/\" \/>\n<meta property=\"og:site_name\" content=\"Volksschule Waldstein\" \/>\n<meta property=\"article:modified_time\" content=\"2023-09-22T06:18:24+00:00\" \/>\n<meta name=\"twitter:card\" content=\"summary_large_image\" \/>\n<meta name=\"twitter:label1\" content=\"Gesch\u00e4tzte Lesezeit\" \/>\n\t<meta name=\"twitter:data1\" content=\"3\u00a0Minuten\" \/>\n<script type=\"application\/ld+json\" class=\"yoast-schema-graph\">{\"@context\":\"https:\\\/\\\/schema.org\",\"@graph\":[{\"@type\":\"WebPage\",\"@id\":\"https:\\\/\\\/www.szdf.at\\\/vsw\\\/kontakt\\\/\",\"url\":\"https:\\\/\\\/www.szdf.at\\\/vsw\\\/kontakt\\\/\",\"name\":\"Kontakt - Volksschule Waldstein\",\"isPartOf\":{\"@id\":\"https:\\\/\\\/www.szdf.at\\\/vsw\\\/#website\"},\"datePublished\":\"2023-07-10T11:32:51+00:00\",\"dateModified\":\"2023-09-22T06:18:24+00:00\",\"breadcrumb\":{\"@id\":\"https:\\\/\\\/www.szdf.at\\\/vsw\\\/kontakt\\\/#breadcrumb\"},\"inLanguage\":\"de\",\"potentialAction\":[{\"@type\":\"ReadAction\",\"target\":[\"https:\\\/\\\/www.szdf.at\\\/vsw\\\/kontakt\\\/\"]}]},{\"@type\":\"BreadcrumbList\",\"@id\":\"https:\\\/\\\/www.szdf.at\\\/vsw\\\/kontakt\\\/#breadcrumb\",\"itemListElement\":[{\"@type\":\"ListItem\",\"position\":1,\"name\":\"Startseite\",\"item\":\"https:\\\/\\\/www.szdf.at\\\/vsw\\\/\"},{\"@type\":\"ListItem\",\"position\":2,\"name\":\"Kontakt\"}]},{\"@type\":\"WebSite\",\"@id\":\"https:\\\/\\\/www.szdf.at\\\/vsw\\\/#website\",\"url\":\"https:\\\/\\\/www.szdf.at\\\/vsw\\\/\",\"name\":\"Volksschule Waldstein\",\"description\":\"Eine weitere WordPress-Website\",\"publisher\":{\"@id\":\"https:\\\/\\\/www.szdf.at\\\/vsw\\\/#organization\"},\"potentialAction\":[{\"@type\":\"SearchAction\",\"target\":{\"@type\":\"EntryPoint\",\"urlTemplate\":\"https:\\\/\\\/www.szdf.at\\\/vsw\\\/?s={search_term_string}\"},\"query-input\":{\"@type\":\"PropertyValueSpecification\",\"valueRequired\":true,\"valueName\":\"search_term_string\"}}],\"inLanguage\":\"de\"},{\"@type\":\"Organization\",\"@id\":\"https:\\\/\\\/www.szdf.at\\\/vsw\\\/#organization\",\"name\":\"Volksschule Waldstein\",\"url\":\"https:\\\/\\\/www.szdf.at\\\/vsw\\\/\",\"logo\":{\"@type\":\"ImageObject\",\"inLanguage\":\"de\",\"@id\":\"https:\\\/\\\/www.szdf.at\\\/vsw\\\/#\\\/schema\\\/logo\\\/image\\\/\",\"url\":\"https:\\\/\\\/www.szdf.at\\\/vsw\\\/wp-content\\\/uploads\\\/2023\\\/09\\\/cropped-logo.png\",\"contentUrl\":\"https:\\\/\\\/www.szdf.at\\\/vsw\\\/wp-content\\\/uploads\\\/2023\\\/09\\\/cropped-logo.png\",\"width\":512,\"height\":512,\"caption\":\"Volksschule Waldstein\"},\"image\":{\"@id\":\"https:\\\/\\\/www.szdf.at\\\/vsw\\\/#\\\/schema\\\/logo\\\/image\\\/\"}}]}<\/script>\n<!-- \/ Yoast SEO plugin. -->","yoast_head_json":{"title":"Kontakt - Volksschule Waldstein","robots":{"index":"index","follow":"follow","max-snippet":"max-snippet:-1","max-image-preview":"max-image-preview:large","max-video-preview":"max-video-preview:-1"},"canonical":"https:\/\/www.szdf.at\/vsw\/kontakt\/","og_locale":"de_DE","og_type":"article","og_title":"Kontakt - Volksschule Waldstein","og_description":"Adresse: \u00dcbelbacherstra\u00dfe 186, 8122 Deutschfeistritz Telefon: 03127 \/ 41 211 70 Email: vs.waldstein@szdf.at\u00a0 Anfahrt","og_url":"https:\/\/www.szdf.at\/vsw\/kontakt\/","og_site_name":"Volksschule Waldstein","article_modified_time":"2023-09-22T06:18:24+00:00","twitter_card":"summary_large_image","twitter_misc":{"Gesch\u00e4tzte Lesezeit":"3\u00a0Minuten"},"schema":{"@context":"https:\/\/schema.org","@graph":[{"@type":"WebPage","@id":"https:\/\/www.szdf.at\/vsw\/kontakt\/","url":"https:\/\/www.szdf.at\/vsw\/kontakt\/","name":"Kontakt - Volksschule Waldstein","isPartOf":{"@id":"https:\/\/www.szdf.at\/vsw\/#website"},"datePublished":"2023-07-10T11:32:51+00:00","dateModified":"2023-09-22T06:18:24+00:00","breadcrumb":{"@id":"https:\/\/www.szdf.at\/vsw\/kontakt\/#breadcrumb"},"inLanguage":"de","potentialAction":[{"@type":"ReadAction","target":["https:\/\/www.szdf.at\/vsw\/kontakt\/"]}]},{"@type":"BreadcrumbList","@id":"https:\/\/www.szdf.at\/vsw\/kontakt\/#breadcrumb","itemListElement":[{"@type":"ListItem","position":1,"name":"Startseite","item":"https:\/\/www.szdf.at\/vsw\/"},{"@type":"ListItem","position":2,"name":"Kontakt"}]},{"@type":"WebSite","@id":"https:\/\/www.szdf.at\/vsw\/#website","url":"https:\/\/www.szdf.at\/vsw\/","name":"Volksschule Waldstein","description":"Eine weitere WordPress-Website","publisher":{"@id":"https:\/\/www.szdf.at\/vsw\/#organization"},"potentialAction":[{"@type":"SearchAction","target":{"@type":"EntryPoint","urlTemplate":"https:\/\/www.szdf.at\/vsw\/?s={search_term_string}"},"query-input":{"@type":"PropertyValueSpecification","valueRequired":true,"valueName":"search_term_string"}}],"inLanguage":"de"},{"@type":"Organization","@id":"https:\/\/www.szdf.at\/vsw\/#organization","name":"Volksschule Waldstein","url":"https:\/\/www.szdf.at\/vsw\/","logo":{"@type":"ImageObject","inLanguage":"de","@id":"https:\/\/www.szdf.at\/vsw\/#\/schema\/logo\/image\/","url":"https:\/\/www.szdf.at\/vsw\/wp-content\/uploads\/2023\/09\/cropped-logo.png","contentUrl":"https:\/\/www.szdf.at\/vsw\/wp-content\/uploads\/2023\/09\/cropped-logo.png","width":512,"height":512,"caption":"Volksschule Waldstein"},"image":{"@id":"https:\/\/www.szdf.at\/vsw\/#\/schema\/logo\/image\/"}}]}},"_links":{"self":[{"href":"https:\/\/www.szdf.at\/vsw\/wp-json\/wp\/v2\/pages\/138","targetHints":{"allow":["GET"]}}],"collection":[{"href":"https:\/\/www.szdf.at\/vsw\/wp-json\/wp\/v2\/pages"}],"about":[{"href":"https:\/\/www.szdf.at\/vsw\/wp-json\/wp\/v2\/types\/page"}],"author":[{"embeddable":true,"href":"https:\/\/www.szdf.at\/vsw\/wp-json\/wp\/v2\/users\/2"}],"replies":[{"embeddable":true,"href":"https:\/\/www.szdf.at\/vsw\/wp-json\/wp\/v2\/comments?post=138"}],"version-history":[{"count":11,"href":"https:\/\/www.szdf.at\/vsw\/wp-json\/wp\/v2\/pages\/138\/revisions"}],"predecessor-version":[{"id":383,"href":"https:\/\/www.szdf.at\/vsw\/wp-json\/wp\/v2\/pages\/138\/revisions\/383"}],"wp:attachment":[{"href":"https:\/\/www.szdf.at\/vsw\/wp-json\/wp\/v2\/media?parent=138"}],"curies":[{"name":"wp","href":"https:\/\/api.w.org\/{rel}","templated":true}]}}