{"id":98,"date":"2023-07-10T10:58:32","date_gmt":"2023-07-10T08:58:32","guid":{"rendered":"http:\/\/vs-waldstein.at.julius.koerbler.com\/?page_id=98"},"modified":"2025-10-15T16:08:32","modified_gmt":"2025-10-15T14:08:32","slug":"ueber-uns","status":"publish","type":"page","link":"https:\/\/www.szdf.at\/vsw\/ueber-uns\/","title":{"rendered":"\u00dcber uns"},"content":{"rendered":"<p>[et_pb_section fb_built=&#8220;1&#8243; _builder_version=&#8220;4.17.4&#8243; background_image=&#8220;https:\/\/www.szdf.at\/vsw\/wp-content\/uploads\/2022\/05\/shapes-bg-color.png&#8220; global_colors_info=&#8220;{}&#8220;][et_pb_row _builder_version=&#8220;4.17.4&#8243; _module_preset=&#8220;default&#8220; global_colors_info=&#8220;{}&#8220;][et_pb_column type=&#8220;4_4&#8243; _builder_version=&#8220;4.17.4&#8243; _module_preset=&#8220;default&#8220; global_colors_info=&#8220;{}&#8220;][et_pb_blurb title=&#8220;Unser Team stellt sich vor&#8220; image_icon_background_color=&#8220;#0C71C3&#8243; _builder_version=&#8220;4.17.4&#8243; _module_preset=&#8220;default&#8220; header_level=&#8220;h1&#8243; header_font=&#8220;Cabin Sketch|700||on|||||&#8220; header_text_align=&#8220;center&#8220; header_text_color=&#8220;#FFFFFF&#8220; header_font_size=&#8220;40px&#8220; header_line_height=&#8220;1.2em&#8220; body_text_align=&#8220;center&#8220; background_color=&#8220;#efab00&#8243; width=&#8220;100%&#8220; border_color_all_image=&#8220;#7CDA24&#8243; box_shadow_style_image=&#8220;preset2&#8243; box_shadow_color_image=&#8220;#FFFFFF&#8220; locked=&#8220;off&#8220; global_colors_info=&#8220;{}&#8220;][\/et_pb_blurb][\/et_pb_column][\/et_pb_row][et_pb_row column_structure=&#8220;1_2,1_2&#8243; _builder_version=&#8220;4.17.4&#8243; _module_preset=&#8220;default&#8220; global_colors_info=&#8220;{}&#8220;][et_pb_column type=&#8220;1_2&#8243; _builder_version=&#8220;4.17.4&#8243; _module_preset=&#8220;default&#8220; background_color=&#8220;#FC9569&#8243; global_colors_info=&#8220;{}&#8220;][et_pb_blurb title=&#8220;David Sturm&#8220; image=&#8220;https:\/\/www.szdf.at\/vsw\/wp-content\/uploads\/2025\/10\/David_Sturm_Bild.jpg&#8220; image_icon_width=&#8220;314px&#8220; _builder_version=&#8220;4.22.1&#8243; _module_preset=&#8220;default&#8220; header_font=&#8220;Rubik||||||||&#8220; header_text_align=&#8220;center&#8220; header_text_color=&#8220;#FFFFFF&#8220; header_font_size=&#8220;25px&#8220; body_font=&#8220;|600|||||||&#8220; body_text_align=&#8220;justify&#8220; body_text_color=&#8220;#FFFFFF&#8220; body_font_size=&#8220;12px&#8220; background_color=&#8220;#0C71C3&#8243; custom_padding=&#8220;||0px|||&#8220; global_colors_info=&#8220;{}&#8220;]<\/p>\n<p style=\"text-align: center;\">Klassenlehrer | Bereichsleitung der VS Waldstein<\/p>\n<p style=\"text-align: justify;\">[\/et_pb_blurb][\/et_pb_column][et_pb_column type=&#8220;1_2&#8243; _builder_version=&#8220;4.17.4&#8243; _module_preset=&#8220;default&#8220; background_color=&#8220;#D2FF57&#8243; global_colors_info=&#8220;{}&#8220;][et_pb_blurb title=&#8220;Florentina H\u00f6llerl&#8220; image=&#8220;https:\/\/www.szdf.at\/vsw\/wp-content\/uploads\/2025\/10\/florentina.jpg&#8220; image_icon_width=&#8220;42%&#8220; content_max_width=&#8220;1100px&#8220; _builder_version=&#8220;4.22.1&#8243; _module_preset=&#8220;default&#8220; header_font=&#8220;Rubik||||||||&#8220; header_text_align=&#8220;center&#8220; header_text_color=&#8220;#FFFFFF&#8220; header_font_size=&#8220;25px&#8220; body_font=&#8220;|600|||||||&#8220; body_text_align=&#8220;justify&#8220; body_text_color=&#8220;#FFFFFF&#8220; body_font_size=&#8220;12px&#8220; background_color=&#8220;#67a300&#8243; width=&#8220;100%&#8220; max_width=&#8220;100%&#8220; custom_padding=&#8220;||0px|||&#8220; global_colors_info=&#8220;{}&#8220;]<\/p>\n<p style=\"text-align: center;\">Klassenlehrerin<\/p>\n<p style=\"text-align: center;\">[\/et_pb_blurb][\/et_pb_column][\/et_pb_row][et_pb_row column_structure=&#8220;1_4,1_4,1_4,1_4&#8243; _builder_version=&#8220;4.22.1&#8243; _module_preset=&#8220;default&#8220; background_color=&#8220;RGBA(255,255,255,0)&#8220; module_alignment=&#8220;center&#8220; min_height=&#8220;659px&#8220; custom_margin=&#8220;|401px||auto||&#8220; custom_padding=&#8220;|0px||||&#8220; global_colors_info=&#8220;{}&#8220;][et_pb_column type=&#8220;1_4&#8243; _builder_version=&#8220;4.17.4&#8243; _module_preset=&#8220;default&#8220; background_color=&#8220;#EDF000&#8243; global_colors_info=&#8220;{}&#8220;][et_pb_blurb title=&#8220;Sabine K\u00f6chl&#8220; image=&#8220;https:\/\/www.szdf.at\/vsw\/wp-content\/uploads\/2024\/10\/Foto-Sabine-Koechl.jpg&#8220; _builder_version=&#8220;4.22.1&#8243; _module_preset=&#8220;default&#8220; header_level=&#8220;h6&#8243; header_font=&#8220;Roboto|600|||||||&#8220; header_text_color=&#8220;#000000&#8243; header_font_size=&#8220;20px&#8220; body_font_size=&#8220;12px&#8220; text_orientation=&#8220;center&#8220; global_colors_info=&#8220;{}&#8220;]<\/p>\n<p style=\"text-align: center;\">Lehrerin kath. Religion<\/p>\n<p style=\"text-align: center;\">[\/et_pb_blurb][\/et_pb_column][et_pb_column type=&#8220;1_4&#8243; _builder_version=&#8220;4.17.4&#8243; _module_preset=&#8220;default&#8220; background_color=&#8220;#DF52FF&#8220; global_colors_info=&#8220;{}&#8220;][et_pb_blurb title=&#8220;Heike Werkgartner&#8220; image=&#8220;https:\/\/www.szdf.at\/vsw\/wp-content\/uploads\/2024\/01\/Heike-Portrait-2023-IMG_3295-scaled-e1760378315236.jpg&#8220; _builder_version=&#8220;4.22.1&#8243; _module_preset=&#8220;default&#8220; header_level=&#8220;h6&#8243; header_font=&#8220;Rubik||||||||&#8220; header_text_align=&#8220;center&#8220; header_text_color=&#8220;#FFFFFF&#8220; header_font_size=&#8220;20px&#8220; header_line_height=&#8220;0.5em&#8220; body_font=&#8220;|600|||||||&#8220; body_text_align=&#8220;justify&#8220; body_text_color=&#8220;#FFFFFF&#8220; body_font_size=&#8220;12px&#8220; body_line_height=&#8220;3em&#8220; background_color=&#8220;#5A64ED&#8220; custom_padding=&#8220;||1px|||&#8220; global_colors_info=&#8220;{}&#8220;]<\/p>\n<p style=\"text-align: center;\">Sprachheillehrerin<\/p>\n<p style=\"text-align: center;\">[\/et_pb_blurb][\/et_pb_column][et_pb_column type=&#8220;1_4&#8243; _builder_version=&#8220;4.22.1&#8243; _module_preset=&#8220;default&#8220; global_colors_info=&#8220;{}&#8220;][et_pb_blurb title=&#8220;Michael K\u00f6rner&#8220; image=&#8220;https:\/\/www.szdf.at\/vsw\/wp-content\/uploads\/2025\/10\/Bild_Michael_Koerner.jpg&#8220; image_icon_width=&#8220;104%&#8220; _builder_version=&#8220;4.22.1&#8243; _module_preset=&#8220;default&#8220; header_font=&#8220;Rubik||||||||&#8220; header_text_align=&#8220;center&#8220; header_text_color=&#8220;#FFFFFF&#8220; header_font_size=&#8220;25px&#8220; body_font=&#8220;|600|||||||&#8220; body_text_align=&#8220;justify&#8220; body_text_color=&#8220;#FFFFFF&#8220; body_font_size=&#8220;12px&#8220; background_color=&#8220;#0C71C3&#8243; custom_margin=&#8220;0px||||false|false&#8220; locked=&#8220;off&#8220; global_colors_info=&#8220;{}&#8220;]<\/p>\n<p style=\"text-align: center;\">Technik und Design<\/p>\n<p style=\"text-align: center;\">[\/et_pb_blurb][\/et_pb_column][et_pb_column type=&#8220;1_4&#8243; _builder_version=&#8220;4.17.4&#8243; _module_preset=&#8220;default&#8220; background_color=&#8220;#DF52FF&#8220; global_colors_info=&#8220;{}&#8220;][et_pb_blurb title=&#8220;Rene Tippl&#8220; _builder_version=&#8220;4.22.1&#8243; _module_preset=&#8220;default&#8220; background_color=&#8220;#f7b125&#8243; text_orientation=&#8220;center&#8220; background_layout=&#8220;dark&#8220; global_colors_info=&#8220;{}&#8220; title_text=&#8220;Bild_Rene_Tippl&#8220; image=&#8220;https:\/\/www.szdf.at\/vsw\/wp-content\/uploads\/2025\/10\/Bild_Rene_Tippl.jpg&#8220;]<\/p>\n<p>Bewegung und Sport (Schwimmen)<\/p>\n<p>[\/et_pb_blurb][\/et_pb_column][\/et_pb_row][et_pb_row column_structure=&#8220;1_4,1_4,1_4,1_4&#8243; _builder_version=&#8220;4.22.1&#8243; _module_preset=&#8220;default&#8220; global_colors_info=&#8220;{}&#8220;][et_pb_column type=&#8220;1_4&#8243; _builder_version=&#8220;4.22.1&#8243; _module_preset=&#8220;default&#8220; global_colors_info=&#8220;{}&#8220;][\/et_pb_column][et_pb_column type=&#8220;1_4&#8243; _builder_version=&#8220;4.22.1&#8243; _module_preset=&#8220;default&#8220; global_colors_info=&#8220;{}&#8220;][et_pb_image src=&#8220;data:image\/svg+xml;base64,PHN2ZyB3aWR0aD0iMTA4MCIgaGVpZ2h0PSI1NDAiIHZpZXdCb3g9IjAgMCAxMDgwIDU0MCIgeG1sbnM9Imh0dHA6Ly93d3cudzMub3JnLzIwMDAvc3ZnIj4KICAgIDxnIGZpbGw9Im5vbmUiIGZpbGwtcnVsZT0iZXZlbm9kZCI+CiAgICAgICAgPHBhdGggZmlsbD0iI0VCRUJFQiIgZD0iTTAgMGgxMDgwdjU0MEgweiIvPgogICAgICAgIDxwYXRoIGQ9Ik00NDUuNjQ5IDU0MGgtOTguOTk1TDE0NC42NDkgMzM3Ljk5NSAwIDQ4Mi42NDR2LTk4Ljk5NWwxMTYuMzY1LTExNi4zNjVjMTUuNjItMTUuNjIgNDAuOTQ3LTE1LjYyIDU2LjU2OCAwTDQ0NS42NSA1NDB6IiBmaWxsLW9wYWNpdHk9Ii4xIiBmaWxsPSIjMDAwIiBmaWxsLXJ1bGU9Im5vbnplcm8iLz4KICAgICAgICA8Y2lyY2xlIGZpbGwtb3BhY2l0eT0iLjA1IiBmaWxsPSIjMDAwIiBjeD0iMzMxIiBjeT0iMTQ4IiByPSI3MCIvPgogICAgICAgIDxwYXRoIGQ9Ik0xMDgwIDM3OXYxMTMuMTM3TDcyOC4xNjIgMTQwLjMgMzI4LjQ2MiA1NDBIMjE1LjMyNEw2OTkuODc4IDU1LjQ0NmMxNS42Mi0xNS42MiA0MC45NDgtMTUuNjIgNTYuNTY4IDBMMTA4MCAzNzl6IiBmaWxsLW9wYWNpdHk9Ii4yIiBmaWxsPSIjMDAwIiBmaWxsLXJ1bGU9Im5vbnplcm8iLz4KICAgIDwvZz4KPC9zdmc+Cg==&#8220; _builder_version=&#8220;4.22.1&#8243; _module_preset=&#8220;default&#8220; global_colors_info=&#8220;{}&#8220;][\/et_pb_image][et_pb_blurb title=&#8220;Sabrina Sajowitz&#8220; _builder_version=&#8220;4.22.1&#8243; _module_preset=&#8220;default&#8220; header_font=&#8220;Rubik||||||||&#8220; header_text_align=&#8220;center&#8220; header_text_color=&#8220;#FFFFFF&#8220; header_font_size=&#8220;25px&#8220; body_font=&#8220;|600|||||||&#8220; body_text_align=&#8220;justify&#8220; body_text_color=&#8220;#FFFFFF&#8220; body_font_size=&#8220;12px&#8220; background_color=&#8220;#0C71C3&#8243; locked=&#8220;off&#8220; global_colors_info=&#8220;{}&#8220;]<\/p>\n<p style=\"text-align: center;\">Schulassistentin<\/p>\n<p>[\/et_pb_blurb][\/et_pb_column][et_pb_column type=&#8220;1_4&#8243; _builder_version=&#8220;4.22.1&#8243; _module_preset=&#8220;default&#8220; global_colors_info=&#8220;{}&#8220;][et_pb_image src=&#8220;data:image\/svg+xml;base64,PHN2ZyB3aWR0aD0iMTA4MCIgaGVpZ2h0PSI1NDAiIHZpZXdCb3g9IjAgMCAxMDgwIDU0MCIgeG1sbnM9Imh0dHA6Ly93d3cudzMub3JnLzIwMDAvc3ZnIj4KICAgIDxnIGZpbGw9Im5vbmUiIGZpbGwtcnVsZT0iZXZlbm9kZCI+CiAgICAgICAgPHBhdGggZmlsbD0iI0VCRUJFQiIgZD0iTTAgMGgxMDgwdjU0MEgweiIvPgogICAgICAgIDxwYXRoIGQ9Ik00NDUuNjQ5IDU0MGgtOTguOTk1TDE0NC42NDkgMzM3Ljk5NSAwIDQ4Mi42NDR2LTk4Ljk5NWwxMTYuMzY1LTExNi4zNjVjMTUuNjItMTUuNjIgNDAuOTQ3LTE1LjYyIDU2LjU2OCAwTDQ0NS42NSA1NDB6IiBmaWxsLW9wYWNpdHk9Ii4xIiBmaWxsPSIjMDAwIiBmaWxsLXJ1bGU9Im5vbnplcm8iLz4KICAgICAgICA8Y2lyY2xlIGZpbGwtb3BhY2l0eT0iLjA1IiBmaWxsPSIjMDAwIiBjeD0iMzMxIiBjeT0iMTQ4IiByPSI3MCIvPgogICAgICAgIDxwYXRoIGQ9Ik0xMDgwIDM3OXYxMTMuMTM3TDcyOC4xNjIgMTQwLjMgMzI4LjQ2MiA1NDBIMjE1LjMyNEw2OTkuODc4IDU1LjQ0NmMxNS42Mi0xNS42MiA0MC45NDgtMTUuNjIgNTYuNTY4IDBMMTA4MCAzNzl6IiBmaWxsLW9wYWNpdHk9Ii4yIiBmaWxsPSIjMDAwIiBmaWxsLXJ1bGU9Im5vbnplcm8iLz4KICAgIDwvZz4KPC9zdmc+Cg==&#8220; _builder_version=&#8220;4.22.1&#8243; _module_preset=&#8220;default&#8220; global_colors_info=&#8220;{}&#8220;][\/et_pb_image][et_pb_blurb title=&#8220;Ivana Maresic&#8220; _builder_version=&#8220;4.22.1&#8243; _module_preset=&#8220;default&#8220; header_font=&#8220;Rubik||||||||&#8220; header_text_align=&#8220;center&#8220; header_text_color=&#8220;#FFFFFF&#8220; header_font_size=&#8220;25px&#8220; body_font=&#8220;|600|||||||&#8220; body_text_align=&#8220;justify&#8220; body_text_color=&#8220;#FFFFFF&#8220; body_font_size=&#8220;12px&#8220; background_color=&#8220;#0C71C3&#8243; locked=&#8220;off&#8220; global_colors_info=&#8220;{}&#8220;]<\/p>\n<p style=\"text-align: center;\">Schulassistentin<\/p>\n<p>[\/et_pb_blurb][\/et_pb_column][et_pb_column type=&#8220;1_4&#8243; _builder_version=&#8220;4.22.1&#8243; _module_preset=&#8220;default&#8220; global_colors_info=&#8220;{}&#8220;][et_pb_blurb title=&#8220;Sandra Steinkellner &#8211; Pessl&#8220; image=&#8220;https:\/\/www.szdf.at\/vsw\/wp-content\/uploads\/2023\/08\/Sandra-Steinkellner-PesslcDF-Mias-Photoart-1.jpg&#8220; _builder_version=&#8220;4.17.4&#8243; _module_preset=&#8220;default&#8220; header_font=&#8220;Rubik||||||||&#8220; header_text_align=&#8220;center&#8220; header_text_color=&#8220;#FFFFFF&#8220; header_font_size=&#8220;25px&#8220; body_font=&#8220;|600|||||||&#8220; body_text_align=&#8220;justify&#8220; body_text_color=&#8220;#FFFFFF&#8220; body_font_size=&#8220;12px&#8220; background_color=&#8220;#1FE0BA&#8220; locked=&#8220;off&#8220; global_colors_info=&#8220;{}&#8220;]<\/p>\n<p style=\"text-align: center;\">Reinigungskraft<\/p>\n<p>[\/et_pb_blurb][\/et_pb_column][\/et_pb_row][\/et_pb_section]<\/p>\n","protected":false},"excerpt":{"rendered":"<p>Klassenlehrer | Bereichsleitung der VS Waldstein Klassenlehrerin Lehrerin kath. Religion Sprachheillehrerin Technik und Design Bewegung und Sport (Schwimmen)SchulassistentinSchulassistentinReinigungskraft<\/p>\n","protected":false},"author":2,"featured_media":0,"parent":0,"menu_order":0,"comment_status":"closed","ping_status":"open","template":"","meta":{"_et_pb_use_builder":"on","_et_pb_old_content":"<!-- wp:paragraph -->\n<p>Dies ist eine Beispiel-Seite. Sie unterscheidet sich von Beitr\u00e4gen, da sie stets an derselben Stelle bleibt und (bei den meisten Themes) in der Website-Navigation angezeigt wird. Die meisten starten mit einem Impressum, der Datenschutzerkl\u00e4rung oder einer \u201e\u00dcber&nbsp;uns\u201c-Seite, um sich potenziellen Besuchern der Website vorzustellen. Dort k\u00f6nnte zum Beispiel stehen:<\/p>\n<!-- \/wp:paragraph -->\n\n<!-- wp:quote -->\n<blockquote class=\"wp-block-quote\"><!-- wp:paragraph -->\n<p>Hallo! Tags\u00fcber arbeite ich als Fahrradkurier, nachts bin ich ein aufstrebender Schauspieler und dies hier ist meine Website. Ich lebe in Berlin, habe einen gro\u00dfen Hund namens Jack, mag Pi\u00f1a Coladas, jedoch weniger (ohne Schirm) im Regen stehen gelassen zu werden.<\/p>\n<!-- \/wp:paragraph --><\/blockquote>\n<!-- \/wp:quote -->\n\n<!-- wp:paragraph -->\n<p>...oder so etwas wie das hier:<\/p>\n<!-- \/wp:paragraph -->\n\n<!-- wp:quote -->\n<blockquote class=\"wp-block-quote\"><!-- wp:paragraph -->\n<p>Das Unternehmen XYZ wurde 1971 gegr\u00fcndet und versorgt die \u00d6ffentlichkeit seither mit qualitativ hochwertigen Produkten. An seinem Standort in einer kleinen Gro\u00dfstadt besch\u00e4ftigt der Betrieb \u00fcber 2.000 Menschen und unterst\u00fctzt die Stadtbewohner in vielfacher Hinsicht.<\/p>\n<!-- \/wp:paragraph --><\/blockquote>\n<!-- \/wp:quote -->\n\n<!-- wp:paragraph -->\n<p>Als neuer WordPress-Benutzer solltest du <a href=\"https:\/\/www.szdf.at\/vsw\/wp-admin\/\">dein Dashboard<\/a> aufrufen, um diese Seite zu l\u00f6schen und neue Seiten und Beitr\u00e4ge f\u00fcr deine Website erstellen. Viel Spa\u00df!<\/p>\n<!-- \/wp:paragraph -->","_et_gb_content_width":"","footnotes":""},"class_list":["post-98","page","type-page","status-publish","hentry"],"yoast_head":"<!-- This site is optimized with the Yoast SEO plugin v27.3 - https:\/\/yoast.com\/product\/yoast-seo-wordpress\/ -->\n<title>\u00dcber uns - Volksschule Waldstein<\/title>\n<meta name=\"robots\" content=\"index, follow, max-snippet:-1, max-image-preview:large, max-video-preview:-1\" \/>\n<link rel=\"canonical\" href=\"https:\/\/www.szdf.at\/vsw\/ueber-uns\/\" \/>\n<meta property=\"og:locale\" content=\"de_DE\" \/>\n<meta property=\"og:type\" content=\"article\" \/>\n<meta property=\"og:title\" content=\"\u00dcber uns - Volksschule Waldstein\" \/>\n<meta property=\"og:description\" content=\"Klassenlehrer | Bereichsleitung der VS Waldstein Klassenlehrerin Lehrerin kath. Religion Sprachheillehrerin Technik und Design Bewegung und Sport (Schwimmen)SchulassistentinSchulassistentinReinigungskraft\" \/>\n<meta property=\"og:url\" content=\"https:\/\/www.szdf.at\/vsw\/ueber-uns\/\" \/>\n<meta property=\"og:site_name\" content=\"Volksschule Waldstein\" \/>\n<meta property=\"article:modified_time\" content=\"2025-10-15T14:08:32+00:00\" \/>\n<meta name=\"twitter:card\" content=\"summary_large_image\" \/>\n<meta name=\"twitter:label1\" content=\"Gesch\u00e4tzte Lesezeit\" \/>\n\t<meta name=\"twitter:data1\" content=\"6\u00a0Minuten\" \/>\n<script type=\"application\/ld+json\" class=\"yoast-schema-graph\">{\"@context\":\"https:\\\/\\\/schema.org\",\"@graph\":[{\"@type\":\"WebPage\",\"@id\":\"https:\\\/\\\/www.szdf.at\\\/vsw\\\/ueber-uns\\\/\",\"url\":\"https:\\\/\\\/www.szdf.at\\\/vsw\\\/ueber-uns\\\/\",\"name\":\"\u00dcber uns - Volksschule Waldstein\",\"isPartOf\":{\"@id\":\"https:\\\/\\\/www.szdf.at\\\/vsw\\\/#website\"},\"datePublished\":\"2023-07-10T08:58:32+00:00\",\"dateModified\":\"2025-10-15T14:08:32+00:00\",\"breadcrumb\":{\"@id\":\"https:\\\/\\\/www.szdf.at\\\/vsw\\\/ueber-uns\\\/#breadcrumb\"},\"inLanguage\":\"de\",\"potentialAction\":[{\"@type\":\"ReadAction\",\"target\":[\"https:\\\/\\\/www.szdf.at\\\/vsw\\\/ueber-uns\\\/\"]}]},{\"@type\":\"BreadcrumbList\",\"@id\":\"https:\\\/\\\/www.szdf.at\\\/vsw\\\/ueber-uns\\\/#breadcrumb\",\"itemListElement\":[{\"@type\":\"ListItem\",\"position\":1,\"name\":\"Startseite\",\"item\":\"https:\\\/\\\/www.szdf.at\\\/vsw\\\/\"},{\"@type\":\"ListItem\",\"position\":2,\"name\":\"\u00dcber uns\"}]},{\"@type\":\"WebSite\",\"@id\":\"https:\\\/\\\/www.szdf.at\\\/vsw\\\/#website\",\"url\":\"https:\\\/\\\/www.szdf.at\\\/vsw\\\/\",\"name\":\"Volksschule Waldstein\",\"description\":\"Eine weitere WordPress-Website\",\"publisher\":{\"@id\":\"https:\\\/\\\/www.szdf.at\\\/vsw\\\/#organization\"},\"potentialAction\":[{\"@type\":\"SearchAction\",\"target\":{\"@type\":\"EntryPoint\",\"urlTemplate\":\"https:\\\/\\\/www.szdf.at\\\/vsw\\\/?s={search_term_string}\"},\"query-input\":{\"@type\":\"PropertyValueSpecification\",\"valueRequired\":true,\"valueName\":\"search_term_string\"}}],\"inLanguage\":\"de\"},{\"@type\":\"Organization\",\"@id\":\"https:\\\/\\\/www.szdf.at\\\/vsw\\\/#organization\",\"name\":\"Volksschule Waldstein\",\"url\":\"https:\\\/\\\/www.szdf.at\\\/vsw\\\/\",\"logo\":{\"@type\":\"ImageObject\",\"inLanguage\":\"de\",\"@id\":\"https:\\\/\\\/www.szdf.at\\\/vsw\\\/#\\\/schema\\\/logo\\\/image\\\/\",\"url\":\"https:\\\/\\\/www.szdf.at\\\/vsw\\\/wp-content\\\/uploads\\\/2023\\\/09\\\/cropped-logo.png\",\"contentUrl\":\"https:\\\/\\\/www.szdf.at\\\/vsw\\\/wp-content\\\/uploads\\\/2023\\\/09\\\/cropped-logo.png\",\"width\":512,\"height\":512,\"caption\":\"Volksschule Waldstein\"},\"image\":{\"@id\":\"https:\\\/\\\/www.szdf.at\\\/vsw\\\/#\\\/schema\\\/logo\\\/image\\\/\"}}]}<\/script>\n<!-- \/ Yoast SEO plugin. -->","yoast_head_json":{"title":"\u00dcber uns - Volksschule Waldstein","robots":{"index":"index","follow":"follow","max-snippet":"max-snippet:-1","max-image-preview":"max-image-preview:large","max-video-preview":"max-video-preview:-1"},"canonical":"https:\/\/www.szdf.at\/vsw\/ueber-uns\/","og_locale":"de_DE","og_type":"article","og_title":"\u00dcber uns - Volksschule Waldstein","og_description":"Klassenlehrer | Bereichsleitung der VS Waldstein Klassenlehrerin Lehrerin kath. Religion Sprachheillehrerin Technik und Design Bewegung und Sport (Schwimmen)SchulassistentinSchulassistentinReinigungskraft","og_url":"https:\/\/www.szdf.at\/vsw\/ueber-uns\/","og_site_name":"Volksschule Waldstein","article_modified_time":"2025-10-15T14:08:32+00:00","twitter_card":"summary_large_image","twitter_misc":{"Gesch\u00e4tzte Lesezeit":"6\u00a0Minuten"},"schema":{"@context":"https:\/\/schema.org","@graph":[{"@type":"WebPage","@id":"https:\/\/www.szdf.at\/vsw\/ueber-uns\/","url":"https:\/\/www.szdf.at\/vsw\/ueber-uns\/","name":"\u00dcber uns - Volksschule Waldstein","isPartOf":{"@id":"https:\/\/www.szdf.at\/vsw\/#website"},"datePublished":"2023-07-10T08:58:32+00:00","dateModified":"2025-10-15T14:08:32+00:00","breadcrumb":{"@id":"https:\/\/www.szdf.at\/vsw\/ueber-uns\/#breadcrumb"},"inLanguage":"de","potentialAction":[{"@type":"ReadAction","target":["https:\/\/www.szdf.at\/vsw\/ueber-uns\/"]}]},{"@type":"BreadcrumbList","@id":"https:\/\/www.szdf.at\/vsw\/ueber-uns\/#breadcrumb","itemListElement":[{"@type":"ListItem","position":1,"name":"Startseite","item":"https:\/\/www.szdf.at\/vsw\/"},{"@type":"ListItem","position":2,"name":"\u00dcber uns"}]},{"@type":"WebSite","@id":"https:\/\/www.szdf.at\/vsw\/#website","url":"https:\/\/www.szdf.at\/vsw\/","name":"Volksschule Waldstein","description":"Eine weitere WordPress-Website","publisher":{"@id":"https:\/\/www.szdf.at\/vsw\/#organization"},"potentialAction":[{"@type":"SearchAction","target":{"@type":"EntryPoint","urlTemplate":"https:\/\/www.szdf.at\/vsw\/?s={search_term_string}"},"query-input":{"@type":"PropertyValueSpecification","valueRequired":true,"valueName":"search_term_string"}}],"inLanguage":"de"},{"@type":"Organization","@id":"https:\/\/www.szdf.at\/vsw\/#organization","name":"Volksschule Waldstein","url":"https:\/\/www.szdf.at\/vsw\/","logo":{"@type":"ImageObject","inLanguage":"de","@id":"https:\/\/www.szdf.at\/vsw\/#\/schema\/logo\/image\/","url":"https:\/\/www.szdf.at\/vsw\/wp-content\/uploads\/2023\/09\/cropped-logo.png","contentUrl":"https:\/\/www.szdf.at\/vsw\/wp-content\/uploads\/2023\/09\/cropped-logo.png","width":512,"height":512,"caption":"Volksschule Waldstein"},"image":{"@id":"https:\/\/www.szdf.at\/vsw\/#\/schema\/logo\/image\/"}}]}},"_links":{"self":[{"href":"https:\/\/www.szdf.at\/vsw\/wp-json\/wp\/v2\/pages\/98","targetHints":{"allow":["GET"]}}],"collection":[{"href":"https:\/\/www.szdf.at\/vsw\/wp-json\/wp\/v2\/pages"}],"about":[{"href":"https:\/\/www.szdf.at\/vsw\/wp-json\/wp\/v2\/types\/page"}],"author":[{"embeddable":true,"href":"https:\/\/www.szdf.at\/vsw\/wp-json\/wp\/v2\/users\/2"}],"replies":[{"embeddable":true,"href":"https:\/\/www.szdf.at\/vsw\/wp-json\/wp\/v2\/comments?post=98"}],"version-history":[{"count":33,"href":"https:\/\/www.szdf.at\/vsw\/wp-json\/wp\/v2\/pages\/98\/revisions"}],"predecessor-version":[{"id":702,"href":"https:\/\/www.szdf.at\/vsw\/wp-json\/wp\/v2\/pages\/98\/revisions\/702"}],"wp:attachment":[{"href":"https:\/\/www.szdf.at\/vsw\/wp-json\/wp\/v2\/media?parent=98"}],"curies":[{"name":"wp","href":"https:\/\/api.w.org\/{rel}","templated":true}]}}